{"id":11387,"date":"2022-11-07T16:37:41","date_gmt":"2022-11-07T15:37:41","guid":{"rendered":"https:\/\/dev.stadtwerke-landshut.de\/?page_id=11387"},"modified":"2025-05-21T13:39:15","modified_gmt":"2025-05-21T11:39:15","slug":"energiepreise","status":"publish","type":"page","link":"https:\/\/dev.stadtwerke-landshut.de\/es\/energiepreise\/","title":{"rendered":"Energiepreise und aktuelle Informationen"},"content":{"rendered":"<div class=\"wpb-content-wrapper\"><div class=\"vc_row wpb_row vc_row-fluid\"><div class=\"wpb_column vc_column_container vc_col-sm-12\"><div class=\"vc_column-inner\"><div class=\"wpb_wrapper\">\n\t<div class=\"wpb_text_column wpb_content_element ankerlinks\" >\n\t\t<div class=\"wpb_wrapper\">\n\t\t\t<p>Auf dieser Seite finden Sie <a href=\"#1\">\u00bb aktuelle Informationen<\/a> rund um die\u00a0 <a href=\"#3\">\u00bb Energiemarktlage<\/a> sowie zur <a href=\"#2\">\u00bb Abschlagsh\u00f6he<\/a> y <a href=\"#4\">\u00bb Tipps zum Energiesparen<\/a>.<\/p>\n\n\t\t<\/div>\n\t<\/div>\n<\/div><\/div><\/div><\/div><div id=\"1\" class=\"vc_row wpb_row vc_row-fluid\"><div class=\"wpb_column vc_column_container vc_col-sm-12\"><div class=\"vc_column-inner\"><div class=\"wpb_wrapper\"><div class=\"ult-spacer spacer-69f61f9f5df3d\" data-id=\"69f61f9f5df3d\" data-height=\"30\" data-height-mobile=\"30\" data-height-tab=\"30\" data-height-tab-portrait=\"\" data-height-mobile-landscape=\"\" style=\"clear:both;display:block;\"><\/div>\n\t<div class=\"wpb_text_column wpb_content_element\" >\n\t\t<div class=\"wpb_wrapper\">\n\t\t\t<p>Die Energiepreise und die damit verbundenen staatlichen Ma\u00dfnahmen erfahren seit geraumer Zeit laufend \u00c4nderungen.\u00a0 Auf dieser Seite m\u00f6chten wir Sie mit Informationen rund um die Energiemarktlage auf dem Laufenden halten. Au\u00dferdem erhalten Sie Tipps zum Energiesparen und welche Unterst\u00fctzungs- und Beratungsm\u00f6glichkeiten Sie bei Bedarf nutzen k\u00f6nnen.<\/p>\n\n\t\t<\/div>\n\t<\/div>\n<div class=\"ult-spacer spacer-69f61f9f5e008\" data-id=\"69f61f9f5e008\" data-height=\"30\" data-height-mobile=\"30\" data-height-tab=\"30\" data-height-tab-portrait=\"\" data-height-mobile-landscape=\"\" style=\"clear:both;display:block;\"><\/div><\/div><\/div><\/div><\/div><div id=\"2\" data-vc-full-width=\"true\" data-vc-full-width-temp=\"true\" data-vc-full-width-init=\"false\" class=\"vc_row wpb_row vc_row-fluid no-padding\"><div class=\"wpb_column vc_column_container vc_col-sm-12\"><div class=\"vc_column-inner\"><div class=\"wpb_wrapper\"><div class=\"vc_row wpb_row vc_inner vc_row-fluid\"><div class=\"wpb_column vc_column_container vc_col-sm-4\"><div class=\"vc_column-inner\"><div class=\"wpb_wrapper\"><div class=\"ult-spacer spacer-69f61f9f5e65d\" data-id=\"69f61f9f5e65d\" data-height=\"30\" data-height-mobile=\"30\" data-height-tab=\"30\" data-height-tab-portrait=\"\" data-height-mobile-landscape=\"\" style=\"clear:both;display:block;\"><\/div>\n\t<div  class=\"wpb_single_image wpb_content_element vc_align_left wpb_content_element\">\n\t\t\n\t\t<figure class=\"wpb_wrapper vc_figure\">\n\t\t\t<div class=\"vc_single_image-wrapper   vc_box_border_grey\"><img loading=\"lazy\" decoding=\"async\" width=\"1600\" height=\"938\" src=\"https:\/\/dev.stadtwerke-landshut.de\/wp-content\/uploads\/Jahresrechnung.jpg\" class=\"vc_single_image-img attachment-full\" alt=\"Symbolbild f\u00fcr Jahresabrechnung\" title=\"Stromkosten Jahresabrechnung\" srcset=\"https:\/\/dev.stadtwerke-landshut.de\/wp-content\/uploads\/Jahresrechnung.jpg 1600w, https:\/\/dev.stadtwerke-landshut.de\/wp-content\/uploads\/Jahresrechnung-300x176.jpg 300w, https:\/\/dev.stadtwerke-landshut.de\/wp-content\/uploads\/Jahresrechnung-1024x600.jpg 1024w, https:\/\/dev.stadtwerke-landshut.de\/wp-content\/uploads\/Jahresrechnung-768x450.jpg 768w, https:\/\/dev.stadtwerke-landshut.de\/wp-content\/uploads\/Jahresrechnung-1536x900.jpg 1536w, https:\/\/dev.stadtwerke-landshut.de\/wp-content\/uploads\/Jahresrechnung-18x12.jpg 18w\" sizes=\"auto, (max-width: 1600px) 100vw, 1600px\" \/><\/div>\n\t\t<\/figure>\n\t<\/div>\n<div class=\"ult-spacer spacer-69f61f9f5eaf1\" data-id=\"69f61f9f5eaf1\" data-height=\"30\" data-height-mobile=\"30\" data-height-tab=\"30\" data-height-tab-portrait=\"\" data-height-mobile-landscape=\"\" style=\"clear:both;display:block;\"><\/div><\/div><\/div><\/div><div class=\"wpb_column vc_column_container vc_col-sm-8\"><div class=\"vc_column-inner\"><div class=\"wpb_wrapper\"><div class=\"ult-spacer spacer-69f61f9f5ec1f\" data-id=\"69f61f9f5ec1f\" data-height=\"30\" data-height-mobile=\"0\" data-height-tab=\"\" data-height-tab-portrait=\"\" data-height-mobile-landscape=\"0\" style=\"clear:both;display:block;\"><\/div><h2 style=\"text-align: left\" class=\"vc_custom_heading vc_do_custom_heading grau\" >So berechnen wir Ihre monatlichen Abschl\u00e4ge<\/h2>\n\t<div class=\"wpb_text_column wpb_content_element\" >\n\t\t<div class=\"wpb_wrapper\">\n\t\t\t<p>Der monatliche Abschlag, den Sie an die Stadtwerke zahlen, berechnet sich aus Ihrem voraussichtlichen Jahresverbrauch f\u00fcr Strom und\/oder Erdgas\/Fernw\u00e4rme\/Wasser\/Schmutzwasser und den aktuell g\u00fcltigen Preisen. F\u00fcr die Berechnung Ihres voraussichtlichen Verbrauchs ist der Verbrauch des Vorjahrs der Ma\u00dfstab. Der Energieverbrauch ist abh\u00e4ngig von der Wohnfl\u00e4che, der Geb\u00e4udeh\u00fclle und der Anzahl im Haushalt lebenden Personen.<br \/>\nDie gesch\u00e4tzten Kosten eines Jahresverbrauchs teilen wir durch elf Abschl\u00e4ge, die Sie als monatliche Teilzahlung leisten. Mit der Jahresrechnung am Jahresende verrechnen wir die geleisteten Teilzahlungen mit Ihrem tats\u00e4chlichen Verbrauch. Waren die vorangegangenen Abschlagszahlungen zu hoch, erhalten Sie eine Gutschrift. Waren die Abschlagszahlungen zu niedrig, wird eine Nachzahlung f\u00e4llig. In jedem Fall k\u00f6nnen Sie sicher sein, dass Sie nur f\u00fcr das zahlen, die Sie tats\u00e4chlich verbraucht haben.<\/p>\n\n\t\t<\/div>\n\t<\/div>\n<div class=\"ult-spacer spacer-69f61f9f5eec0\" data-id=\"69f61f9f5eec0\" data-height=\"30\" data-height-mobile=\"30\" data-height-tab=\"30\" data-height-tab-portrait=\"\" data-height-mobile-landscape=\"\" style=\"clear:both;display:block;\"><\/div><div class=\"ult_exp_section_layer ult-adjust-bottom-margin no-margin\" >\n\t\t<div id=\"uvc-exp-wrap-5407\" role=\"button\" tabindex=\"0\" aria-pressed=\"false\"  data-ultimate-target='#uvc-exp-wrap-5407'  data-responsive-json-new='{\"font-size\":\"desktop:22px;\",\"line-height\":\"desktop:24px;\"}'  class=\"ult_exp_section  ult-responsive\" style=\"color:#006fb4;background-color:#e6eef9; font-weight:normal; padding:0px;text-align:center;\" data-textcolor=\"#006fb4\"data-texthover=\"#006fb4\"data-icncolor=\"#006fb4\"data-ihover=\"#333333\"data-height=\"0\"data-cntbg=\"#e6eef9\"data-cnthvrbg=\"#e6eef9\"data-headerbg=\"#e6eef9\"data-headerhover=\"#e6eef9\"data-title=\"Wie wird der Erdgas-Verbrauch bei Preis\u00e4nderungen berechnet?\"data-newtitle=\"Wie wird der Erdgas-Verbrauch bei Preis\u00e4nderungen berechnet?\"data-icon=\"Defaults-caret-right\"data-newicon=\"Defaults-caret-down\"data-activeicon=\"#006fb4\"data-effect=\"slideToggle\"data-override=\"0\"data-activetitle=\"#006fb4\"data-activebg=\"#e6eef9\"data-img=\"\"data-newimg=\"\"><div class=\"ult_exp_section-main ult_expleft_icon\">\t<div class=\"ult-just-icon-wrapper ult_exp_icon\">\n\t\t\t\t\t<div class=\"align-icon\">\n\t\t\t\t\t\t\n<span class=\"aio-icon  none  ult_expsection_icon\"  style=\"color:#006fb4;font-size:22px;\">\n\t<i class=\"Defaults-caret-right ult_ex_icon\"  ><\/i>\n<\/span>\n\t\t\t\t\t<\/div>\n\t\t\t\t<\/div>\n\t\t\t\t<div class=\"ult_expheader\" >Wie wird der Erdgas-Verbrauch bei Preis\u00e4nderungen berechnet?\n\t\t\t\t<\/div>\n\t\t\t<\/div>\n\t\t<\/div><div class=\"ult_exp_content\" style=\"background-color:#dbdbdb;padding:0px;margin:0px;\"><div class=\"ult_ecpsub_cont\" style=\" \" >\n\t<div class=\"wpb_text_column wpb_content_element\" >\n\t\t<div class=\"wpb_wrapper\">\n\t\t\t<p>Bei unterj\u00e4hrigen Preis\u00e4nderungen werden die Abrechnungszeitspannen unterteilt. Ablesewerte k\u00f6nnen bei Preisanpassungen von den Kunden zum Stichtag der \u00c4nderung mitgeteilt werden, ist aber nicht zwingend notwendig. Denn in diesem Fall wird die Gasabrechnung nach dem DVGW-Arbeitsblatt 685 \u201eGasabrechnung\u201c durchgef\u00fchrt.<\/p>\n<p>Die in diesem umfangreichen Werk festgelegten Verfahren sind mit den Landesbeh\u00f6rden f\u00fcr das Eichwesen und der Physikalisch-Technischen Bundesanstalt abgestimmt und entsprechen den Bestimmungen des Eichrechts.<\/p>\n<p>Vereinfacht erkl\u00e4rt, wird bei unterschiedlichen Abrechnungszeitspannen innerhalb eines Abrechnungszeitraumes pro Monat ein Gewichtungsfaktor f\u00fcr den Gesamtverbrauch hinterlegt. Der Gewichtungsfaktor ist jeden Monat und jedes Jahr anders. Er h\u00e4ngt von verschiedenen Faktoren ab, unter anderem von der Gesamtmenge des Erdgases, das von allen Standardlastprofil-Kunden verbraucht wird, vom Brennwert sowie der Zusandszahl z des Erdgases und von den witterungsbedingten Temperaturen. So ist der Gewichtungsfaktor in den kalten Wintermonaten wesentlich h\u00f6her als in den warmen Sommermonaten.<\/p>\n<p>In der Jahresabrechnung werden die unterschiedlichen Abrechnungszeitspannen mit ihrem Verbrauch einzeln ausgewiesen.<\/p>\n\n\t\t<\/div>\n\t<\/div>\n<\/div><\/div>\n\n\t\t\t<\/div><div class=\"ult-spacer spacer-69f61f9f5f13c\" data-id=\"69f61f9f5f13c\" data-height=\"30\" data-height-mobile=\"30\" data-height-tab=\"30\" data-height-tab-portrait=\"\" data-height-mobile-landscape=\"\" style=\"clear:both;display:block;\"><\/div><\/div><\/div><\/div><\/div><\/div><\/div><\/div><\/div><div class=\"vc_row-full-width vc_clearfix\"><\/div><div id=\"3\" data-vc-full-width=\"true\" data-vc-full-width-temp=\"true\" data-vc-full-width-init=\"false\" class=\"vc_row wpb_row vc_row-fluid hg-lichtgrau no-padding\"><div class=\"wpb_column vc_column_container vc_col-sm-8\"><div class=\"vc_column-inner\"><div class=\"wpb_wrapper\"><div class=\"ult-spacer spacer-69f61f9f5f468\" data-id=\"69f61f9f5f468\" data-height=\"30\" data-height-mobile=\"30\" data-height-tab=\"30\" data-height-tab-portrait=\"\" data-height-mobile-landscape=\"\" style=\"clear:both;display:block;\"><\/div><h2 style=\"text-align: left\" class=\"vc_custom_heading vc_do_custom_heading grau\" >Energiemarktlage<\/h2><div class=\"ult-spacer spacer-69f61f9f5f56a\" data-id=\"69f61f9f5f56a\" data-height=\"30\" data-height-mobile=\"30\" data-height-tab=\"30\" data-height-tab-portrait=\"\" data-height-mobile-landscape=\"\" style=\"clear:both;display:block;\"><\/div>\n\t<div class=\"wpb_text_column wpb_content_element\" >\n\t\t<div class=\"wpb_wrapper\">\n\t\t\t<p>Grunds\u00e4tzlich setzen sich Energiekosten ma\u00dfgeblich aus drei Teilbereiche zusammen: Den Netz- und Messentgelten, den staatlich veranlassten Steuern, Abgaben und Umlagen sowie Kosten f\u00fcr Beschaffung und Vertrieb. Netz- und Messentgelte sowie die staatlich veranlassten Kostenbestandteile werden zentral festgelegt. Die Kosten f\u00fcr die Energiebeschaffung unterliegt den Marktbewegungen. Der Energiemarkt reagiert immer wieder sehr sensibel mit Preisspr\u00fcngen auf ungewisse Situationen und politische Ereignisse.<\/p>\n\n\t\t<\/div>\n\t<\/div>\n<div class=\"ult-spacer spacer-69f61f9f5f63b\" data-id=\"69f61f9f5f63b\" data-height=\"30\" data-height-mobile=\"30\" data-height-tab=\"30\" data-height-tab-portrait=\"\" data-height-mobile-landscape=\"\" style=\"clear:both;display:block;\"><\/div><div class=\"ult_exp_section_layer ult-adjust-bottom-margin no-margin\" >\n\t\t<div id=\"uvc-exp-wrap-2273\" role=\"button\" tabindex=\"0\" aria-pressed=\"false\"  data-ultimate-target='#uvc-exp-wrap-2273'  data-responsive-json-new='{\"font-size\":\"desktop:22px;\",\"line-height\":\"desktop:24px;\"}'  class=\"ult_exp_section  ult-responsive\" style=\"color:#006fb4;background-color:#e6eef9; font-weight:normal; padding:0px;text-align:center;\" data-textcolor=\"#006fb4\"data-texthover=\"#006fb4\"data-icncolor=\"#006fb4\"data-ihover=\"#333333\"data-height=\"0\"data-cntbg=\"#e6eef9\"data-cnthvrbg=\"#e6eef9\"data-headerbg=\"#e6eef9\"data-headerhover=\"#e6eef9\"data-title=\"Was sind die Hintergr\u00fcnde bei einer Preis\u00e4nderung?\"data-newtitle=\"Was sind die Hintergr\u00fcnde bei einer Preis\u00e4nderung?\"data-icon=\"Defaults-caret-right\"data-newicon=\"Defaults-caret-down\"data-activeicon=\"#006fb4\"data-effect=\"slideToggle\"data-override=\"0\"data-activetitle=\"#006fb4\"data-activebg=\"#e6eef9\"data-img=\"\"data-newimg=\"\"><div class=\"ult_exp_section-main ult_expleft_icon\">\t<div class=\"ult-just-icon-wrapper ult_exp_icon\">\n\t\t\t\t\t<div class=\"align-icon\">\n\t\t\t\t\t\t\n<span class=\"aio-icon  none  ult_expsection_icon\"  style=\"color:#006fb4;font-size:22px;\">\n\t<i class=\"Defaults-caret-right ult_ex_icon\"  ><\/i>\n<\/span>\n\t\t\t\t\t<\/div>\n\t\t\t\t<\/div>\n\t\t\t\t<div class=\"ult_expheader\" >Was sind die Hintergr\u00fcnde bei einer Preis\u00e4nderung?\n\t\t\t\t<\/div>\n\t\t\t<\/div>\n\t\t<\/div><div class=\"ult_exp_content\" style=\"background-color:#dbdbdb;padding:0px;margin:0px;\"><div class=\"ult_ecpsub_cont\" style=\" \" >\n\t<div class=\"wpb_text_column wpb_content_element\" >\n\t\t<div class=\"wpb_wrapper\">\n\t\t\t<p>Den Stadtwerke Landshut ist es in den letzten Jahren immer wieder gelungen, mit einer vorausschauenden Beschaffungsstrategie Risiken zu minimieren. Erdgas und Strom werden \u00fcber mehrere Jahre im Voraus beschafft. Dadurch wirken sich Turbulenzen an den Handelsb\u00f6rsen nicht 1:1 auf Ihren Tarif aus, sondern werden \u00fcber einen l\u00e4ngeren Zeitraum gegl\u00e4ttet. Dies f\u00fchrt einerseits dazu, dass wir fallende Preise nicht sofort weitergeben k\u00f6nnen, in Zeiten von stark steigenden Preisen aber d\u00e4mpft diese Strategie auch die stark gestiegenen Gro\u00dfhandelspreise.<\/p>\n<p>Der Strompreis f\u00fcr Endverbraucher setzt sich im Wesentlichen aus drei Kostenpositionen zusammen, die regelm\u00e4\u00dfig, meist zum Jahreswechsel, einer Anpassung unterworfen sind:<\/p>\n<ul>\n<li>Steuern und Abgaben (rund 30 Prozent)<\/li>\n<li>regulierte Netzentgelte (rund 29 Prozent)<\/li>\n<li>Strombeschaffung, Vertrieb, Service (rund 41 Prozent)<\/li>\n<\/ul>\n\n\t\t<\/div>\n\t<\/div>\n<\/div><\/div>\n\n\t\t\t<\/div><div class=\"ult_exp_section_layer ult-adjust-bottom-margin no-margin\" >\n\t\t<div id=\"uvc-exp-wrap-1040\" role=\"button\" tabindex=\"0\" aria-pressed=\"false\"  data-ultimate-target='#uvc-exp-wrap-1040'  data-responsive-json-new='{\"font-size\":\"desktop:22px;\",\"line-height\":\"desktop:24px;\"}'  class=\"ult_exp_section  ult-responsive\" style=\"color:#006fb4;background-color:#e6eef9; font-weight:normal; padding:0px;text-align:center;\" data-textcolor=\"#006fb4\"data-texthover=\"#006fb4\"data-icncolor=\"#006fb4\"data-ihover=\"#333333\"data-height=\"0\"data-cntbg=\"#e6eef9\"data-cnthvrbg=\"#e6eef9\"data-headerbg=\"#e6eef9\"data-headerhover=\"#e6eef9\"data-title=\"Steigen die Strom- und Gaspreise weiter?\"data-newtitle=\"Steigen die Strom- und Gaspreise weiter?\"data-icon=\"Defaults-caret-right\"data-newicon=\"Defaults-caret-down\"data-activeicon=\"#006fb4\"data-effect=\"slideToggle\"data-override=\"0\"data-activetitle=\"#006fb4\"data-activebg=\"#e6eef9\"data-img=\"\"data-newimg=\"\"><div class=\"ult_exp_section-main ult_expleft_icon\">\t<div class=\"ult-just-icon-wrapper ult_exp_icon\">\n\t\t\t\t\t<div class=\"align-icon\">\n\t\t\t\t\t\t\n<span class=\"aio-icon  none  ult_expsection_icon\"  style=\"color:#006fb4;font-size:22px;\">\n\t<i class=\"Defaults-caret-right ult_ex_icon\"  ><\/i>\n<\/span>\n\t\t\t\t\t<\/div>\n\t\t\t\t<\/div>\n\t\t\t\t<div class=\"ult_expheader\" >Steigen die Strom- und Gaspreise weiter?\n\t\t\t\t<\/div>\n\t\t\t<\/div>\n\t\t<\/div><div class=\"ult_exp_content\" style=\"background-color:#dbdbdb;padding:0px;margin:0px;\"><div class=\"ult_ecpsub_cont\" style=\" \" >\n\t<div class=\"wpb_text_column wpb_content_element\" >\n\t\t<div class=\"wpb_wrapper\">\n\t\t\t<p>Den Gaspreis halten die Stadtwerke Landshut indes sowohl beim Verbrauchspreis als auch beim Grundpreis bis auf Weiteres \u00fcber alle Tarife stabil. Ab 2025 steigen die Strompreise im Netzgebiet der Stadtwerke Landshut um 2,55 Cent (brutto) bei allen Tarifen (mit Ausnahme von Heizstrom), weil auch gesetzliche Umlagen steigen, die durch die Senkung der Netzentgelte und Messstellenbetriebskosten nicht vollst\u00e4ndig ausgeglichen werden k\u00f6nnen. Auch die h\u00f6heren Einkaufspreise aus den Vorjahren lassen die Beschaffungskosten ansteigen. In anderen Netzgebieten, also bei den Regio-Stromtarifen der Stadtwerke, kann die Preisanpassung aufgrund unterschiedlicher Netzentgelte anders als im Stadtgebiet ausfallen.<\/p>\n\n\t\t<\/div>\n\t<\/div>\n<\/div><\/div>\n\n\t\t\t<\/div><div class=\"ult-spacer spacer-69f61f9f5f890\" data-id=\"69f61f9f5f890\" data-height=\"30\" data-height-mobile=\"30\" data-height-tab=\"30\" data-height-tab-portrait=\"\" data-height-mobile-landscape=\"\" style=\"clear:both;display:block;\"><\/div><\/div><\/div><\/div><div class=\"wpb_column vc_column_container vc_col-sm-4\"><div class=\"vc_column-inner\"><div class=\"wpb_wrapper\"><div class=\"ult-spacer spacer-69f61f9f5f9d5\" data-id=\"69f61f9f5f9d5\" data-height=\"30\" data-height-mobile=\"0\" data-height-tab=\"\" data-height-tab-portrait=\"\" data-height-mobile-landscape=\"0\" style=\"clear:both;display:block;\"><\/div>\n\t<div  class=\"wpb_single_image wpb_content_element vc_align_left wpb_content_element\">\n\t\t\n\t\t<figure class=\"wpb_wrapper vc_figure\">\n\t\t\t<div class=\"vc_single_image-wrapper   vc_box_border_grey\"><img loading=\"lazy\" decoding=\"async\" width=\"1600\" height=\"1063\" src=\"https:\/\/dev.stadtwerke-landshut.de\/wp-content\/uploads\/Energieboerse.jpg\" class=\"vc_single_image-img attachment-full\" alt=\"Symbolbild f\u00fcr Energieb\u00f6rse\" title=\"Power plant and oil tank, petrochemical industrial plant at nigh\" srcset=\"https:\/\/dev.stadtwerke-landshut.de\/wp-content\/uploads\/Energieboerse.jpg 1600w, https:\/\/dev.stadtwerke-landshut.de\/wp-content\/uploads\/Energieboerse-300x199.jpg 300w, https:\/\/dev.stadtwerke-landshut.de\/wp-content\/uploads\/Energieboerse-1024x680.jpg 1024w, https:\/\/dev.stadtwerke-landshut.de\/wp-content\/uploads\/Energieboerse-768x510.jpg 768w, https:\/\/dev.stadtwerke-landshut.de\/wp-content\/uploads\/Energieboerse-1536x1020.jpg 1536w, https:\/\/dev.stadtwerke-landshut.de\/wp-content\/uploads\/Energieboerse-18x12.jpg 18w\" sizes=\"auto, (max-width: 1600px) 100vw, 1600px\" \/><\/div>\n\t\t<\/figure>\n\t<\/div>\n<div class=\"ult-spacer spacer-69f61f9f5fd4b\" data-id=\"69f61f9f5fd4b\" data-height=\"30\" data-height-mobile=\"30\" data-height-tab=\"30\" data-height-tab-portrait=\"\" data-height-mobile-landscape=\"\" style=\"clear:both;display:block;\"><\/div><\/div><\/div><\/div><\/div><div class=\"vc_row-full-width vc_clearfix\"><\/div><div id=\"4\" data-vc-full-width=\"true\" data-vc-full-width-temp=\"true\" data-vc-full-width-init=\"false\" class=\"vc_row wpb_row vc_row-fluid\"><div class=\"wpb_column vc_column_container vc_col-sm-12\"><div class=\"vc_column-inner\"><div class=\"wpb_wrapper\"><div class=\"vc_row wpb_row vc_inner vc_row-fluid\"><div class=\"wpb_column vc_column_container vc_col-sm-4\"><div class=\"vc_column-inner\"><div class=\"wpb_wrapper\"><div class=\"ult-spacer spacer-69f61f9f6026d\" data-id=\"69f61f9f6026d\" data-height=\"30\" data-height-mobile=\"30\" data-height-tab=\"30\" data-height-tab-portrait=\"\" data-height-mobile-landscape=\"\" style=\"clear:both;display:block;\"><\/div>\n\t<div  class=\"wpb_single_image wpb_content_element vc_align_left wpb_content_element\">\n\t\t\n\t\t<figure class=\"wpb_wrapper vc_figure\">\n\t\t\t<div class=\"vc_single_image-wrapper   vc_box_border_grey\"><img loading=\"lazy\" decoding=\"async\" width=\"1600\" height=\"1067\" src=\"https:\/\/dev.stadtwerke-landshut.de\/wp-content\/uploads\/Energiespar-Schweinchen-Fotolia_51724468_L-1.jpg\" class=\"vc_single_image-img attachment-full\" alt=\"Frau spart Energie und spart dabei bares Geld\" title=\"Energiesparen\" srcset=\"https:\/\/dev.stadtwerke-landshut.de\/wp-content\/uploads\/Energiespar-Schweinchen-Fotolia_51724468_L-1.jpg 1600w, https:\/\/dev.stadtwerke-landshut.de\/wp-content\/uploads\/Energiespar-Schweinchen-Fotolia_51724468_L-1-600x400.jpg 600w, https:\/\/dev.stadtwerke-landshut.de\/wp-content\/uploads\/Energiespar-Schweinchen-Fotolia_51724468_L-1-300x200.jpg 300w, https:\/\/dev.stadtwerke-landshut.de\/wp-content\/uploads\/Energiespar-Schweinchen-Fotolia_51724468_L-1-768x512.jpg 768w, https:\/\/dev.stadtwerke-landshut.de\/wp-content\/uploads\/Energiespar-Schweinchen-Fotolia_51724468_L-1-1024x683.jpg 1024w\" sizes=\"auto, (max-width: 1600px) 100vw, 1600px\" \/><\/div>\n\t\t<\/figure>\n\t<\/div>\n<div class=\"ult-spacer spacer-69f61f9f605b1\" data-id=\"69f61f9f605b1\" data-height=\"30\" data-height-mobile=\"30\" data-height-tab=\"30\" data-height-tab-portrait=\"\" data-height-mobile-landscape=\"\" style=\"clear:both;display:block;\"><\/div><\/div><\/div><\/div><div class=\"wpb_column vc_column_container vc_col-sm-8\"><div class=\"vc_column-inner\"><div class=\"wpb_wrapper\"><div class=\"ult-spacer spacer-69f61f9f606cb\" data-id=\"69f61f9f606cb\" data-height=\"30\" data-height-mobile=\"0\" data-height-tab=\"\" data-height-tab-portrait=\"\" data-height-mobile-landscape=\"0\" style=\"clear:both;display:block;\"><\/div><h2 style=\"text-align: left\" class=\"vc_custom_heading vc_do_custom_heading grau\" >Energiespartipps und Unterst\u00fctzungsangebote<\/h2><div class=\"ult-spacer spacer-69f61f9f607ca\" data-id=\"69f61f9f607ca\" data-height=\"30\" data-height-mobile=\"30\" data-height-tab=\"30\" data-height-tab-portrait=\"\" data-height-mobile-landscape=\"\" style=\"clear:both;display:block;\"><\/div>\n\t<div class=\"wpb_text_column wpb_content_element\" >\n\t\t<div class=\"wpb_wrapper\">\n\t\t\t<p>Unabh\u00e4ngig von den Energiepreisen ist es immer sinnvoll, sparsam mit Energie umzugehen. In fast jedem Haushalt gibt es M\u00f6glichkeiten, Energie einzusparen \u2013 zum Beispiel die Heizung herunterdrehen, wenn niemand zu Hause ist, Sto\u00dfl\u00fcften und beim Duschen auf Dauer und Temperatur achten. Zudem sollte jeder \u00fcberlegen, ob es nicht auch ein oder zwei Grad weniger im Zimmer tun. Jedes Grad weniger heizen verbraucht sechs Prozent weniger Energie und Geld &#8211; denn jede eingesparte Kilowattstunde schont auch den eigenen Geldbeutel.<\/p>\n<p>Sollten Sie Probleme haben, Ihren monatlichen Abschlag zu begleichen, nehmen Sie bitte Kontakt mit uns auf. Wir finden in den allermeisten F\u00e4llen eine L\u00f6sung, mit der beide Seiten leben k\u00f6nnen. Zudem k\u00f6nnen Sie\u00a0Hilfsangebote nutzen, wie die kostenfreie Schuldner- und Insolvenzberatung des Diakonischen Werks Landshut, Telefon 0871\/6092301. Auch das Sozialamt die Arbeitsagentur (Jobcenter) k\u00f6nnen Sie gegebenenfalls unterst\u00fctzen.<\/p>\n<p><a href=\"https:\/\/dev.stadtwerke-landshut.de\/es\/energie\/energiedienste\/\">weitere Energiespartipps<\/a><\/p>\n\n\t\t<\/div>\n\t<\/div>\n<div class=\"ult-spacer spacer-69f61f9f608a0\" data-id=\"69f61f9f608a0\" data-height=\"30\" data-height-mobile=\"30\" data-height-tab=\"30\" data-height-tab-portrait=\"\" data-height-mobile-landscape=\"\" style=\"clear:both;display:block;\"><\/div><\/div><\/div><\/div><\/div><\/div><\/div><\/div><\/div><div class=\"vc_row-full-width vc_clearfix\"><\/div>\n<\/div>","protected":false},"excerpt":{"rendered":"Auf dieser Seite finden Sie \u00bb aktuelle Informationen rund um die\u00a0 \u00bb Energiemarktlage sowie zur \u00bb Abschlagsh\u00f6he und \u00bb Tipps zum Energiesparen. Die Energiepreise und die damit verbundenen staatlichen Ma\u00dfnahmen [...]","protected":false},"author":11,"featured_media":11406,"parent":0,"menu_order":0,"comment_status":"closed","ping_status":"closed","template":"","meta":{"_relevanssi_hide_post":"","_relevanssi_hide_content":"","_relevanssi_pin_for_all":"","_relevanssi_pin_keywords":"","_relevanssi_unpin_keywords":"","_relevanssi_related_keywords":"","_relevanssi_related_include_ids":"","_relevanssi_related_exclude_ids":"","_relevanssi_related_no_append":"","_relevanssi_related_not_related":"","_relevanssi_related_posts":"","_relevanssi_noindex_reason":"","footnotes":""},"class_list":["post-11387","page","type-page","status-publish","has-post-thumbnail","hentry"],"publishpress_future_action":{"enabled":false,"date":"2026-05-09 18:00:31","action":"change-status","newStatus":"draft","terms":[],"taxonomy":"","extraData":[]},"publishpress_future_workflow_manual_trigger":{"enabledWorkflows":[]},"_links":{"self":[{"href":"https:\/\/dev.stadtwerke-landshut.de\/es\/wp-json\/wp\/v2\/pages\/11387","targetHints":{"allow":["GET"]}}],"collection":[{"href":"https:\/\/dev.stadtwerke-landshut.de\/es\/wp-json\/wp\/v2\/pages"}],"about":[{"href":"https:\/\/dev.stadtwerke-landshut.de\/es\/wp-json\/wp\/v2\/types\/page"}],"author":[{"embeddable":true,"href":"https:\/\/dev.stadtwerke-landshut.de\/es\/wp-json\/wp\/v2\/users\/11"}],"replies":[{"embeddable":true,"href":"https:\/\/dev.stadtwerke-landshut.de\/es\/wp-json\/wp\/v2\/comments?post=11387"}],"version-history":[{"count":52,"href":"https:\/\/dev.stadtwerke-landshut.de\/es\/wp-json\/wp\/v2\/pages\/11387\/revisions"}],"predecessor-version":[{"id":26727,"href":"https:\/\/dev.stadtwerke-landshut.de\/es\/wp-json\/wp\/v2\/pages\/11387\/revisions\/26727"}],"wp:featuredmedia":[{"embeddable":true,"href":"https:\/\/dev.stadtwerke-landshut.de\/es\/wp-json\/wp\/v2\/media\/11406"}],"wp:attachment":[{"href":"https:\/\/dev.stadtwerke-landshut.de\/es\/wp-json\/wp\/v2\/media?parent=11387"}],"curies":[{"name":"wp","href":"https:\/\/api.w.org\/{rel}","templated":true}]}}