{"id":2209,"date":"2019-08-26T09:37:40","date_gmt":"2019-08-26T07:37:40","guid":{"rendered":"https:\/\/dev.stadtwerke-landshut.de\/?page_id=2209"},"modified":"2025-06-09T12:17:39","modified_gmt":"2025-06-09T10:17:39","slug":"mobilitaet","status":"publish","type":"page","link":"https:\/\/dev.stadtwerke-landshut.de\/es\/geschaeftskundenbereich\/mobilitaet\/","title":{"rendered":"movilidad"},"content":{"rendered":"<div class=\"wpb-content-wrapper\"><div class=\"vc_row wpb_row vc_row-fluid\"><div class=\"wpb_column vc_column_container vc_col-sm-12\"><div class=\"vc_column-inner\"><div class=\"wpb_wrapper\">\n\t<div class=\"wpb_text_column wpb_content_element ankerlinks\" >\n\t\t<div class=\"wpb_wrapper\">\n\t\t\t<p>En esta p\u00e1gina encontrar\u00e1 todo sobre los temas.\u00a0<a href=\"#2\">\u00bbAlquiler de autobuses<\/a> y <a href=\"#3\">\u00bbEstaciones de carga<\/a> para empresas<\/p>\n\n\t\t<\/div>\n\t<\/div>\n<\/div><\/div><\/div><\/div><div class=\"vc_row wpb_row vc_row-fluid no-padding\"><div class=\"wpb_column vc_column_container vc_col-sm-12\"><div class=\"vc_column-inner\"><div class=\"wpb_wrapper\"><div class=\"ult-spacer spacer-69f63fca9ef61\" data-id=\"69f63fca9ef61\" data-height=\"30\" data-height-mobile=\"30\" data-height-tab=\"30\" data-height-tab-portrait=\"\" data-height-mobile-landscape=\"\" style=\"clear:both;display:block;\"><\/div><h2 style=\"text-align: left\" class=\"vc_custom_heading vc_do_custom_heading grau\" >Creando valor agregado para los empleados<\/h2>\n\t<div class=\"wpb_text_column wpb_content_element\" >\n\t\t<div class=\"wpb_wrapper\">\n\t\t\t<p>F\u00fcr Firmenevents, Meetings oder Standortbesichtigungen: Ein <a href=\"#2\">Fahrservice mit unseren Niederflurbussen<\/a> sorgt f\u00fcr einen komfortablen Transfer im Stadtgebiet.<br data-start=\"445\" data-end=\"448\" \/>Auch auf <a href=\"#3\">Ihrem Firmengel\u00e4nde bieten Ladem\u00f6glichkeiten f\u00fcr Elektrofahrzeuge<\/a> einen zus\u00e4tzlichen Service f\u00fcr Mitarbeitende und Besucher. In beiden Bereichen unterst\u00fctzen wir Ihr Unternehmen mit L\u00f6sungen. Rufen Sie uns gerne an oder schreiben Sie uns.<\/p>\n\n\t\t<\/div>\n\t<\/div>\n<div class=\"ult-spacer spacer-69f63fca9f231\" data-id=\"69f63fca9f231\" data-height=\"30\" data-height-mobile=\"30\" data-height-tab=\"30\" data-height-tab-portrait=\"\" data-height-mobile-landscape=\"\" style=\"clear:both;display:block;\"><\/div><\/div><\/div><\/div><\/div><div id=\"2\" data-vc-full-width=\"true\" data-vc-full-width-temp=\"true\" data-vc-full-width-init=\"false\" class=\"vc_row wpb_row vc_row-fluid tauschen hg-weiss\"><div class=\"reverse-row wpb_column vc_column_container vc_col-sm-4\"><div class=\"vc_column-inner\"><div class=\"wpb_wrapper\"><div class=\"ult-spacer spacer-69f63fca9f800\" data-id=\"69f63fca9f800\" data-height=\"30\" data-height-mobile=\"0\" data-height-tab=\"\" data-height-tab-portrait=\"\" data-height-mobile-landscape=\"0\" style=\"clear:both;display:block;\"><\/div>\n\t<div  class=\"wpb_single_image wpb_content_element vc_align_left wpb_content_element\">\n\t\t\n\t\t<figure class=\"wpb_wrapper vc_figure\">\n\t\t\t<div class=\"vc_single_image-wrapper   vc_box_border_grey\"><img loading=\"lazy\" decoding=\"async\" width=\"1200\" height=\"800\" src=\"https:\/\/dev.stadtwerke-landshut.de\/wp-content\/uploads\/Busse-front.png\" class=\"vc_single_image-img attachment-full\" alt=\"Linienbusse der Stadtwerke Landshut\" title=\"Front-der-Linienbusse\" srcset=\"https:\/\/dev.stadtwerke-landshut.de\/wp-content\/uploads\/Busse-front.png 1200w, https:\/\/dev.stadtwerke-landshut.de\/wp-content\/uploads\/Busse-front-300x200.png 300w, https:\/\/dev.stadtwerke-landshut.de\/wp-content\/uploads\/Busse-front-768x512.png 768w, https:\/\/dev.stadtwerke-landshut.de\/wp-content\/uploads\/Busse-front-1024x683.png 1024w, https:\/\/dev.stadtwerke-landshut.de\/wp-content\/uploads\/Busse-front-600x400.png 600w\" sizes=\"auto, (max-width: 1200px) 100vw, 1200px\" \/><\/div>\n\t\t<\/figure>\n\t<\/div>\n<div class=\"ult-spacer spacer-69f63fca9fc73\" data-id=\"69f63fca9fc73\" data-height=\"15\" data-height-mobile=\"15\" data-height-tab=\"15\" data-height-tab-portrait=\"\" data-height-mobile-landscape=\"\" style=\"clear:both;display:block;\"><\/div><h5 style=\"text-align: left\" class=\"vc_custom_heading vc_do_custom_heading blau\" >\u00bfTiene preguntas sobre el servicio de transporte?<\/h5><div class=\"ult-content-box-container hg-lichtgrau\" >\t\t<div class=\"ult-content-box\" style=\"box-shadow: 0px 0px 5px px rgba(0,0,0,0.15) ;border-style:solid;border-width:1px;border-color:#e5e5e5;padding:15px;-webkit-transition: all 700ms ease;-moz-transition: all 700ms ease;-ms-transition: all 700ms ease;-o-transition: all 700ms ease;transition: all 700ms ease;\"  data-hover_box_shadow=\"none\"     data-border_color=\"#e5e5e5\" >\n\t<div class=\"wpb_text_column wpb_content_element no-margin\" >\n\t\t<div class=\"wpb_wrapper\">\n\t\t\t<p><strong>contacto<\/strong><\/p>\n<p><strong>tel\u00e9fono:<\/strong> 0871 1436 2701<br \/>\n<strong>E-mail:<\/strong> <a href=\"mailto:verkehrsbetrieb@dev.stadtwerke-landshut.de\">verkehrsbetrieb@dev.stadtwerke-landshut.de<\/a><\/p>\n\n\t\t<\/div>\n\t<\/div>\n\t\t<\/div><\/div><div class=\"ult-spacer spacer-69f63fca9fecd\" data-id=\"69f63fca9fecd\" data-height=\"30\" data-height-mobile=\"30\" data-height-tab=\"30\" data-height-tab-portrait=\"\" data-height-mobile-landscape=\"\" style=\"clear:both;display:block;\"><\/div><\/div><\/div><\/div><div class=\"wpb_column vc_column_container vc_col-sm-8\"><div class=\"vc_column-inner\"><div class=\"wpb_wrapper\"><div class=\"ult-spacer spacer-69f63fcaa0020\" data-id=\"69f63fcaa0020\" data-height=\"30\" data-height-mobile=\"30\" data-height-tab=\"30\" data-height-tab-portrait=\"\" data-height-mobile-landscape=\"\" style=\"clear:both;display:block;\"><\/div><h3 style=\"text-align: left\" class=\"vc_custom_heading vc_do_custom_heading grau\" >Alquiler de autobuses: servicio de transporte barato con conductor de autob\u00fas<\/h3>\n\t<div class=\"wpb_text_column wpb_content_element\" >\n\t\t<div class=\"wpb_wrapper\">\n\t\t\t<p>A menudo, muchas personas tienen que ser transportadas de A a B a la vez. Por ejemplo, \u00bfest\u00e1s planeando una fiesta en Burg Trausnitz? Con nosotros obtendr\u00e1 para su evento el servicio de transporte adecuado, incluido el autob\u00fas y el conductor. Nuestros autobuses son ideales para grandes o peque\u00f1os eventos o excursiones en los alrededores.<\/p>\n<p>Puedes elegir entre:<\/p>\n<ul>\n<li>Bus articulado (max 110 personas)<\/li>\n<li>Autob\u00fas solo (m\u00e1ximo 60 personas)<\/li>\n<\/ul>\n<p>Los organizadores de eventos importantes tambi\u00e9n pueden confiar en nuestro conocimiento en t\u00e9rminos de tr\u00e1fico en la l\u00ednea de transporte y estacionamiento.<br \/>\nSimplemente env\u00edenos un correo electr\u00f3nico con los datos m\u00e1s importantes (fecha deseada, hora, duraci\u00f3n esperada, n\u00famero de personas) <a href=\"\/es\/verkehrsbetrieb@dev.stadtwerke-landshut.de\/\">verkehrsbetrieb@dev.stadtwerke-landshut.de<\/a>, Recibir\u00e1 una oferta no vinculante de inmediato.<\/p>\n\n\t\t<\/div>\n\t<\/div>\n<div class=\"ult-spacer spacer-69f63fcaa01e5\" data-id=\"69f63fcaa01e5\" data-height=\"15\" data-height-mobile=\"15\" data-height-tab=\"15\" data-height-tab-portrait=\"\" data-height-mobile-landscape=\"\" style=\"clear:both;display:block;\"><\/div>\n\t<div class=\"wpb_text_column wpb_content_element downloadliste\" >\n\t\t<div class=\"wpb_wrapper\">\n\t\t\t<ul>\n<li><a href=\"https:\/\/dev.stadtwerke-landshut.de\/wp-content\/uploads\/Uebersicht-Preise-Bus-mieten_NEU.pdf?ver=1\" target=\"_blank\" rel=\"noopener noreferrer\">Lista de precios de alquiler de autobuses<\/a><\/li>\n<\/ul>\n\n\t\t<\/div>\n\t<\/div>\n<div class=\"ult-spacer spacer-69f63fcaa02ab\" data-id=\"69f63fcaa02ab\" data-height=\"30\" data-height-mobile=\"30\" data-height-tab=\"30\" data-height-tab-portrait=\"\" data-height-mobile-landscape=\"\" style=\"clear:both;display:block;\"><\/div><\/div><\/div><\/div><\/div><div class=\"vc_row-full-width vc_clearfix\"><\/div><div id=\"3\" data-vc-full-width=\"true\" data-vc-full-width-temp=\"true\" data-vc-full-width-init=\"false\" class=\"vc_row wpb_row vc_row-fluid hg-lichtgrau\"><div class=\"wpb_column vc_column_container vc_col-sm-8\"><div class=\"vc_column-inner\"><div class=\"wpb_wrapper\"><div class=\"ult-spacer spacer-69f63fcaa0566\" data-id=\"69f63fcaa0566\" data-height=\"30\" data-height-mobile=\"30\" data-height-tab=\"30\" data-height-tab-portrait=\"\" data-height-mobile-landscape=\"\" style=\"clear:both;display:block;\"><\/div><h3 style=\"text-align: left\" class=\"vc_custom_heading vc_do_custom_heading grau\" >Estaciones de carga en el aparcamiento de la empresa.<\/h3>\n\t<div class=\"wpb_text_column wpb_content_element\" >\n\t\t<div class=\"wpb_wrapper\">\n\t\t\t<p>Sie planen auf Ihrem Firmengel\u00e4nde im Stadtgebiet Landshut Ladestationen f\u00fcr Elektroautos Ihrer Kunden und Mitarbeiter?<\/p>\n<p>Si est\u00e1 interesado en sus propias estaciones de carga electr\u00f3nica, cont\u00e1ctenos por correo electr\u00f3nico <a href=\"mailto:vertrieb@dev.stadtwerke-landshut.de\"> vertrieb@dev.stadtwerke-landshut.de<\/a>, Con gusto resolveremos una soluci\u00f3n individual con usted.<\/p>\n<p>Para la adquisici\u00f3n de energ\u00eda respetuosa con el clima, recomendamos nuestros productos de energ\u00eda ecol\u00f3gica \u00d6koMax y \u00d6koLogisch. Descubre m\u00e1s en <a href=\"https:\/\/dev.stadtwerke-landshut.de\/es\/geschaeftskundenbereich\/geschaeftskunden-energie\/\" target=\"_blank\" rel=\"noopener noreferrer\">Energ\u00eda para clientes comerciales<\/a>.<\/p>\n\n\t\t<\/div>\n\t<\/div>\n<div class=\"ult-spacer spacer-69f63fcaa071e\" data-id=\"69f63fcaa071e\" data-height=\"15\" data-height-mobile=\"15\" data-height-tab=\"15\" data-height-tab-portrait=\"\" data-height-mobile-landscape=\"\" style=\"clear:both;display:block;\"><\/div><\/div><\/div><\/div><div class=\"reverse-row wpb_column vc_column_container vc_col-sm-4\"><div class=\"vc_column-inner\"><div class=\"wpb_wrapper\"><div class=\"ult-spacer spacer-69f63fcaa0852\" data-id=\"69f63fcaa0852\" data-height=\"30\" data-height-mobile=\"0\" data-height-tab=\"\" data-height-tab-portrait=\"\" data-height-mobile-landscape=\"0\" style=\"clear:both;display:block;\"><\/div>\n\t<div  class=\"wpb_single_image wpb_content_element vc_align_left wpb_content_element\">\n\t\t\n\t\t<figure class=\"wpb_wrapper vc_figure\">\n\t\t\t<div class=\"vc_single_image-wrapper   vc_box_border_grey\"><img loading=\"lazy\" decoding=\"async\" width=\"1600\" height=\"1067\" src=\"https:\/\/dev.stadtwerke-landshut.de\/wp-content\/uploads\/04-Stromtankstelle.jpg\" class=\"vc_single_image-img attachment-full\" alt=\"Elektroautos und Stromtankstelle\" title=\"Stromtankstelle\" srcset=\"https:\/\/dev.stadtwerke-landshut.de\/wp-content\/uploads\/04-Stromtankstelle.jpg 1600w, https:\/\/dev.stadtwerke-landshut.de\/wp-content\/uploads\/04-Stromtankstelle-600x400.jpg 600w, https:\/\/dev.stadtwerke-landshut.de\/wp-content\/uploads\/04-Stromtankstelle-300x200.jpg 300w, https:\/\/dev.stadtwerke-landshut.de\/wp-content\/uploads\/04-Stromtankstelle-768x512.jpg 768w, https:\/\/dev.stadtwerke-landshut.de\/wp-content\/uploads\/04-Stromtankstelle-1024x683.jpg 1024w\" sizes=\"auto, (max-width: 1600px) 100vw, 1600px\" \/><\/div>\n\t\t<\/figure>\n\t<\/div>\n<div class=\"ult-spacer spacer-69f63fcaa2ec5\" data-id=\"69f63fcaa2ec5\" data-height=\"15\" data-height-mobile=\"15\" data-height-tab=\"15\" data-height-tab-portrait=\"\" data-height-mobile-landscape=\"\" style=\"clear:both;display:block;\"><\/div><h5 style=\"text-align: left\" class=\"vc_custom_heading vc_do_custom_heading blau\" >\u00bfTiene preguntas sobre las estaciones de carga?<\/h5><div class=\"ult-content-box-container hg-weiss\" >\t\t<div class=\"ult-content-box\" style=\"box-shadow: 0px 0px 5px px rgba(0,0,0,0.15) ;border-style:solid;border-width:1px;border-color:#e5e5e5;padding:15px;-webkit-transition: all 700ms ease;-moz-transition: all 700ms ease;-ms-transition: all 700ms ease;-o-transition: all 700ms ease;transition: all 700ms ease;\"  data-hover_box_shadow=\"none\"     data-border_color=\"#e5e5e5\" >\n\t<div class=\"wpb_text_column wpb_content_element no-margin\" >\n\t\t<div class=\"wpb_wrapper\">\n\t\t\t<p><strong>contacto<\/strong><\/p>\n<p><strong>tel\u00e9fono:<\/strong> 0871 1436 2081<br \/>\n<strong>E-mail:<\/strong> <a href=\"mailto:vertrieb@dev.stadtwerke-landshut.de\">vertrieb@dev.stadtwerke-landshut.de<\/a><\/p>\n\n\t\t<\/div>\n\t<\/div>\n\t\t<\/div><\/div><div class=\"ult-spacer spacer-69f63fcaa31f9\" data-id=\"69f63fcaa31f9\" data-height=\"30\" data-height-mobile=\"30\" data-height-tab=\"30\" data-height-tab-portrait=\"\" data-height-mobile-landscape=\"\" style=\"clear:both;display:block;\"><\/div><\/div><\/div><\/div><\/div><div class=\"vc_row-full-width vc_clearfix\"><\/div>\n<\/div>","protected":false},"excerpt":{"rendered":"Auf dieser Seite finden Sie alles zu den Themen\u00a0\u00bb Bus mieten und \u00bb\u00a0Stromtankstellen f\u00fcr Unternehmen. Mehrwerte f\u00fcr Mitarbeiter schaffen F\u00fcr Firmenevents, Meetings oder Standortbesichtigungen: Ein Fahrservice mit unseren Niederflurbussen sorgt [...]","protected":false},"author":5,"featured_media":3472,"parent":311,"menu_order":0,"comment_status":"closed","ping_status":"closed","template":"","meta":{"_relevanssi_hide_post":"","_relevanssi_hide_content":"","_relevanssi_pin_for_all":"","_relevanssi_pin_keywords":"","_relevanssi_unpin_keywords":"","_relevanssi_related_keywords":"","_relevanssi_related_include_ids":"","_relevanssi_related_exclude_ids":"","_relevanssi_related_no_append":"","_relevanssi_related_not_related":"","_relevanssi_related_posts":"","_relevanssi_noindex_reason":"","footnotes":""},"class_list":["post-2209","page","type-page","status-publish","has-post-thumbnail","hentry"],"publishpress_future_action":{"enabled":false,"date":"2026-05-09 20:17:46","action":"change-status","newStatus":"draft","terms":[],"taxonomy":"","extraData":[]},"publishpress_future_workflow_manual_trigger":{"enabledWorkflows":[]},"_links":{"self":[{"href":"https:\/\/dev.stadtwerke-landshut.de\/es\/wp-json\/wp\/v2\/pages\/2209","targetHints":{"allow":["GET"]}}],"collection":[{"href":"https:\/\/dev.stadtwerke-landshut.de\/es\/wp-json\/wp\/v2\/pages"}],"about":[{"href":"https:\/\/dev.stadtwerke-landshut.de\/es\/wp-json\/wp\/v2\/types\/page"}],"author":[{"embeddable":true,"href":"https:\/\/dev.stadtwerke-landshut.de\/es\/wp-json\/wp\/v2\/users\/5"}],"replies":[{"embeddable":true,"href":"https:\/\/dev.stadtwerke-landshut.de\/es\/wp-json\/wp\/v2\/comments?post=2209"}],"version-history":[{"count":140,"href":"https:\/\/dev.stadtwerke-landshut.de\/es\/wp-json\/wp\/v2\/pages\/2209\/revisions"}],"predecessor-version":[{"id":26817,"href":"https:\/\/dev.stadtwerke-landshut.de\/es\/wp-json\/wp\/v2\/pages\/2209\/revisions\/26817"}],"up":[{"embeddable":true,"href":"https:\/\/dev.stadtwerke-landshut.de\/es\/wp-json\/wp\/v2\/pages\/311"}],"wp:featuredmedia":[{"embeddable":true,"href":"https:\/\/dev.stadtwerke-landshut.de\/es\/wp-json\/wp\/v2\/media\/3472"}],"wp:attachment":[{"href":"https:\/\/dev.stadtwerke-landshut.de\/es\/wp-json\/wp\/v2\/media?parent=2209"}],"curies":[{"name":"wp","href":"https:\/\/api.w.org\/{rel}","templated":true}]}}