{"id":2473,"date":"2019-08-27T08:40:38","date_gmt":"2019-08-27T06:40:38","guid":{"rendered":"https:\/\/dev.stadtwerke-landshut.de\/?page_id=2473"},"modified":"2019-09-23T14:25:31","modified_gmt":"2019-09-23T12:25:31","slug":"vereine-im-stadtbad","status":"publish","type":"page","link":"https:\/\/dev.stadtwerke-landshut.de\/es\/stadtbad\/vereine-im-stadtbad\/","title":{"rendered":"Clubes en la piscina de la ciudad"},"content":{"rendered":"<div class=\"wpb-content-wrapper\"><div id=\"1\" data-vc-full-width=\"true\" data-vc-full-width-temp=\"true\" data-vc-full-width-init=\"false\" class=\"vc_row wpb_row vc_row-fluid\"><div class=\"wpb_column vc_column_container vc_col-sm-12\"><div class=\"vc_column-inner\"><div class=\"wpb_wrapper\"><div class=\"ult-spacer spacer-69f61f5d52571\" data-id=\"69f61f5d52571\" data-height=\"15\" data-height-mobile=\"15\" data-height-tab=\"15\" data-height-tab-portrait=\"\" data-height-mobile-landscape=\"\" style=\"clear:both;display:block;\"><\/div><div class=\"ult_exp_section_layer ult-adjust-bottom-margin no-margin\" >\n\t\t<div id=\"uvc-exp-wrap-8023\" role=\"button\" tabindex=\"0\" aria-pressed=\"false\"  data-ultimate-target='#uvc-exp-wrap-8023'  data-responsive-json-new='{\"font-size\":\"desktop:20px;\",\"line-height\":\"desktop:24px;\"}'  class=\"ult_exp_section  ult-responsive\" style=\"color:#006fb4;background-color:#e6eef9; font-weight:normal; padding:0px;text-align:left;\" data-textcolor=\"#006fb4\"data-texthover=\"#006fb4\"data-icncolor=\"#006fb4\"data-ihover=\"#333333\"data-height=\"0\"data-cntbg=\"#e6eef9\"data-cnthvrbg=\"#e6eef9\"data-headerbg=\"#e6eef9\"data-headerhover=\"#e6eef9\"data-title=\"Kneipp Verein\"data-newtitle=\"Kneipp Verein\"data-icon=\"Defaults-caret-right\"data-newicon=\"Defaults-caret-down\"data-activeicon=\"#006fb4\"data-effect=\"slideToggle\"data-override=\"0\"data-activetitle=\"#006fb4\"data-activebg=\"#e6eef9\"data-img=\"\"data-newimg=\"\"><div class=\"ult_exp_section-main ult_expleft_icon\">\t<div class=\"ult-just-icon-wrapper ult_exp_icon\">\n\t\t\t\t\t<div class=\"align-icon\">\n\t\t\t\t\t\t\n<span class=\"aio-icon  none  ult_expsection_icon\"  style=\"color:#006fb4;font-size:22px;\">\n\t<i class=\"Defaults-caret-right ult_ex_icon\"  ><\/i>\n<\/span>\n\t\t\t\t\t<\/div>\n\t\t\t\t<\/div>\n\t\t\t\t<div class=\"ult_expheader\" >Club Kneipp\n\t\t\t\t<\/div>\n\t\t\t<\/div>\n\t\t<\/div><div class=\"ult_exp_content\" style=\"background-color:#f4f4f4;padding:0px;margin:0px;\"><div class=\"ult_ecpsub_cont\" style=\" \" >\n\t<div class=\"wpb_text_column wpb_content_element\" >\n\t\t<div class=\"wpb_wrapper\">\n\t\t\t<p>En verano, el Kneipp-Winkel en Stadtbad es el punto de encuentro de los miembros del Kneipp-Verein Landshut. En la \u00fanica \u00e1rea accesible para los miembros hay una piscina de agua, una axila y otra infraestructura. M\u00e1s informaci\u00f3n disponible por tel\u00e9fono 0871 616 22, correo electr\u00f3nico <a href=\"mailto:kontakt@kneipp-verein-landshut.de\">kontakt@kneipp-verein-landshut.de<\/a> o bajo <a href=\"https:\/\/www.kneipp-verein-landshut.de\/\" target=\"_blank\" rel=\"noopener noreferrer\">www.kneipp-verein-landshut.de<\/a> disponible.<\/p>\n\n\t\t<\/div>\n\t<\/div>\n<\/div><\/div>\n\n\t\t\t<\/div><div class=\"ult_exp_section_layer ult-adjust-bottom-margin no-margin\" >\n\t\t<div id=\"uvc-exp-wrap-2886\" role=\"button\" tabindex=\"0\" aria-pressed=\"false\"  data-ultimate-target='#uvc-exp-wrap-2886'  data-responsive-json-new='{\"font-size\":\"desktop:20px;\",\"line-height\":\"desktop:24px;\"}'  class=\"ult_exp_section  ult-responsive\" style=\"color:#006fb4;background-color:#e6eef9; font-weight:normal; padding:0px;text-align:left;\" data-textcolor=\"#006fb4\"data-texthover=\"#006fb4\"data-icncolor=\"#006fb4\"data-ihover=\"#333333\"data-height=\"0\"data-cntbg=\"#e6eef9\"data-cnthvrbg=\"#e6eef9\"data-headerbg=\"#e6eef9\"data-headerhover=\"#e6eef9\"data-title=\"Schwimmclub 53 e.V.\"data-newtitle=\"Schwimmclub 53 e.V.\"data-icon=\"Defaults-caret-right\"data-newicon=\"Defaults-caret-down\"data-activeicon=\"#006fb4\"data-effect=\"slideToggle\"data-override=\"0\"data-activetitle=\"#006fb4\"data-activebg=\"#e6eef9\"data-img=\"\"data-newimg=\"\"><div class=\"ult_exp_section-main ult_expleft_icon\">\t<div class=\"ult-just-icon-wrapper ult_exp_icon\">\n\t\t\t\t\t<div class=\"align-icon\">\n\t\t\t\t\t\t\n<span class=\"aio-icon  none  ult_expsection_icon\"  style=\"color:#006fb4;font-size:22px;\">\n\t<i class=\"Defaults-caret-right ult_ex_icon\"  ><\/i>\n<\/span>\n\t\t\t\t\t<\/div>\n\t\t\t\t<\/div>\n\t\t\t\t<div class=\"ult_expheader\" >Club de nataci\u00f3n 53 eV\n\t\t\t\t<\/div>\n\t\t\t<\/div>\n\t\t<\/div><div class=\"ult_exp_content\" style=\"background-color:#f4f4f4;padding:0px;margin:0px;\"><div class=\"ult_ecpsub_cont\" style=\" \" >\n\t<div class=\"wpb_text_column wpb_content_element\" >\n\t\t<div class=\"wpb_wrapper\">\n\t\t\t<p>Nataci\u00f3n, buceo, triatl\u00f3n y voleibol de playa son los dominios del club de nataci\u00f3n SC53 Landshut. Con alrededor de 1.500 miembros, el club deportivo es uno de los clubes de nataci\u00f3n m\u00e1s grandes de Baviera.<\/p>\n<p>Para obtener m\u00e1s informaci\u00f3n sobre los horarios de capacitaci\u00f3n y las ofertas, llame al 0871 670 273 (solo contestador autom\u00e1tico), correo electr\u00f3nico <a href=\"mailto:info@sc53-landshut.de\">info@sc53-landshut.de<\/a> o bajo <a href=\"http:\/\/www.sc53-landshut.de\" target=\"_blank\" rel=\"noopener noreferrer\">www.sc53-landshut.de<\/a>.<\/p>\n\n\t\t<\/div>\n\t<\/div>\n<\/div><\/div>\n\n\t\t\t<\/div><div class=\"ult_exp_section_layer ult-adjust-bottom-margin no-margin\" >\n\t\t<div id=\"uvc-exp-wrap-6491\" role=\"button\" tabindex=\"0\" aria-pressed=\"false\"  data-ultimate-target='#uvc-exp-wrap-6491'  data-responsive-json-new='{\"font-size\":\"desktop:20px;\",\"line-height\":\"desktop:24px;\"}'  class=\"ult_exp_section  ult-responsive\" style=\"color:#006fb4;background-color:#e6eef9; font-weight:normal; padding:0px;text-align:left;\" data-textcolor=\"#006fb4\"data-texthover=\"#006fb4\"data-icncolor=\"#006fb4\"data-ihover=\"#333333\"data-height=\"0\"data-cntbg=\"#e6eef9\"data-cnthvrbg=\"#e6eef9\"data-headerbg=\"#e6eef9\"data-headerhover=\"#e6eef9\"data-title=\"Wasserwacht\"data-newtitle=\"Wasserwacht\"data-icon=\"Defaults-caret-right\"data-newicon=\"Defaults-caret-down\"data-activeicon=\"#006fb4\"data-effect=\"slideToggle\"data-override=\"0\"data-activetitle=\"#006fb4\"data-activebg=\"#e6eef9\"data-img=\"\"data-newimg=\"\"><div class=\"ult_exp_section-main ult_expleft_icon\">\t<div class=\"ult-just-icon-wrapper ult_exp_icon\">\n\t\t\t\t\t<div class=\"align-icon\">\n\t\t\t\t\t\t\n<span class=\"aio-icon  none  ult_expsection_icon\"  style=\"color:#006fb4;font-size:22px;\">\n\t<i class=\"Defaults-caret-right ult_ex_icon\"  ><\/i>\n<\/span>\n\t\t\t\t\t<\/div>\n\t\t\t\t<\/div>\n\t\t\t\t<div class=\"ult_expheader\" >Wasserwacht\n\t\t\t\t<\/div>\n\t\t\t<\/div>\n\t\t<\/div><div class=\"ult_exp_content\" style=\"background-color:#f4f4f4;padding:0px;margin:0px;\"><div class=\"ult_ecpsub_cont\" style=\" \" >\n\t<div class=\"wpb_text_column wpb_content_element\" >\n\t\t<div class=\"wpb_wrapper\">\n\t\t\t<p>El lema del Wasserwacht es disfrutar del deporte y dar placer. El Ortsgruppe Landshut lleva regularmente las insignias de nataci\u00f3n en el Stadtbad, desde los primeros &quot;caballitos de mar&quot; de nadador hasta la insignia dorada de nataci\u00f3n. Las reducciones se realizan durante la temporada al aire libre los s\u00e1bados, domingos y festivos, entre las 13:30 y las 14:30 y durante la temporada de la piscina cubierta con cita previa. M\u00e1s informaci\u00f3n disponible por tel\u00e9fono 0871 1436 2232, correo electr\u00f3nico <a href=\"mailto:stadtbad@dev.stadtwerke-landshut.de\">stadtbad@dev.stadtwerke-landshut.de<\/a> o bajo <a href=\"http:\/\/www.wasserwacht-landshut.de\/\" target=\"_blank\" rel=\"noopener noreferrer\">www.wasserwacht-landshut.de<\/a>.<\/p>\n\n\t\t<\/div>\n\t<\/div>\n<div class=\"ult-spacer spacer-69f61f5d5297a\" data-id=\"69f61f5d5297a\" data-height=\"15\" data-height-mobile=\"15\" data-height-tab=\"15\" data-height-tab-portrait=\"\" data-height-mobile-landscape=\"\" style=\"clear:both;display:block;\"><\/div><\/div><\/div>\n\n\t\t\t<\/div><div class=\"ult-spacer spacer-69f61f5d5298f\" data-id=\"69f61f5d5298f\" data-height=\"30\" data-height-mobile=\"30\" data-height-tab=\"30\" data-height-tab-portrait=\"\" data-height-mobile-landscape=\"\" style=\"clear:both;display:block;\"><\/div><\/div><\/div><\/div><\/div><div class=\"vc_row-full-width vc_clearfix\"><\/div>\n<\/div>","protected":false},"excerpt":{"rendered":"Kneipp Verein Im Sommer ist der Kneipp-Winkel im Stadtbad der Treffpunkt f\u00fcr die Mitglieder des Kneipp-Vereins Landshut. In dem nur f\u00fcr Mitglieder zug\u00e4nglichen Bereich gibt es ein Wassertretbecken, ein Armbecken [...]","protected":false},"author":4,"featured_media":5700,"parent":54,"menu_order":0,"comment_status":"closed","ping_status":"closed","template":"","meta":{"_relevanssi_hide_post":"","_relevanssi_hide_content":"","_relevanssi_pin_for_all":"","_relevanssi_pin_keywords":"","_relevanssi_unpin_keywords":"","_relevanssi_related_keywords":"","_relevanssi_related_include_ids":"","_relevanssi_related_exclude_ids":"","_relevanssi_related_no_append":"","_relevanssi_related_not_related":"","_relevanssi_related_posts":"","_relevanssi_noindex_reason":"","footnotes":""},"class_list":["post-2473","page","type-page","status-publish","has-post-thumbnail","hentry"],"publishpress_future_action":{"enabled":false,"date":"2026-05-09 17:59:25","action":"change-status","newStatus":"draft","terms":[],"taxonomy":"","extraData":[]},"publishpress_future_workflow_manual_trigger":{"enabledWorkflows":[]},"_links":{"self":[{"href":"https:\/\/dev.stadtwerke-landshut.de\/es\/wp-json\/wp\/v2\/pages\/2473","targetHints":{"allow":["GET"]}}],"collection":[{"href":"https:\/\/dev.stadtwerke-landshut.de\/es\/wp-json\/wp\/v2\/pages"}],"about":[{"href":"https:\/\/dev.stadtwerke-landshut.de\/es\/wp-json\/wp\/v2\/types\/page"}],"author":[{"embeddable":true,"href":"https:\/\/dev.stadtwerke-landshut.de\/es\/wp-json\/wp\/v2\/users\/4"}],"replies":[{"embeddable":true,"href":"https:\/\/dev.stadtwerke-landshut.de\/es\/wp-json\/wp\/v2\/comments?post=2473"}],"version-history":[{"count":13,"href":"https:\/\/dev.stadtwerke-landshut.de\/es\/wp-json\/wp\/v2\/pages\/2473\/revisions"}],"predecessor-version":[{"id":5756,"href":"https:\/\/dev.stadtwerke-landshut.de\/es\/wp-json\/wp\/v2\/pages\/2473\/revisions\/5756"}],"up":[{"embeddable":true,"href":"https:\/\/dev.stadtwerke-landshut.de\/es\/wp-json\/wp\/v2\/pages\/54"}],"wp:featuredmedia":[{"embeddable":true,"href":"https:\/\/dev.stadtwerke-landshut.de\/es\/wp-json\/wp\/v2\/media\/5700"}],"wp:attachment":[{"href":"https:\/\/dev.stadtwerke-landshut.de\/es\/wp-json\/wp\/v2\/media?parent=2473"}],"curies":[{"name":"wp","href":"https:\/\/api.w.org\/{rel}","templated":true}]}}