{"id":4143,"date":"2019-09-03T17:37:02","date_gmt":"2019-09-03T15:37:02","guid":{"rendered":"https:\/\/dev.stadtwerke-landshut.de\/?page_id=4143"},"modified":"2019-09-23T14:07:01","modified_gmt":"2019-09-23T12:07:01","slug":"kurse-sicher-im-stadtbus","status":"publish","type":"page","link":"https:\/\/dev.stadtwerke-landshut.de\/es\/mobilitaet\/busfahren\/kurse-sicher-im-stadtbus\/","title":{"rendered":"Cursos seguros en el autob\u00fas de la ciudad."},"content":{"rendered":"<div class=\"wpb-content-wrapper\"><div class=\"vc_row wpb_row vc_row-fluid\"><div class=\"wpb_column vc_column_container vc_col-sm-12\"><div class=\"vc_column-inner\"><div class=\"wpb_wrapper\"><div class=\"ult-spacer spacer-69f61f7f2cc0c\" data-id=\"69f61f7f2cc0c\" data-height=\"15\" data-height-mobile=\"15\" data-height-tab=\"15\" data-height-tab-portrait=\"\" data-height-mobile-landscape=\"\" style=\"clear:both;display:block;\"><\/div><\/div><\/div><\/div><\/div><div class=\"vc_row wpb_row vc_row-fluid\"><div class=\"wpb_column vc_column_container vc_col-sm-6\"><div class=\"vc_column-inner\"><div class=\"wpb_wrapper\"><div class=\"ult-content-box-container\" >\t\t<div class=\"ult-content-box\" style=\"background-image:url(&#039;https:\/\/dev.stadtwerke-landshut.de\/wp-content\/uploads\/senioren_bus.jpg&#039;);background-size: cover;background-repeat: no-repeat;background-position: center center;background-color: rgba(0, 0, 0, 0);box-shadow: px px px px none;border-style:solid;border-width:1px;border-color:#f4f4f4;-webkit-transition: all 700ms ease;-moz-transition: all 700ms ease;-ms-transition: all 700ms ease;-o-transition: all 700ms ease;transition: all 700ms ease;\"  data-hover_box_shadow=\"none\"  data-hover_border_color=\"#f4f4f4\"     data-border_color=\"#f4f4f4\" ><div class=\"ult-spacer spacer-69f61f7f2d2a5\" data-id=\"69f61f7f2d2a5\" data-height=\"250\" data-height-mobile=\"250\" data-height-tab=\"250\" data-height-tab-portrait=\"\" data-height-mobile-landscape=\"\" style=\"clear:both;display:block;\"><\/div>\t\t<\/div><\/div><div class=\"ult-spacer spacer-69f61f7f2d2bc\" data-id=\"69f61f7f2d2bc\" data-height=\"15\" data-height-mobile=\"15\" data-height-tab=\"15\" data-height-tab-portrait=\"\" data-height-mobile-landscape=\"\" style=\"clear:both;display:block;\"><\/div><h3 style=\"text-align: left\" class=\"vc_custom_heading vc_do_custom_heading grau equal1\" >Mobile Plus! para personas mayores<\/h3>\n\t<div class=\"wpb_text_column wpb_content_element equal2\" >\n\t\t<div class=\"wpb_wrapper\">\n\t\t\t<p>Mobile plus! es un programa para personas de la tercera edad y discapacitados, ofrecido por la agencia voluntaria Landshut (fala) y Stadtwerke Landshut. Ser m\u00f3vil es una necesidad humana b\u00e1sica. Ser capaz de cuidarse y participar en actividades sociales aumenta la calidad de vida.<\/p>\n<p>El objetivo de Mobil plus es proporcionar capacitaci\u00f3n en seguridad con ejercicios pr\u00e1cticos para ayudar a las personas a su propia movilidad en la vejez. Los participantes en el curso de movilidad pueden practicar la entrada y salida, por ejemplo, en un autob\u00fas urbano especialmente provisto.<\/p>\n<p>Si ya no est\u00e1 seguro de que viaja solo con el autob\u00fas de la ciudad, la fala le proporcionar\u00e1 un asistente de autob\u00fas voluntario y capacitado.<\/p>\n<p>Para obtener m\u00e1s informaci\u00f3n sobre Mobil plus!, Las fechas actuales para los cursos de movilidad y los requisitos para el voluntariado est\u00e1n disponibles en <a href=\"http:\/\/www.freiwilligen-agentur-landshut.de\" target=\"_blank\" rel=\"noopener noreferrer\"> www.freiwilligen-agentur-landshut.de<\/a> disponible.<\/p>\n<p>Informaci\u00f3n de contacto por tel\u00e9fono 0871 2066 2730 o por correo electr\u00f3nico <a href=\"mailto:info@freiwilligen-agentur-landshut.de\">info@freiwilligen-agentur-landshut.de<\/a><\/p>\n\n\t\t<\/div>\n\t<\/div>\n<div class=\"ult-spacer spacer-69f61f7f2d5bd\" data-id=\"69f61f7f2d5bd\" data-height=\"30\" data-height-mobile=\"30\" data-height-tab=\"30\" data-height-tab-portrait=\"\" data-height-mobile-landscape=\"\" style=\"clear:both;display:block;\"><\/div><\/div><\/div><\/div><div class=\"wpb_column vc_column_container vc_col-sm-6\"><div class=\"vc_column-inner\"><div class=\"wpb_wrapper\"><div class=\"ult-content-box-container\" >\t\t<div class=\"ult-content-box\" style=\"background-image:url(&#039;https:\/\/dev.stadtwerke-landshut.de\/wp-content\/uploads\/kids_bus.jpg&#039;);background-size: cover;background-repeat: no-repeat;background-position: center center;background-color: rgba(0, 0, 0, 0);box-shadow: px px px px none;border-style:solid;border-width:1px;border-color:#f4f4f4;-webkit-transition: all 700ms ease;-moz-transition: all 700ms ease;-ms-transition: all 700ms ease;-o-transition: all 700ms ease;transition: all 700ms ease;\"  data-hover_box_shadow=\"none\"  data-hover_border_color=\"#f4f4f4\"     data-border_color=\"#f4f4f4\" ><div class=\"ult-spacer spacer-69f61f7f2d8d7\" data-id=\"69f61f7f2d8d7\" data-height=\"250\" data-height-mobile=\"250\" data-height-tab=\"250\" data-height-tab-portrait=\"\" data-height-mobile-landscape=\"\" style=\"clear:both;display:block;\"><\/div>\t\t<\/div><\/div><div class=\"ult-spacer spacer-69f61f7f2d8ef\" data-id=\"69f61f7f2d8ef\" data-height=\"15\" data-height-mobile=\"15\" data-height-tab=\"15\" data-height-tab-portrait=\"\" data-height-mobile-landscape=\"\" style=\"clear:both;display:block;\"><\/div><h3 style=\"text-align: left\" class=\"vc_custom_heading vc_do_custom_heading grau equal1\" >Cool2school para adolescentes<\/h3>\n\t<div class=\"wpb_text_column wpb_content_element equal2\" >\n\t\t<div class=\"wpb_wrapper\">\n\t\t\t<p>Desde 2008, los conductores voluntarios de autobuses escolares han estado en camino en los autobuses urbanos de Stadtwerke Landshut para garantizar el orden en las paradas frente a las escuelas y en los autobuses escolares. Schulbuslotsen son j\u00f3venes de 14 a\u00f1os de un total de seis escuelas de Landshut. Los j\u00f3venes ayudan a prevenir conflictos y resolver situaciones dif\u00edciles.<br \/>\nEl proyecto est\u00e1 organizado por la agencia voluntaria Landshut (fala) en cooperaci\u00f3n con Stadtwerke Landshut, la polic\u00eda de tr\u00e1nsito y la estaci\u00f3n de polic\u00eda Landshut. Adem\u00e1s, la Fundaci\u00f3n Dominik Brunner apoya el proyecto.<br \/>\nLos estudiantes interesados pueden obtener informaci\u00f3n en la secretar\u00eda de su escuela o comunicarse con la fala (<a href=\"http:\/\/www.freiwilligen-agentur-landshut.de\/\" target=\"_blank\" rel=\"noopener noreferrer\">www.freiwilligen-agentur-landshut.de<\/a>)<br \/>\nInformaci\u00f3n de contacto por tel\u00e9fono 0871 2066 2730 o por correo electr\u00f3nico <a href=\"mailto:info@freiwilligen-agentur-landshut.de\">info@freiwilligen-agentur-landshut.de<\/a><\/p>\n\n\t\t<\/div>\n\t<\/div>\n<div class=\"ult-spacer spacer-69f61f7f2dac7\" data-id=\"69f61f7f2dac7\" data-height=\"30\" data-height-mobile=\"30\" data-height-tab=\"30\" data-height-tab-portrait=\"\" data-height-mobile-landscape=\"\" style=\"clear:both;display:block;\"><\/div><\/div><\/div><\/div><\/div>\n<\/div>","protected":false},"excerpt":{"rendered":"Mobil Plus! f\u00fcr Senioren Mobil plus! ist ein Programm f\u00fcr Senioren und Menschen mit Handicap, das die Freiwilligen Agentur Landshut (fala) und die Stadtwerke Landshut anbieten. Mobil zu sein, ist [...]","protected":false},"author":5,"featured_media":4156,"parent":4078,"menu_order":0,"comment_status":"closed","ping_status":"closed","template":"","meta":{"_relevanssi_hide_post":"","_relevanssi_hide_content":"","_relevanssi_pin_for_all":"","_relevanssi_pin_keywords":"","_relevanssi_unpin_keywords":"","_relevanssi_related_keywords":"","_relevanssi_related_include_ids":"","_relevanssi_related_exclude_ids":"","_relevanssi_related_no_append":"","_relevanssi_related_not_related":"","_relevanssi_related_posts":"","_relevanssi_noindex_reason":"","footnotes":""},"class_list":["post-4143","page","type-page","status-publish","has-post-thumbnail","hentry"],"publishpress_future_action":{"enabled":false,"date":"2026-05-09 17:59:59","action":"change-status","newStatus":"draft","terms":[],"taxonomy":"","extraData":[]},"publishpress_future_workflow_manual_trigger":{"enabledWorkflows":[]},"_links":{"self":[{"href":"https:\/\/dev.stadtwerke-landshut.de\/es\/wp-json\/wp\/v2\/pages\/4143","targetHints":{"allow":["GET"]}}],"collection":[{"href":"https:\/\/dev.stadtwerke-landshut.de\/es\/wp-json\/wp\/v2\/pages"}],"about":[{"href":"https:\/\/dev.stadtwerke-landshut.de\/es\/wp-json\/wp\/v2\/types\/page"}],"author":[{"embeddable":true,"href":"https:\/\/dev.stadtwerke-landshut.de\/es\/wp-json\/wp\/v2\/users\/5"}],"replies":[{"embeddable":true,"href":"https:\/\/dev.stadtwerke-landshut.de\/es\/wp-json\/wp\/v2\/comments?post=4143"}],"version-history":[{"count":20,"href":"https:\/\/dev.stadtwerke-landshut.de\/es\/wp-json\/wp\/v2\/pages\/4143\/revisions"}],"predecessor-version":[{"id":5640,"href":"https:\/\/dev.stadtwerke-landshut.de\/es\/wp-json\/wp\/v2\/pages\/4143\/revisions\/5640"}],"up":[{"embeddable":true,"href":"https:\/\/dev.stadtwerke-landshut.de\/es\/wp-json\/wp\/v2\/pages\/4078"}],"wp:featuredmedia":[{"embeddable":true,"href":"https:\/\/dev.stadtwerke-landshut.de\/es\/wp-json\/wp\/v2\/media\/4156"}],"wp:attachment":[{"href":"https:\/\/dev.stadtwerke-landshut.de\/es\/wp-json\/wp\/v2\/media?parent=4143"}],"curies":[{"name":"wp","href":"https:\/\/api.w.org\/{rel}","templated":true}]}}