{"id":15,"date":"2019-04-11T11:36:52","date_gmt":"2019-04-11T09:36:52","guid":{"rendered":"https:\/\/dev.stadtwerke-landshut.de\/?page_id=15"},"modified":"2025-05-21T13:16:44","modified_gmt":"2025-05-21T11:16:44","slug":"energie","status":"publish","type":"page","link":"https:\/\/dev.stadtwerke-landshut.de\/hu\/energie\/","title":{"rendered":"energia"},"content":{"rendered":"<div class=\"wpb-content-wrapper\"><div data-vc-full-width=\"true\" data-vc-full-width-temp=\"true\" data-vc-full-width-init=\"false\" class=\"vc_row wpb_row vc_row-fluid\"><div class=\"wpb_column vc_column_container vc_col-sm-12\"><div class=\"vc_column-inner\"><div class=\"wpb_wrapper\"><div class=\"vc_empty_space\"   style=\"height: 15px\"><span class=\"vc_empty_space_inner\"><\/span><\/div><\/div><\/div><\/div><\/div><div class=\"vc_row-full-width vc_clearfix\"><\/div><div data-vc-full-width=\"true\" data-vc-full-width-temp=\"true\" data-vc-full-width-init=\"false\" class=\"vc_row wpb_row vc_row-fluid\"><div class=\"wpb_column vc_column_container vc_col-sm-12\"><div class=\"vc_column-inner\"><div class=\"wpb_wrapper\"><h2 style=\"text-align: left\" class=\"vc_custom_heading vc_do_custom_heading grau\" >M\u00e9lt\u00e1nyos, megb\u00edzhat\u00f3 \u00e9s region\u00e1lis<\/h2>\n\t<div class=\"wpb_text_column wpb_content_element\" >\n\t\t<div class=\"wpb_wrapper\">\n\t\t\t<p><span data-contrast=\"auto\">Region\u00e1lis energiaszolg\u00e1ltat\u00f3k\u00e9nt szil\u00e1rdan a v\u00e1rosban \u00e9s a ker\u00fcletben gy\u00f6kerezik benn\u00fcnket, \u00e9s jelent\u0151s m\u00e9rt\u00e9kben hozz\u00e1j\u00e1rulunk a r\u00e9gi\u00f3 gazdas\u00e1gi \u00e9s k\u00f6rnyezeti fejl\u0151d\u00e9s\u00e9hez. Mindkett\u0151nknek megvan <\/span><span data-contrast=\"auto\">ma<\/span><span data-contrast=\"auto\"> valamint a reggelt a sz\u00edv\u00e9ben. Ez\u00e9rt elk\u00f6telezettek vagyunk a meg\u00fajul\u00f3 energi\u00e1k \u00e9s a fenntarthat\u00f3 energia fejleszt\u00e9se ir\u00e1nt <\/span><span data-contrast=\"auto\">Lebensquali\u00e4t<\/span><span data-contrast=\"auto\"> Landshutban. V\u00e1s\u00e1rl\u00f3k\u00e9nt \u00e9s a fenntarthat\u00f3 energiaterm\u00e9keink kiv\u00e1laszt\u00e1s\u00e1val \u00d6n is t\u00e1mogatja ezt a filoz\u00f3fi\u00e1t.<\/span><span data-ccp-props=\"{&quot;201341983&quot;:0,&quot;335559739&quot;:200,&quot;335559740&quot;:276}\">\u00a0<\/span><\/p>\n\n\t\t<\/div>\n\t<\/div>\n<\/div><\/div><\/div><\/div><div class=\"vc_row-full-width vc_clearfix\"><\/div><div data-vc-full-width=\"true\" data-vc-full-width-temp=\"true\" data-vc-full-width-init=\"false\" class=\"vc_row wpb_row vc_row-fluid\"><div class=\"wpb_column vc_column_container vc_col-sm-6\"><div class=\"vc_column-inner\"><div class=\"wpb_wrapper\"><div class=\"aio-icon-component   box-hellblau style_1\"><a class=\"aio-icon-box-link\" href=\"https:\/\/dev.stadtwerke-landshut.de\/hu\/strom\/\" title=\"Zu unseren Stromangeboten\" target=\"_blank\" rel=\"noopener\" ><div id=\"Info-box-wrap-6509\" class=\"aio-icon-box square_box-icon\" style=\"\"  ><div class=\"aio-icon-square_box\"><div class=\"ult-just-icon-wrapper\"><div class=\"align-icon\" style=\"text-align:center;\">\n<div class=\"aio-icon-img\" style=\"font-size:60px;background:#006fb9;border-style:solid;border-color:#ffffff;border-width:5px;padding:10px;border-radius:100px;display:inline-block;\" >\n\t<img decoding=\"async\" class=\"img-icon\" alt=\"null\" src=\"https:\/\/dev.stadtwerke-landshut.de\/wp-content\/uploads\/strom_icon.png\"\/>\n<\/div><\/div><\/div><\/div><div class=\"aio-icon-header\" ><h3 class=\"aio-icon-title ult-responsive\"  data-ultimate-target='#Info-box-wrap-6509 .aio-icon-title'  data-responsive-json-new='{\"font-size\":\"\",\"line-height\":\"\"}'  style=\"\">jelenlegi<\/h3><\/div> <!-- header --><div class=\"aio-icon-description ult-responsive\"  data-ultimate-target='#Info-box-wrap-6509 .aio-icon-description'  data-responsive-json-new='{\"font-size\":\"\",\"line-height\":\"\"}'  style=\"\"><span style=\"color: black;\">Ak\u00e1r \u00e1r-tudatos, ak\u00e1r \u00f6kol\u00f3giai - sok k\u00edv\u00e1ns\u00e1got teljes\u00edthet\u00fcnk k\u00fcl\u00f6nf\u00e9le villamosenergia-k\u00edn\u00e1latunkkal. Mind a v\u00e1rosban, mind a k\u00f6rny\u00e9ken.<\/span><\/p>\n<p>\u00bbTov\u00e1bbi inform\u00e1ci\u00f3k<\/div> <!-- description --><\/div> <!-- aio-icon-box --><\/a><\/div> <!-- aio-icon-component --><\/div><\/div><\/div><div class=\"wpb_column vc_column_container vc_col-sm-6\"><div class=\"vc_column-inner\"><div class=\"wpb_wrapper\"><div class=\"aio-icon-component   box-hellblau style_1\"><a class=\"aio-icon-box-link\" href=\"https:\/\/dev.stadtwerke-landshut.de\/hu\/energie\/erdgas\/\" title=\"Zu unseren Erdgasangeboten\" target=\"_blank\" rel=\"noopener\" ><div id=\"Info-box-wrap-7667\" class=\"aio-icon-box square_box-icon\" style=\"\"  ><div class=\"aio-icon-square_box\"><div class=\"ult-just-icon-wrapper\"><div class=\"align-icon\" style=\"text-align:center;\">\n<div class=\"aio-icon-img\" style=\"font-size:60px;background:#006fb9;border-style:solid;border-color:#ffffff;border-width:5px;padding:10px;border-radius:100px;display:inline-block;\" >\n\t<img decoding=\"async\" class=\"img-icon\" alt=\"Icon Erdgas\" src=\"https:\/\/dev.stadtwerke-landshut.de\/wp-content\/uploads\/erdgas_icon.png\"\/>\n<\/div><\/div><\/div><\/div><div class=\"aio-icon-header\" ><h3 class=\"aio-icon-title ult-responsive\"  data-ultimate-target='#Info-box-wrap-7667 .aio-icon-title'  data-responsive-json-new='{\"font-size\":\"\",\"line-height\":\"\"}'  style=\"\">f\u00f6ldg\u00e1z<\/h3><\/div> <!-- header --><div class=\"aio-icon-description ult-responsive\"  data-ultimate-target='#Info-box-wrap-7667 .aio-icon-description'  data-responsive-json-new='{\"font-size\":\"\",\"line-height\":\"\"}'  style=\"\"><span style=\"color: black;\">Takar\u00edtson meg f\u0171t\u00e9si k\u00f6lts\u00e9geket, \u00e9lvezze a maxim\u00e1lis ell\u00e1t\u00e1s biztons\u00e1g\u00e1t \u00e9s a szolg\u00e1ltat\u00e1s k\u00e9nyelm\u00e9t, \u00e9s opcion\u00e1lisan t\u00e1mogassa az \u00e9ghajlatv\u00e9delmi projekteket - hasonl\u00edtsa \u00f6ssze a f\u00f6ldg\u00e1z tarif\u00e1inkat.<\/span><\/p>\n<p>\u00bbTov\u00e1bbi inform\u00e1ci\u00f3k<\/div> <!-- description --><\/div> <!-- aio-icon-box --><\/a><\/div> <!-- aio-icon-component --><\/div><\/div><\/div><\/div><div class=\"vc_row-full-width vc_clearfix\"><\/div><div data-vc-full-width=\"true\" data-vc-full-width-temp=\"true\" data-vc-full-width-init=\"false\" class=\"vc_row wpb_row vc_row-fluid\"><div class=\"wpb_column vc_column_container vc_col-sm-6\"><div class=\"vc_column-inner\"><div class=\"wpb_wrapper\"><div class=\"aio-icon-component   box-hellblau vorteilbox style_1\"><a class=\"aio-icon-box-link\" href=\"https:\/\/dev.stadtwerke-landshut.de\/hu\/energie\/fernwaerme\/\" title=\"Unsere Fernw\u00e4rme Angebote\" target=\"_blank\" rel=\"noopener\" ><div id=\"Info-box-wrap-1155\" class=\"aio-icon-box square_box-icon\" style=\"\"  ><div class=\"aio-icon-square_box\"><div class=\"ult-just-icon-wrapper\"><div class=\"align-icon\" style=\"text-align:center;\">\n<div class=\"aio-icon-img\" style=\"font-size:60px;background:#006fb9;border-style:solid;border-color:#ffffff;border-width:5px;padding:10px;border-radius:100px;display:inline-block;\" >\n\t<img decoding=\"async\" class=\"img-icon\" alt=\"Icon Fernw\u00e4rme\" src=\"https:\/\/dev.stadtwerke-landshut.de\/wp-content\/uploads\/fernwaerme_icon.png\"\/>\n<\/div><\/div><\/div><\/div><div class=\"aio-icon-header\" ><h3 class=\"aio-icon-title ult-responsive\"  data-ultimate-target='#Info-box-wrap-1155 .aio-icon-title'  data-responsive-json-new='{\"font-size\":\"\",\"line-height\":\"\"}'  style=\"\">t\u00e1vf\u0171t\u00e9s<\/h3><\/div> <!-- header --><div class=\"aio-icon-description ult-responsive\"  data-ultimate-target='#Info-box-wrap-1155 .aio-icon-description'  data-responsive-json-new='{\"font-size\":\"\",\"line-height\":\"\"}'  style=\"\"><span style=\"color: black;\">K\u00e9nyelem az \u00e9ghajlatv\u00e9delem mellett egy forr\u00e1sb\u00f3l - azaz a Landshut t\u00e1vf\u0171t\u00e9sb\u0151l. A t\u00e1vf\u0171t\u00e9shez vezet\u0151 \u00fat itt tal\u00e1lhat\u00f3.<\/span><\/p>\n<p>\u00bbTov\u00e1bbi inform\u00e1ci\u00f3k<\/div> <!-- description --><\/div> <!-- aio-icon-box --><\/a><\/div> <!-- aio-icon-component --><\/div><\/div><\/div><div class=\"wpb_column vc_column_container vc_col-sm-6\"><div class=\"vc_column-inner\"><div class=\"wpb_wrapper\"><div class=\"aio-icon-component   box-hellblau vorteilbox style_1\"><a class=\"aio-icon-box-link\" href=\"https:\/\/dev.stadtwerke-landshut.de\/hu\/energie\/energiedienste\/\" title=\"Tipps zu Energiefressern\" target=\"_blank\" rel=\"noopener\" ><div id=\"Info-box-wrap-4098\" class=\"aio-icon-box square_box-icon\" style=\"\"  ><div class=\"aio-icon-square_box\"><div class=\"ult-just-icon-wrapper\"><div class=\"align-icon\" style=\"text-align:center;\">\n<div class=\"aio-icon-img\" style=\"font-size:60px;background:#006fb9;border-style:solid;border-color:#ffffff;border-width:5px;padding:10px;border-radius:100px;display:inline-block;\" >\n\t<img decoding=\"async\" class=\"img-icon\" alt=\"Icon zur Energieberatung\" src=\"https:\/\/dev.stadtwerke-landshut.de\/wp-content\/uploads\/energieberatung_icon.png\"\/>\n<\/div><\/div><\/div><\/div><div class=\"aio-icon-header\" ><h3 class=\"aio-icon-title ult-responsive\"  data-ultimate-target='#Info-box-wrap-4098 .aio-icon-title'  data-responsive-json-new='{\"font-size\":\"\",\"line-height\":\"\"}'  style=\"\">energetikai szolg\u00e1ltat\u00e1sok<\/h3><\/div> <!-- header --><div class=\"aio-icon-description ult-responsive\"  data-ultimate-target='#Info-box-wrap-4098 .aio-icon-description'  data-responsive-json-new='{\"font-size\":\"\",\"line-height\":\"\"}'  style=\"\"><span style=\"color: black;\">Az energiamegtakar\u00edt\u00e1snak sokf\u00e9le m\u00f3dja van a k\u00e9nyelem elveszt\u00e9se n\u00e9lk\u00fcl. Megmutatjuk, hogyan lehet nyomon k\u00f6vetni az energiagomb\u00e1kat.<\/span><\/p>\n<p>\u00bbTov\u00e1bbi inform\u00e1ci\u00f3k<\/div> <!-- description --><\/div> <!-- aio-icon-box --><\/a><\/div> <!-- aio-icon-component --><\/div><\/div><\/div><\/div><div class=\"vc_row-full-width vc_clearfix\"><\/div><div data-vc-full-width=\"true\" data-vc-full-width-temp=\"true\" data-vc-full-width-init=\"false\" class=\"vc_row wpb_row vc_row-fluid\"><div class=\"wpb_column vc_column_container vc_col-sm-12\"><div class=\"vc_column-inner\"><div class=\"wpb_wrapper\"><div class=\"ult-spacer spacer-69f61f8fc4751\" data-id=\"69f61f8fc4751\" data-height=\"200\" data-height-mobile=\"50\" data-height-tab=\"\" data-height-tab-portrait=\"\" data-height-mobile-landscape=\"100\" style=\"clear:both;display:block;\"><\/div><h2 style=\"text-align: center\" class=\"vc_custom_heading vc_do_custom_heading weiss\" >R\u00f6vid sz\u00fcnet a mindennapi \u00e9letb\u0151l a v\u00e1rosi medenc\u00e9ben<\/h2>\n\t<div class=\"wpb_text_column wpb_content_element weiss\" >\n\t\t<div class=\"wpb_wrapper\">\n\t\t\t<h4 style=\"text-align: center;\">F\u00fcr 13,00 \u20ac Sauna und Hallenbad genie\u00dfen (Tagespreis), solange Sie wollen!<\/h4>\n\n\t\t<\/div>\n\t<\/div>\n<div class=\"ult-spacer spacer-69f61f8fc4930\" data-id=\"69f61f8fc4930\" data-height=\"15\" data-height-mobile=\"15\" data-height-tab=\"15\" data-height-tab-portrait=\"\" data-height-mobile-landscape=\"\" style=\"clear:both;display:block;\"><\/div><div class=\"vc_btn3-container vc_btn3-center vc_do_btn\" ><a class=\"vc_general vc_btn3 vc_btn3-size-md vc_btn3-shape-square vc_btn3-style-outline vc_btn3-icon-left vc_btn3-color-default\" href=\"https:\/\/dev.stadtwerke-landshut.de\/hu\/stadtbad\/sauna-wellness\/\" title=\"Stadtbad Landshut\"><i class=\"vc_btn3-icon fa fa-angle-double-right\"><\/i> Ismerje meg most a szaun\u00e1nkat<\/a><\/div><div class=\"ult-spacer spacer-69f61f8fc4b53\" data-id=\"69f61f8fc4b53\" data-height=\"200\" data-height-mobile=\"50\" data-height-tab=\"\" data-height-tab-portrait=\"\" data-height-mobile-landscape=\"100\" style=\"clear:both;display:block;\"><\/div><\/div><\/div><\/div><\/div><div class=\"vc_row-full-width vc_clearfix\"><\/div><!-- Row Backgrounds --><div class=\"upb_bg_img\" data-ultimate-bg=\"url(https:\/\/dev.stadtwerke-landshut.de\/wp-content\/uploads\/190304_Saunanacht.jpg)\" data-image-id=\"id^4527|url^https:\/\/dev.stadtwerke-landshut.de\/wp-content\/uploads\/190304_Saunanacht.jpg|caption^null|alt^null|title^190304_Saunanacht|description^null\" data-ultimate-bg-style=\"vcpb-default\" data-bg-img-repeat=\"repeat\" data-bg-img-size=\"cover\" data-bg-img-position=\"\" data-parallx_sense=\"30\" data-bg-override=\"0\" data-bg_img_attach=\"scroll\" data-upb-overlay-color=\"rgba(0,0,0,0.45)\" data-upb-bg-animation=\"\" data-fadeout=\"\" data-bg-animation=\"left-animation\" data-bg-animation-type=\"h\" data-animation-repeat=\"repeat\" data-fadeout-percentage=\"30\" data-parallax-content=\"\" data-parallax-content-sense=\"30\" data-row-effect-mobile-disable=\"true\" data-img-parallax-mobile-disable=\"true\" data-rtl=\"false\"  data-custom-vc-row=\"\"  data-vc=\"8.7.2\"  data-is_old_vc=\"\"  data-theme-support=\"\"   data-overlay=\"true\" data-overlay-color=\"rgba(0,0,0,0.45)\" data-overlay-pattern=\"\" data-overlay-pattern-opacity=\"0.8\" data-overlay-pattern-size=\"\" data-overlay-pattern-attachment=\"scroll\"    ><\/div>\n<\/div>","protected":false},"excerpt":{"rendered":"Fair, zuverl\u00e4ssig und regional Als regionaler Energieversorger sind wir in Stadt und Landkreis fest verwurzelt und tragen einen erheblichen Anteil an der wirtschaftlichen und \u00f6kologischen Entwicklung der Region bei. Uns [...]","protected":false},"author":1,"featured_media":1466,"parent":0,"menu_order":0,"comment_status":"closed","ping_status":"closed","template":"","meta":{"_relevanssi_hide_post":"","_relevanssi_hide_content":"","_relevanssi_pin_for_all":"","_relevanssi_pin_keywords":"","_relevanssi_unpin_keywords":"","_relevanssi_related_keywords":"","_relevanssi_related_include_ids":"","_relevanssi_related_exclude_ids":"","_relevanssi_related_no_append":"","_relevanssi_related_not_related":"","_relevanssi_related_posts":"","_relevanssi_noindex_reason":"","footnotes":""},"class_list":["post-15","page","type-page","status-publish","has-post-thumbnail","hentry"],"publishpress_future_action":{"enabled":false,"date":"2026-05-09 18:00:15","action":"change-status","newStatus":"draft","terms":[],"taxonomy":"","extraData":[]},"publishpress_future_workflow_manual_trigger":{"enabledWorkflows":[]},"_links":{"self":[{"href":"https:\/\/dev.stadtwerke-landshut.de\/hu\/wp-json\/wp\/v2\/pages\/15","targetHints":{"allow":["GET"]}}],"collection":[{"href":"https:\/\/dev.stadtwerke-landshut.de\/hu\/wp-json\/wp\/v2\/pages"}],"about":[{"href":"https:\/\/dev.stadtwerke-landshut.de\/hu\/wp-json\/wp\/v2\/types\/page"}],"author":[{"embeddable":true,"href":"https:\/\/dev.stadtwerke-landshut.de\/hu\/wp-json\/wp\/v2\/users\/1"}],"replies":[{"embeddable":true,"href":"https:\/\/dev.stadtwerke-landshut.de\/hu\/wp-json\/wp\/v2\/comments?post=15"}],"version-history":[{"count":44,"href":"https:\/\/dev.stadtwerke-landshut.de\/hu\/wp-json\/wp\/v2\/pages\/15\/revisions"}],"predecessor-version":[{"id":26718,"href":"https:\/\/dev.stadtwerke-landshut.de\/hu\/wp-json\/wp\/v2\/pages\/15\/revisions\/26718"}],"wp:featuredmedia":[{"embeddable":true,"href":"https:\/\/dev.stadtwerke-landshut.de\/hu\/wp-json\/wp\/v2\/media\/1466"}],"wp:attachment":[{"href":"https:\/\/dev.stadtwerke-landshut.de\/hu\/wp-json\/wp\/v2\/media?parent=15"}],"curies":[{"name":"wp","href":"https:\/\/api.w.org\/{rel}","templated":true}]}}