{"id":2209,"date":"2019-08-26T09:37:40","date_gmt":"2019-08-26T07:37:40","guid":{"rendered":"https:\/\/dev.stadtwerke-landshut.de\/?page_id=2209"},"modified":"2025-06-09T12:17:39","modified_gmt":"2025-06-09T10:17:39","slug":"mobilitaet","status":"publish","type":"page","link":"https:\/\/dev.stadtwerke-landshut.de\/hu\/geschaeftskundenbereich\/mobilitaet\/","title":{"rendered":"mobilit\u00e1s"},"content":{"rendered":"<div class=\"wpb-content-wrapper\"><div class=\"vc_row wpb_row vc_row-fluid\"><div class=\"wpb_column vc_column_container vc_col-sm-12\"><div class=\"vc_column-inner\"><div class=\"wpb_wrapper\">\n\t<div class=\"wpb_text_column wpb_content_element ankerlinks\" >\n\t\t<div class=\"wpb_wrapper\">\n\t\t\t<p>Ezen az oldalon mindent megtal\u00e1l a t\u00e9m\u00e1kr\u00f3l\u00a0<a href=\"#2\">\u00bbAut\u00f3busz b\u00e9rl\u00e9s<\/a> \u00e9s <a href=\"#3\">\u00bbT\u00f6lt\u0151\u00e1llom\u00e1sok<\/a> v\u00e1llalatok sz\u00e1m\u00e1ra.<\/p>\n\n\t\t<\/div>\n\t<\/div>\n<\/div><\/div><\/div><\/div><div class=\"vc_row wpb_row vc_row-fluid no-padding\"><div class=\"wpb_column vc_column_container vc_col-sm-12\"><div class=\"vc_column-inner\"><div class=\"wpb_wrapper\"><div class=\"ult-spacer spacer-69f61f932b43b\" data-id=\"69f61f932b43b\" data-height=\"30\" data-height-mobile=\"30\" data-height-tab=\"30\" data-height-tab-portrait=\"\" data-height-mobile-landscape=\"\" style=\"clear:both;display:block;\"><\/div><h2 style=\"text-align: left\" class=\"vc_custom_heading vc_do_custom_heading grau\" >Hozz\u00e1adott \u00e9rt\u00e9k l\u00e9trehoz\u00e1sa az alkalmazottak sz\u00e1m\u00e1ra<\/h2>\n\t<div class=\"wpb_text_column wpb_content_element\" >\n\t\t<div class=\"wpb_wrapper\">\n\t\t\t<p>F\u00fcr Firmenevents, Meetings oder Standortbesichtigungen: Ein <a href=\"#2\">Fahrservice mit unseren Niederflurbussen<\/a> sorgt f\u00fcr einen komfortablen Transfer im Stadtgebiet.<br data-start=\"445\" data-end=\"448\" \/>Auch auf <a href=\"#3\">Ihrem Firmengel\u00e4nde bieten Ladem\u00f6glichkeiten f\u00fcr Elektrofahrzeuge<\/a> einen zus\u00e4tzlichen Service f\u00fcr Mitarbeitende und Besucher. In beiden Bereichen unterst\u00fctzen wir Ihr Unternehmen mit L\u00f6sungen. Rufen Sie uns gerne an oder schreiben Sie uns.<\/p>\n\n\t\t<\/div>\n\t<\/div>\n<div class=\"ult-spacer spacer-69f61f932b6f6\" data-id=\"69f61f932b6f6\" data-height=\"30\" data-height-mobile=\"30\" data-height-tab=\"30\" data-height-tab-portrait=\"\" data-height-mobile-landscape=\"\" style=\"clear:both;display:block;\"><\/div><\/div><\/div><\/div><\/div><div id=\"2\" data-vc-full-width=\"true\" data-vc-full-width-temp=\"true\" data-vc-full-width-init=\"false\" class=\"vc_row wpb_row vc_row-fluid tauschen hg-weiss\"><div class=\"reverse-row wpb_column vc_column_container vc_col-sm-4\"><div class=\"vc_column-inner\"><div class=\"wpb_wrapper\"><div class=\"ult-spacer spacer-69f61f932bcc1\" data-id=\"69f61f932bcc1\" data-height=\"30\" data-height-mobile=\"0\" data-height-tab=\"\" data-height-tab-portrait=\"\" data-height-mobile-landscape=\"0\" style=\"clear:both;display:block;\"><\/div>\n\t<div  class=\"wpb_single_image wpb_content_element vc_align_left wpb_content_element\">\n\t\t\n\t\t<figure class=\"wpb_wrapper vc_figure\">\n\t\t\t<div class=\"vc_single_image-wrapper   vc_box_border_grey\"><img loading=\"lazy\" decoding=\"async\" width=\"1200\" height=\"800\" src=\"https:\/\/dev.stadtwerke-landshut.de\/wp-content\/uploads\/Busse-front.png\" class=\"vc_single_image-img attachment-full\" alt=\"Linienbusse der Stadtwerke Landshut\" title=\"Front-der-Linienbusse\" srcset=\"https:\/\/dev.stadtwerke-landshut.de\/wp-content\/uploads\/Busse-front.png 1200w, https:\/\/dev.stadtwerke-landshut.de\/wp-content\/uploads\/Busse-front-300x200.png 300w, https:\/\/dev.stadtwerke-landshut.de\/wp-content\/uploads\/Busse-front-768x512.png 768w, https:\/\/dev.stadtwerke-landshut.de\/wp-content\/uploads\/Busse-front-1024x683.png 1024w, https:\/\/dev.stadtwerke-landshut.de\/wp-content\/uploads\/Busse-front-600x400.png 600w\" sizes=\"auto, (max-width: 1200px) 100vw, 1200px\" \/><\/div>\n\t\t<\/figure>\n\t<\/div>\n<div class=\"ult-spacer spacer-69f61f932c144\" data-id=\"69f61f932c144\" data-height=\"15\" data-height-mobile=\"15\" data-height-tab=\"15\" data-height-tab-portrait=\"\" data-height-mobile-landscape=\"\" style=\"clear:both;display:block;\"><\/div><h5 style=\"text-align: left\" class=\"vc_custom_heading vc_do_custom_heading blau\" >Van k\u00e9rd\u00e9se a transzfer szolg\u00e1ltat\u00e1s\u00e1val kapcsolatban?<\/h5><div class=\"ult-content-box-container hg-lichtgrau\" >\t\t<div class=\"ult-content-box\" style=\"box-shadow: 0px 0px 5px px rgba(0,0,0,0.15) ;border-style:solid;border-width:1px;border-color:#e5e5e5;padding:15px;-webkit-transition: all 700ms ease;-moz-transition: all 700ms ease;-ms-transition: all 700ms ease;-o-transition: all 700ms ease;transition: all 700ms ease;\"  data-hover_box_shadow=\"none\"     data-border_color=\"#e5e5e5\" >\n\t<div class=\"wpb_text_column wpb_content_element no-margin\" >\n\t\t<div class=\"wpb_wrapper\">\n\t\t\t<p><strong>\u00e9rintkez\u00e9s<\/strong><\/p>\n<p><strong>telefon:<\/strong> 0871 1436 2701<br \/>\n<strong>E-mail:<\/strong> <a href=\"mailto:verkehrsbetrieb@dev.stadtwerke-landshut.de\">verkehrsbetrieb@dev.stadtwerke-landshut.de<\/a><\/p>\n\n\t\t<\/div>\n\t<\/div>\n\t\t<\/div><\/div><div class=\"ult-spacer spacer-69f61f932c386\" data-id=\"69f61f932c386\" data-height=\"30\" data-height-mobile=\"30\" data-height-tab=\"30\" data-height-tab-portrait=\"\" data-height-mobile-landscape=\"\" style=\"clear:both;display:block;\"><\/div><\/div><\/div><\/div><div class=\"wpb_column vc_column_container vc_col-sm-8\"><div class=\"vc_column-inner\"><div class=\"wpb_wrapper\"><div class=\"ult-spacer spacer-69f61f932c4d1\" data-id=\"69f61f932c4d1\" data-height=\"30\" data-height-mobile=\"30\" data-height-tab=\"30\" data-height-tab-portrait=\"\" data-height-mobile-landscape=\"\" style=\"clear:both;display:block;\"><\/div><h3 style=\"text-align: left\" class=\"vc_custom_heading vc_do_custom_heading grau\" >Buszk\u00f6lcs\u00f6nz\u00e9s - olcs\u00f3 transzfer szolg\u00e1ltat\u00e1s buszsof\u0151rrel<\/h3>\n\t<div class=\"wpb_text_column wpb_content_element\" >\n\t\t<div class=\"wpb_wrapper\">\n\t\t\t<p>Gyakran sok embert kell egyszerre sz\u00e1ll\u00edtani A-b\u00f3l B-be. P\u00e9ld\u00e1ul egy partit tervez a Burg Trausnitz-ben? N\u00e1lunk kaphatja meg rendezv\u00e9ny\u00e9hez a megfelel\u0151 transzfert, bele\u00e9rtve a buszt \u00e9s a sof\u0151t. Aut\u00f3buszjaink ide\u00e1lisak nagy \u00e9s kisebb rendezv\u00e9nyekhez vagy kir\u00e1ndul\u00e1sokhoz a k\u00f6rny\u00e9ken.<\/p>\n<p>V\u00e1laszthat a k\u00f6vetkez\u0151k k\u00f6z\u00fcl:<\/p>\n<ul>\n<li>Csukl\u00f3s busz (max. 110 szem\u00e9ly)<\/li>\n<li>Solo busz (max. 60 f\u0151)<\/li>\n<\/ul>\n<p>A nagyobb rendezv\u00e9nyek szervez\u0151i t\u00e1maszkodhatnak know-how-rainkba a parkol\u00e1s \u00e9s a k\u00f6lt\u00f6ztet\u00e9s, valamint az ingaj\u00e1rat forgalma ter\u00e9n is.<br \/>\nCsak k\u00fcldj\u00f6n egy e-mailt a legfontosabb adatokkal (k\u00edv\u00e1nt d\u00e1tum, id\u0151, v\u00e1rhat\u00f3 id\u0151tartam, emberek sz\u00e1ma) <a href=\"\/hu\/verkehrsbetrieb@dev.stadtwerke-landshut.de\/\">verkehrsbetrieb@dev.stadtwerke-landshut.de<\/a>, Azonnal nem k\u00f6telez\u0151 \u00e9rv\u00e9ny\u0171 aj\u00e1nlatot kap.<\/p>\n\n\t\t<\/div>\n\t<\/div>\n<div class=\"ult-spacer spacer-69f61f932c697\" data-id=\"69f61f932c697\" data-height=\"15\" data-height-mobile=\"15\" data-height-tab=\"15\" data-height-tab-portrait=\"\" data-height-mobile-landscape=\"\" style=\"clear:both;display:block;\"><\/div>\n\t<div class=\"wpb_text_column wpb_content_element downloadliste\" >\n\t\t<div class=\"wpb_wrapper\">\n\t\t\t<ul>\n<li><a href=\"https:\/\/dev.stadtwerke-landshut.de\/wp-content\/uploads\/Uebersicht-Preise-Bus-mieten_NEU.pdf?ver=1\" target=\"_blank\" rel=\"noopener noreferrer\">\u00c1rlista buszb\u00e9rl\u00e9s<\/a><\/li>\n<\/ul>\n\n\t\t<\/div>\n\t<\/div>\n<div class=\"ult-spacer spacer-69f61f932c756\" data-id=\"69f61f932c756\" data-height=\"30\" data-height-mobile=\"30\" data-height-tab=\"30\" data-height-tab-portrait=\"\" data-height-mobile-landscape=\"\" style=\"clear:both;display:block;\"><\/div><\/div><\/div><\/div><\/div><div class=\"vc_row-full-width vc_clearfix\"><\/div><div id=\"3\" data-vc-full-width=\"true\" data-vc-full-width-temp=\"true\" data-vc-full-width-init=\"false\" class=\"vc_row wpb_row vc_row-fluid hg-lichtgrau\"><div class=\"wpb_column vc_column_container vc_col-sm-8\"><div class=\"vc_column-inner\"><div class=\"wpb_wrapper\"><div class=\"ult-spacer spacer-69f61f932ca25\" data-id=\"69f61f932ca25\" data-height=\"30\" data-height-mobile=\"30\" data-height-tab=\"30\" data-height-tab-portrait=\"\" data-height-mobile-landscape=\"\" style=\"clear:both;display:block;\"><\/div><h3 style=\"text-align: left\" class=\"vc_custom_heading vc_do_custom_heading grau\" >T\u00f6lt\u0151\u00e1llom\u00e1sok a v\u00e1llalati parkol\u00f3ban<\/h3>\n\t<div class=\"wpb_text_column wpb_content_element\" >\n\t\t<div class=\"wpb_wrapper\">\n\t\t\t<p>Sie planen auf Ihrem Firmengel\u00e4nde im Stadtgebiet Landshut Ladestationen f\u00fcr Elektroautos Ihrer Kunden und Mitarbeiter?<\/p>\n<p>Ha \u00e9rdekli a saj\u00e1t e-t\u00f6lt\u0151\u00e1llom\u00e1sa, k\u00e9rj\u00fck, vegye fel vel\u00fcnk a kapcsolatot e-mailben <a href=\"mailto:vertrieb@dev.stadtwerke-landshut.de\"> vertrieb@dev.stadtwerke-landshut.de<\/a>, \u00d6r\u00f6mmel dolgozunk ki \u00f6n\u00e1ll\u00f3 megold\u00e1st.<\/p>\n<p>Kl\u00edmabar\u00e1t energiaell\u00e1t\u00e1s c\u00e9lj\u00e1b\u00f3l az \u00d6koMax \u00e9s az \u00d6koLogisch \u00f6ko-energiaterm\u00e9keinket aj\u00e1nljuk. Tudjon meg t\u00f6bbet a <a href=\"https:\/\/dev.stadtwerke-landshut.de\/hu\/geschaeftskundenbereich\/geschaeftskunden-energie\/\" target=\"_blank\" rel=\"noopener noreferrer\">Energia az \u00fczleti \u00fcgyfelek sz\u00e1m\u00e1ra<\/a>.<\/p>\n\n\t\t<\/div>\n\t<\/div>\n<div class=\"ult-spacer spacer-69f61f932cbde\" data-id=\"69f61f932cbde\" data-height=\"15\" data-height-mobile=\"15\" data-height-tab=\"15\" data-height-tab-portrait=\"\" data-height-mobile-landscape=\"\" style=\"clear:both;display:block;\"><\/div><\/div><\/div><\/div><div class=\"reverse-row wpb_column vc_column_container vc_col-sm-4\"><div class=\"vc_column-inner\"><div class=\"wpb_wrapper\"><div class=\"ult-spacer spacer-69f61f932cd11\" data-id=\"69f61f932cd11\" data-height=\"30\" data-height-mobile=\"0\" data-height-tab=\"\" data-height-tab-portrait=\"\" data-height-mobile-landscape=\"0\" style=\"clear:both;display:block;\"><\/div>\n\t<div  class=\"wpb_single_image wpb_content_element vc_align_left wpb_content_element\">\n\t\t\n\t\t<figure class=\"wpb_wrapper vc_figure\">\n\t\t\t<div class=\"vc_single_image-wrapper   vc_box_border_grey\"><img loading=\"lazy\" decoding=\"async\" width=\"1600\" height=\"1067\" src=\"https:\/\/dev.stadtwerke-landshut.de\/wp-content\/uploads\/04-Stromtankstelle.jpg\" class=\"vc_single_image-img attachment-full\" alt=\"Elektroautos und Stromtankstelle\" title=\"Stromtankstelle\" srcset=\"https:\/\/dev.stadtwerke-landshut.de\/wp-content\/uploads\/04-Stromtankstelle.jpg 1600w, https:\/\/dev.stadtwerke-landshut.de\/wp-content\/uploads\/04-Stromtankstelle-600x400.jpg 600w, https:\/\/dev.stadtwerke-landshut.de\/wp-content\/uploads\/04-Stromtankstelle-300x200.jpg 300w, https:\/\/dev.stadtwerke-landshut.de\/wp-content\/uploads\/04-Stromtankstelle-768x512.jpg 768w, https:\/\/dev.stadtwerke-landshut.de\/wp-content\/uploads\/04-Stromtankstelle-1024x683.jpg 1024w\" sizes=\"auto, (max-width: 1600px) 100vw, 1600px\" \/><\/div>\n\t\t<\/figure>\n\t<\/div>\n<div class=\"ult-spacer spacer-69f61f932d05b\" data-id=\"69f61f932d05b\" data-height=\"15\" data-height-mobile=\"15\" data-height-tab=\"15\" data-height-tab-portrait=\"\" data-height-mobile-landscape=\"\" style=\"clear:both;display:block;\"><\/div><h5 style=\"text-align: left\" class=\"vc_custom_heading vc_do_custom_heading blau\" >Van k\u00e9rd\u00e9se a t\u00f6lt\u0151\u00e1llom\u00e1sokkal kapcsolatban?<\/h5><div class=\"ult-content-box-container hg-weiss\" >\t\t<div class=\"ult-content-box\" style=\"box-shadow: 0px 0px 5px px rgba(0,0,0,0.15) ;border-style:solid;border-width:1px;border-color:#e5e5e5;padding:15px;-webkit-transition: all 700ms ease;-moz-transition: all 700ms ease;-ms-transition: all 700ms ease;-o-transition: all 700ms ease;transition: all 700ms ease;\"  data-hover_box_shadow=\"none\"     data-border_color=\"#e5e5e5\" >\n\t<div class=\"wpb_text_column wpb_content_element no-margin\" >\n\t\t<div class=\"wpb_wrapper\">\n\t\t\t<p><strong>\u00e9rintkez\u00e9s<\/strong><\/p>\n<p><strong>telefon:<\/strong> 0871 1436 2081<br \/>\n<strong>E-mail:<\/strong> <a href=\"mailto:vertrieb@dev.stadtwerke-landshut.de\">vertrieb@dev.stadtwerke-landshut.de<\/a><\/p>\n\n\t\t<\/div>\n\t<\/div>\n\t\t<\/div><\/div><div class=\"ult-spacer spacer-69f61f932d27c\" data-id=\"69f61f932d27c\" data-height=\"30\" data-height-mobile=\"30\" data-height-tab=\"30\" data-height-tab-portrait=\"\" data-height-mobile-landscape=\"\" style=\"clear:both;display:block;\"><\/div><\/div><\/div><\/div><\/div><div class=\"vc_row-full-width vc_clearfix\"><\/div>\n<\/div>","protected":false},"excerpt":{"rendered":"Auf dieser Seite finden Sie alles zu den Themen\u00a0\u00bb Bus mieten und \u00bb\u00a0Stromtankstellen f\u00fcr Unternehmen. Mehrwerte f\u00fcr Mitarbeiter schaffen F\u00fcr Firmenevents, Meetings oder Standortbesichtigungen: Ein Fahrservice mit unseren Niederflurbussen sorgt [...]","protected":false},"author":5,"featured_media":3472,"parent":311,"menu_order":0,"comment_status":"closed","ping_status":"closed","template":"","meta":{"_relevanssi_hide_post":"","_relevanssi_hide_content":"","_relevanssi_pin_for_all":"","_relevanssi_pin_keywords":"","_relevanssi_unpin_keywords":"","_relevanssi_related_keywords":"","_relevanssi_related_include_ids":"","_relevanssi_related_exclude_ids":"","_relevanssi_related_no_append":"","_relevanssi_related_not_related":"","_relevanssi_related_posts":"","_relevanssi_noindex_reason":"","footnotes":""},"class_list":["post-2209","page","type-page","status-publish","has-post-thumbnail","hentry"],"publishpress_future_action":{"enabled":false,"date":"2026-05-09 18:00:19","action":"change-status","newStatus":"draft","terms":[],"taxonomy":"","extraData":[]},"publishpress_future_workflow_manual_trigger":{"enabledWorkflows":[]},"_links":{"self":[{"href":"https:\/\/dev.stadtwerke-landshut.de\/hu\/wp-json\/wp\/v2\/pages\/2209","targetHints":{"allow":["GET"]}}],"collection":[{"href":"https:\/\/dev.stadtwerke-landshut.de\/hu\/wp-json\/wp\/v2\/pages"}],"about":[{"href":"https:\/\/dev.stadtwerke-landshut.de\/hu\/wp-json\/wp\/v2\/types\/page"}],"author":[{"embeddable":true,"href":"https:\/\/dev.stadtwerke-landshut.de\/hu\/wp-json\/wp\/v2\/users\/5"}],"replies":[{"embeddable":true,"href":"https:\/\/dev.stadtwerke-landshut.de\/hu\/wp-json\/wp\/v2\/comments?post=2209"}],"version-history":[{"count":140,"href":"https:\/\/dev.stadtwerke-landshut.de\/hu\/wp-json\/wp\/v2\/pages\/2209\/revisions"}],"predecessor-version":[{"id":26817,"href":"https:\/\/dev.stadtwerke-landshut.de\/hu\/wp-json\/wp\/v2\/pages\/2209\/revisions\/26817"}],"up":[{"embeddable":true,"href":"https:\/\/dev.stadtwerke-landshut.de\/hu\/wp-json\/wp\/v2\/pages\/311"}],"wp:featuredmedia":[{"embeddable":true,"href":"https:\/\/dev.stadtwerke-landshut.de\/hu\/wp-json\/wp\/v2\/media\/3472"}],"wp:attachment":[{"href":"https:\/\/dev.stadtwerke-landshut.de\/hu\/wp-json\/wp\/v2\/media?parent=2209"}],"curies":[{"name":"wp","href":"https:\/\/api.w.org\/{rel}","templated":true}]}}