{"id":311,"date":"2019-06-26T11:05:27","date_gmt":"2019-06-26T09:05:27","guid":{"rendered":"https:\/\/dev.stadtwerke-landshut.de\/?page_id=311"},"modified":"2025-05-21T13:46:11","modified_gmt":"2025-05-21T11:46:11","slug":"geschaeftskundenbereich","status":"publish","type":"page","link":"https:\/\/dev.stadtwerke-landshut.de\/hu\/geschaeftskundenbereich\/","title":{"rendered":"\u00fczleti \u00fcgyfelek"},"content":{"rendered":"<div class=\"wpb-content-wrapper\"><div data-vc-full-width=\"true\" data-vc-full-width-temp=\"true\" data-vc-full-width-init=\"false\" class=\"vc_row wpb_row vc_row-fluid\"><div class=\"wpb_column vc_column_container vc_col-sm-12\"><div class=\"vc_column-inner\"><div class=\"wpb_wrapper\"><div class=\"vc_empty_space\"   style=\"height: 15px\"><span class=\"vc_empty_space_inner\"><\/span><\/div><\/div><\/div><\/div><\/div><div class=\"vc_row-full-width vc_clearfix\"><\/div><div data-vc-full-width=\"true\" data-vc-full-width-temp=\"true\" data-vc-full-width-init=\"false\" class=\"vc_row wpb_row vc_row-fluid\"><div class=\"wpb_column vc_column_container vc_col-sm-12\"><div class=\"vc_column-inner\"><div class=\"wpb_wrapper\"><h3 style=\"text-align: left\" class=\"vc_custom_heading vc_do_custom_heading grau\" >Sokoldal\u00fas\u00e1g \u00fczleti \u00e9s kereskedelmi \u00fcgyfelek sz\u00e1m\u00e1ra<\/h3>\n\t<div class=\"wpb_text_column wpb_content_element\" >\n\t\t<div class=\"wpb_wrapper\">\n\t\t\t<p>Egy\u00e9ni aj\u00e1nlatok c\u00e9ge sz\u00e1m\u00e1ra: Nem csak villamos energi\u00e1t tudunk sz\u00e1ll\u00edtani. A Stadtwerke Landshut-n\u00e1l nem csak megb\u00edzhat\u00f3 energiaell\u00e1t\u00e1st, hanem speci\u00e1lis helyi hirdet\u00e9si tereket is kap v\u00e1llalkoz\u00e1sa sz\u00e1m\u00e1ra. Vagy munkab\u00e9r az alkalmazottak sz\u00e1m\u00e1ra a LAVV 100-as viteld\u00edjz\u00f3n\u00e1j\u00e1ba (v\u00e1rosi buszter\u00fclet).<\/p>\n\n\t\t<\/div>\n\t<\/div>\n<\/div><\/div><\/div><\/div><div class=\"vc_row-full-width vc_clearfix\"><\/div><div data-vc-full-width=\"true\" data-vc-full-width-temp=\"true\" data-vc-full-width-init=\"false\" class=\"vc_row wpb_row vc_row-fluid\"><div class=\"wpb_column vc_column_container vc_col-sm-4\"><div class=\"vc_column-inner\"><div class=\"wpb_wrapper\"><div class=\"aio-icon-component   box-hellblau vorteilbox style_1\"><a class=\"aio-icon-box-link\" href=\"https:\/\/dev.stadtwerke-landshut.de\/hu\/geschaeftskundenbereich\/geschaeftskunden-energie\/\" title=\"Energieversorger auch f\u00fcr Gesch\u00e4ftskunden\" target=\"_blank\" rel=\"noopener\" ><div id=\"Info-box-wrap-7774\" class=\"aio-icon-box square_box-icon\" style=\"\"  ><div class=\"aio-icon-square_box\"><div class=\"ult-just-icon-wrapper\"><div class=\"align-icon\" style=\"text-align:center;\">\n<div class=\"aio-icon-img\" style=\"font-size:60px;background:#006fb9;border-style:solid;border-color:#ffffff;border-width:5px;padding:10px;border-radius:100px;display:inline-block;\" >\n\t<img decoding=\"async\" class=\"img-icon\" alt=\"null\" src=\"https:\/\/dev.stadtwerke-landshut.de\/wp-content\/uploads\/energie_icon3-1.png\"\/>\n<\/div><\/div><\/div><\/div><div class=\"aio-icon-header\" ><h3 class=\"aio-icon-title ult-responsive\"  data-ultimate-target='#Info-box-wrap-7774 .aio-icon-title'  data-responsive-json-new='{\"font-size\":\"\",\"line-height\":\"\"}'  style=\"\">energia<\/h3><\/div> <!-- header --><div class=\"aio-icon-description ult-responsive\"  data-ultimate-target='#Info-box-wrap-7774 .aio-icon-description'  data-responsive-json-new='{\"font-size\":\"\",\"line-height\":\"\"}'  style=\"\"><span style=\"color: black;\">A v\u00e1llalkoz\u00f3k sz\u00e1m\u00e1ra minden bizonnyal megb\u00edzhat\u00f3 ell\u00e1t\u00e1s sz\u00fcks\u00e9ges, \u00e9s kattintson ide az egy\u00e9ni ig\u00e9nyeinek megfelel\u0151 aj\u00e1nlathoz.<\/span><\/p>\n<p>\u00bbTov\u00e1bbi inform\u00e1ci\u00f3k<\/div> <!-- description --><\/div> <!-- aio-icon-box --><\/a><\/div> <!-- aio-icon-component --><\/div><\/div><\/div><div class=\"wpb_column vc_column_container vc_col-sm-4\"><div class=\"vc_column-inner\"><div class=\"wpb_wrapper\"><div class=\"aio-icon-component   box-hellblau vorteilbox style_1\"><a class=\"aio-icon-box-link\" href=\"https:\/\/dev.stadtwerke-landshut.de\/hu\/geschaeftskundenbereich\/werbung\/\" title=\"Werben Sie bei uns\" target=\"_blank\" rel=\"noopener\" ><div id=\"Info-box-wrap-5487\" class=\"aio-icon-box square_box-icon\" style=\"\"  ><div class=\"aio-icon-square_box\"><div class=\"ult-just-icon-wrapper\"><div class=\"align-icon\" style=\"text-align:center;\">\n<div class=\"aio-icon-img\" style=\"font-size:60px;background:#006fb9;border-style:solid;border-color:#ffffff;border-width:5px;padding:10px;border-radius:100px;display:inline-block;\" >\n\t<img decoding=\"async\" class=\"img-icon\" alt=\"Werben Sie bei uns\" src=\"https:\/\/dev.stadtwerke-landshut.de\/wp-content\/uploads\/werbung_icon.png\"\/>\n<\/div><\/div><\/div><\/div><div class=\"aio-icon-header\" ><h3 class=\"aio-icon-title ult-responsive\"  data-ultimate-target='#Info-box-wrap-5487 .aio-icon-title'  data-responsive-json-new='{\"font-size\":\"\",\"line-height\":\"\"}'  style=\"\">rekl\u00e1moz\u00e1s<\/h3><\/div> <!-- header --><div class=\"aio-icon-description ult-responsive\"  data-ultimate-target='#Info-box-wrap-5487 .aio-icon-description'  data-responsive-json-new='{\"font-size\":\"\",\"line-height\":\"\"}'  style=\"\"><span style=\"color: black;\">Az \u00fcgyfelek els\u0151sorban Landshutban \u00e9s k\u00f6rny\u00e9k\u00e9n \u00e9lnek vagy dolgoznak? Sz\u00e1mos helyi hirdet\u00e9si ter\u00fclet\u00fcnk van.<\/span><\/p>\n<p>\u00bbTov\u00e1bbi inform\u00e1ci\u00f3k<\/div> <!-- description --><\/div> <!-- aio-icon-box --><\/a><\/div> <!-- aio-icon-component --><\/div><\/div><\/div><div class=\"wpb_column vc_column_container vc_col-sm-4\"><div class=\"vc_column-inner\"><div class=\"wpb_wrapper\"><div class=\"aio-icon-component   box-hellblau vorteilbox style_1\"><a class=\"aio-icon-box-link\" href=\"https:\/\/dev.stadtwerke-landshut.de\/hu\/geschaeftskundenbereich\/mobilitaet\/\" title=\"Mobilit\u00e4t in Landshut\" target=\"_blank\" rel=\"noopener\" ><div id=\"Info-box-wrap-5586\" class=\"aio-icon-box square_box-icon\" style=\"\"  ><div class=\"aio-icon-square_box\"><div class=\"ult-just-icon-wrapper\"><div class=\"align-icon\" style=\"text-align:center;\">\n<div class=\"aio-icon-img\" style=\"font-size:60px;background:#006fb9;border-style:solid;border-color:#ffffff;border-width:5px;padding:10px;border-radius:100px;display:inline-block;\" >\n\t<img decoding=\"async\" class=\"img-icon\" alt=\"Mobilitaet in Landshut\" src=\"https:\/\/dev.stadtwerke-landshut.de\/wp-content\/uploads\/mobilitaet_icon.png\"\/>\n<\/div><\/div><\/div><\/div><div class=\"aio-icon-header\" ><h3 class=\"aio-icon-title ult-responsive\"  data-ultimate-target='#Info-box-wrap-5586 .aio-icon-title'  data-responsive-json-new='{\"font-size\":\"\",\"line-height\":\"\"}'  style=\"\">mobilit\u00e1s<\/h3><\/div> <!-- header --><div class=\"aio-icon-description ult-responsive\"  data-ultimate-target='#Info-box-wrap-5586 .aio-icon-description'  data-responsive-json-new='{\"font-size\":\"\",\"line-height\":\"\"}'  style=\"\"><span style=\"color: black;\">K\u00edn\u00e1ljon munkaer\u0151-hozz\u00e1adott \u00e9rt\u00e9ket a munkab\u00e9rnek, vagy b\u00e9reljen transzfert a v\u00e1llalati p\u00e1rt sz\u00e1m\u00e1ra.<\/span><\/p>\n<p>\u00bbTov\u00e1bbi inform\u00e1ci\u00f3k<\/div> <!-- description --><\/div> <!-- aio-icon-box --><\/a><\/div> <!-- aio-icon-component --><\/div><\/div><\/div><\/div><div class=\"vc_row-full-width vc_clearfix\"><\/div><div data-vc-full-width=\"true\" data-vc-full-width-temp=\"true\" data-vc-full-width-init=\"false\" class=\"vc_row wpb_row vc_row-fluid\"><div class=\"wpb_column vc_column_container vc_col-sm-12\"><div class=\"vc_column-inner\"><div class=\"wpb_wrapper\"><div class=\"ult-spacer spacer-69f61f914946b\" data-id=\"69f61f914946b\" data-height=\"200\" data-height-mobile=\"50\" data-height-tab=\"\" data-height-tab-portrait=\"\" data-height-mobile-landscape=\"100\" style=\"clear:both;display:block;\"><\/div><h2 style=\"text-align: center\" class=\"vc_custom_heading vc_do_custom_heading weiss\" >Nyugodt szaun\u00e1k a v\u00e1ros k\u00f6zep\u00e9n.<\/h2>\n\t<div class=\"wpb_text_column wpb_content_element weiss\" >\n\t\t<div class=\"wpb_wrapper\">\n\t\t\t<h4 style=\"text-align: center;\">Hagyja, hogy lelke l\u00f3gjon a szaun\u00e1nkban!<\/h4>\n\n\t\t<\/div>\n\t<\/div>\n<div class=\"ult-spacer spacer-69f61f9149636\" data-id=\"69f61f9149636\" data-height=\"15\" data-height-mobile=\"15\" data-height-tab=\"15\" data-height-tab-portrait=\"\" data-height-mobile-landscape=\"\" style=\"clear:both;display:block;\"><\/div><div class=\"vc_btn3-container vc_btn3-center vc_do_btn\" ><a class=\"vc_general vc_btn3 vc_btn3-size-md vc_btn3-shape-square vc_btn3-style-outline vc_btn3-icon-left vc_btn3-color-default\" href=\"https:\/\/dev.stadtwerke-landshut.de\/hu\/stadtbad\/sauna-wellness\/\" title=\"\" target=\"_blank\"><i class=\"vc_btn3-icon fa fa-angle-double-right\"><\/i> Most ismerkedjen meg szaunater\u00fclet\u00fcnkkel<\/a><\/div><div class=\"ult-spacer spacer-69f61f914986a\" data-id=\"69f61f914986a\" data-height=\"200\" data-height-mobile=\"50\" data-height-tab=\"\" data-height-tab-portrait=\"\" data-height-mobile-landscape=\"100\" style=\"clear:both;display:block;\"><\/div><\/div><\/div><\/div><\/div><div class=\"vc_row-full-width vc_clearfix\"><\/div><!-- Row Backgrounds --><div class=\"upb_bg_img\" data-ultimate-bg=\"url(https:\/\/dev.stadtwerke-landshut.de\/wp-content\/uploads\/sauna_hg.jpg)\" data-image-id=\"id^4934|url^https:\/\/dev.stadtwerke-landshut.de\/wp-content\/uploads\/sauna_hg.jpg|caption^null|alt^null|title^sauna_hg|description^null\" data-ultimate-bg-style=\"vcpb-default\" data-bg-img-repeat=\"repeat\" data-bg-img-size=\"cover\" data-bg-img-position=\"\" data-parallx_sense=\"30\" data-bg-override=\"0\" data-bg_img_attach=\"scroll\" data-upb-overlay-color=\"rgba(0,0,0,0.45)\" data-upb-bg-animation=\"\" data-fadeout=\"\" data-bg-animation=\"left-animation\" data-bg-animation-type=\"h\" data-animation-repeat=\"repeat\" data-fadeout-percentage=\"30\" data-parallax-content=\"\" data-parallax-content-sense=\"30\" data-row-effect-mobile-disable=\"true\" data-img-parallax-mobile-disable=\"true\" data-rtl=\"false\"  data-custom-vc-row=\"\"  data-vc=\"8.7.2\"  data-is_old_vc=\"\"  data-theme-support=\"\"   data-overlay=\"true\" data-overlay-color=\"rgba(0,0,0,0.45)\" data-overlay-pattern=\"\" data-overlay-pattern-opacity=\"0.8\" data-overlay-pattern-size=\"\" data-overlay-pattern-attachment=\"scroll\"    ><\/div>\n<\/div>","protected":false},"excerpt":{"rendered":"Vielseitigkeit f\u00fcr Gesch\u00e4fts- und Gewerbekunden Individuelle Angebote f\u00fcr Ihr Unternehmen: Wir k\u00f6nnen mehr als Strom liefern. Bei den Stadtwerken Landshut bekommen Sie neben einer verl\u00e4sslichen Energieversorgung auch besondere lokale Werbepl\u00e4tze [...]","protected":false},"author":1,"featured_media":2125,"parent":0,"menu_order":0,"comment_status":"closed","ping_status":"closed","template":"","meta":{"_relevanssi_hide_post":"","_relevanssi_hide_content":"","_relevanssi_pin_for_all":"","_relevanssi_pin_keywords":"","_relevanssi_unpin_keywords":"","_relevanssi_related_keywords":"","_relevanssi_related_include_ids":"","_relevanssi_related_exclude_ids":"","_relevanssi_related_no_append":"","_relevanssi_related_not_related":"","_relevanssi_related_posts":"","_relevanssi_noindex_reason":"","footnotes":""},"class_list":["post-311","page","type-page","status-publish","has-post-thumbnail","hentry"],"publishpress_future_action":{"enabled":false,"date":"2026-05-09 18:00:17","action":"change-status","newStatus":"draft","terms":[],"taxonomy":"","extraData":[]},"publishpress_future_workflow_manual_trigger":{"enabledWorkflows":[]},"_links":{"self":[{"href":"https:\/\/dev.stadtwerke-landshut.de\/hu\/wp-json\/wp\/v2\/pages\/311","targetHints":{"allow":["GET"]}}],"collection":[{"href":"https:\/\/dev.stadtwerke-landshut.de\/hu\/wp-json\/wp\/v2\/pages"}],"about":[{"href":"https:\/\/dev.stadtwerke-landshut.de\/hu\/wp-json\/wp\/v2\/types\/page"}],"author":[{"embeddable":true,"href":"https:\/\/dev.stadtwerke-landshut.de\/hu\/wp-json\/wp\/v2\/users\/1"}],"replies":[{"embeddable":true,"href":"https:\/\/dev.stadtwerke-landshut.de\/hu\/wp-json\/wp\/v2\/comments?post=311"}],"version-history":[{"count":26,"href":"https:\/\/dev.stadtwerke-landshut.de\/hu\/wp-json\/wp\/v2\/pages\/311\/revisions"}],"predecessor-version":[{"id":26729,"href":"https:\/\/dev.stadtwerke-landshut.de\/hu\/wp-json\/wp\/v2\/pages\/311\/revisions\/26729"}],"wp:featuredmedia":[{"embeddable":true,"href":"https:\/\/dev.stadtwerke-landshut.de\/hu\/wp-json\/wp\/v2\/media\/2125"}],"wp:attachment":[{"href":"https:\/\/dev.stadtwerke-landshut.de\/hu\/wp-json\/wp\/v2\/media?parent=311"}],"curies":[{"name":"wp","href":"https:\/\/api.w.org\/{rel}","templated":true}]}}