{"id":45,"date":"2019-04-11T17:13:02","date_gmt":"2019-04-11T15:13:02","guid":{"rendered":"https:\/\/dev.stadtwerke-landshut.de\/?page_id=45"},"modified":"2025-05-21T12:02:40","modified_gmt":"2025-05-21T10:02:40","slug":"mobilitaet","status":"publish","type":"page","link":"https:\/\/dev.stadtwerke-landshut.de\/hu\/mobilitaet\/","title":{"rendered":"mobilit\u00e1s"},"content":{"rendered":"<div class=\"wpb-content-wrapper\"><div class=\"vc_row wpb_row vc_row-fluid\"><div class=\"wpb_column vc_column_container vc_col-sm-12\"><div class=\"vc_column-inner\"><div class=\"wpb_wrapper\">\n\t<div class=\"wpb_text_column wpb_content_element\" >\n\t\t<div class=\"wpb_wrapper\">\n\t\t\t\n\t\t<\/div>\n\t<\/div>\n<\/div><\/div><\/div><\/div><div class=\"vc_row wpb_row vc_row-fluid\"><div class=\"wpb_column vc_column_container vc_col-sm-12\"><div class=\"vc_column-inner\"><div class=\"wpb_wrapper\"><div class=\"ult-spacer spacer-69f6400818a4b\" data-id=\"69f6400818a4b\" data-height=\"15\" data-height-mobile=\"15\" data-height-tab=\"15\" data-height-tab-portrait=\"\" data-height-mobile-landscape=\"\" style=\"clear:both;display:block;\"><\/div><h2 style=\"text-align: left\" class=\"vc_custom_heading vc_do_custom_heading grau\" >M\u00e9lt\u00e1nyos, megb\u00edzhat\u00f3 \u00e9s region\u00e1lis<\/h2>\n\t<div class=\"wpb_text_column wpb_content_element\" >\n\t\t<div class=\"wpb_wrapper\">\n\t\t\t<p>Als f\u00fchrender Dienstleister f\u00fcr Mobilit\u00e4t in Landshut bringen wir die Menschen in Landshut in Bewegung. Rund sechs Millionen Fahrg\u00e4ste lassen sich von uns bequem und sicher an ihr Ziel bringen.<\/p>\n\n\t\t<\/div>\n\t<\/div>\n<\/div><\/div><\/div><\/div><div data-vc-full-width=\"true\" data-vc-full-width-temp=\"true\" data-vc-full-width-init=\"false\" class=\"vc_row wpb_row vc_row-fluid\"><div class=\"wpb_column vc_column_container vc_col-sm-4\"><div class=\"vc_column-inner\"><div class=\"wpb_wrapper\"><div class=\"aio-icon-component   box-hellblau vorteilbox style_1\"><a class=\"aio-icon-box-link\" href=\"https:\/\/dev.stadtwerke-landshut.de\/hu\/mobilitaet\/busfahren\/\" title=\"Busz vezet\u00e9s Landshutban\" target=\"_blank\" rel=\"noopener\" ><div id=\"Info-box-wrap-8799\" class=\"aio-icon-box square_box-icon\" style=\"\"  ><div class=\"aio-icon-square_box\"><div class=\"ult-just-icon-wrapper\"><div class=\"align-icon\" style=\"text-align:center;\">\n<div class=\"aio-icon-img\" style=\"font-size:50px;background:#006fb9;border-style:solid;border-color:#ffffff;border-width:5px;padding:15px;border-radius:100px;display:inline-block;\" >\n\t<img decoding=\"async\" class=\"img-icon\" alt=\"null\" src=\"https:\/\/dev.stadtwerke-landshut.de\/wp-content\/uploads\/busfahren_icon.png\"\/>\n<\/div><\/div><\/div><\/div><div class=\"aio-icon-header\" ><h3 class=\"aio-icon-title ult-responsive\"  data-ultimate-target='#Info-box-wrap-8799 .aio-icon-title'  data-responsive-json-new='{\"font-size\":\"\",\"line-height\":\"\"}'  style=\"\">busz utaz\u00e1s<\/h3><\/div> <!-- header --><div class=\"aio-icon-description ult-responsive\"  data-ultimate-target='#Info-box-wrap-8799 .aio-icon-description'  data-responsive-json-new='{\"font-size\":\"\",\"line-height\":\"\"}'  style=\"\"><\/p>\r\n<p><span style=\"color: black;\">Einfach alles, was Sie zum Busfahren brauchen: Fahrplanauskunft, Fahrpl\u00e4ne, Preise und Fahrscheinarten.<\/span><\/p>\r\n<p><br \/>\u00bbTov\u00e1bbi inform\u00e1ci\u00f3k<\/div> <!-- description --><\/div> <!-- aio-icon-box --><\/a><\/div> <!-- aio-icon-component --><\/div><\/div><\/div><div class=\"wpb_column vc_column_container vc_col-sm-4\"><div class=\"vc_column-inner\"><div class=\"wpb_wrapper\"><div class=\"aio-icon-component   box-hellblau vorteilbox style_1\"><a class=\"aio-icon-box-link\" href=\"https:\/\/dev.stadtwerke-landshut.de\/hu\/mobilitaet\/parkhaeuser\/\" title=\"Parken in Landshut\" target=\"_blank\" rel=\"noopener\" ><div id=\"Info-box-wrap-4816\" class=\"aio-icon-box square_box-icon\" style=\"\"  ><div class=\"aio-icon-square_box\"><div class=\"ult-just-icon-wrapper\"><div class=\"align-icon\" style=\"text-align:center;\">\n<div class=\"aio-icon-img\" style=\"font-size:50px;background:#006fb9;border-style:solid;border-color:#ffffff;border-width:5px;padding:15px;border-radius:100px;display:inline-block;\" >\n\t<img decoding=\"async\" class=\"img-icon\" alt=\"null\" src=\"https:\/\/dev.stadtwerke-landshut.de\/wp-content\/uploads\/parkhaus_icon.png\"\/>\n<\/div><\/div><\/div><\/div><div class=\"aio-icon-header\" ><h3 class=\"aio-icon-title ult-responsive\"  data-ultimate-target='#Info-box-wrap-4816 .aio-icon-title'  data-responsive-json-new='{\"font-size\":\"\",\"line-height\":\"\"}'  style=\"\">Park otthonok<\/h3><\/div> <!-- header --><div class=\"aio-icon-description ult-responsive\"  data-ultimate-target='#Info-box-wrap-4816 .aio-icon-description'  data-responsive-json-new='{\"font-size\":\"\",\"line-height\":\"\"}'  style=\"\"><\/p>\r\n<p><span style=\"color: black;\">Landshut sz\u00edv\u00e9ben Altstadt \/ Zentrum \u00e9s An der Freyung parkol\u00f3it parkolhatja.<\/span><\/p>\r\n<p><br \/>\u00bbTov\u00e1bbi inform\u00e1ci\u00f3k<\/div> <!-- description --><\/div> <!-- aio-icon-box --><\/a><\/div> <!-- aio-icon-component --><\/div><\/div><\/div><div class=\"wpb_column vc_column_container vc_col-sm-4\"><div class=\"vc_column-inner\"><div class=\"wpb_wrapper\"><div class=\"aio-icon-component   box-hellblau vorteilbox style_1\"><a class=\"aio-icon-box-link\" href=\"https:\/\/dev.stadtwerke-landshut.de\/hu\/mobilitaet\/carsharing\/\" title=\"zu den Carsharing Anbietern\" target=\"_blank\" rel=\"noopener\" ><div id=\"Info-box-wrap-8246\" class=\"aio-icon-box square_box-icon\" style=\"\"  ><div class=\"aio-icon-square_box\"><div class=\"ult-just-icon-wrapper\"><div class=\"align-icon\" style=\"text-align:center;\">\n<div class=\"aio-icon-img\" style=\"font-size:50px;background:#006fb9;border-style:solid;border-color:#ffffff;border-width:5px;padding:15px;border-radius:100px;display:inline-block;\" >\n\t<img decoding=\"async\" class=\"img-icon\" alt=\"null\" src=\"https:\/\/dev.stadtwerke-landshut.de\/wp-content\/uploads\/carsharing_icon2.png\"\/>\n<\/div><\/div><\/div><\/div><div class=\"aio-icon-header\" ><h3 class=\"aio-icon-title ult-responsive\"  data-ultimate-target='#Info-box-wrap-8246 .aio-icon-title'  data-responsive-json-new='{\"font-size\":\"\",\"line-height\":\"\"}'  style=\"\">CarSharing<\/h3><\/div> <!-- header --><div class=\"aio-icon-description ult-responsive\"  data-ultimate-target='#Info-box-wrap-8246 .aio-icon-description'  data-responsive-json-new='{\"font-size\":\"\",\"line-height\":\"\"}'  style=\"\"><\/p>\r\n<p><span style=\"color: black;\">A f\u00e9l\u00e9ves \u00e9s az \u00e9ves k\u00e1rtyatulajdonosok r\u00e9szes\u00fclhetnek k\u00e9t aut\u00f3megoszt\u00f3 szolg\u00e1ltat\u00f3val folytatott egy\u00fcttm\u0171k\u00f6d\u00e9s\u00fcnkb\u0151l.<\/span><\/p>\r\n<p><br \/>\u00bbTov\u00e1bbi inform\u00e1ci\u00f3k<\/div> <!-- description --><\/div> <!-- aio-icon-box --><\/a><\/div> <!-- aio-icon-component --><\/div><\/div><\/div><\/div><div class=\"vc_row-full-width vc_clearfix\"><\/div><\/div>","protected":false},"excerpt":{"rendered":"Fair, zuverl\u00e4ssig und regional Als f\u00fchrender Dienstleister f\u00fcr Mobilit\u00e4t in Landshut bringen wir die Menschen in Landshut in Bewegung. Rund sechs Millionen Fahrg\u00e4ste lassen sich von uns bequem und sicher [...]","protected":false},"author":1,"featured_media":5677,"parent":0,"menu_order":0,"comment_status":"closed","ping_status":"closed","template":"","meta":{"_relevanssi_hide_post":"","_relevanssi_hide_content":"","_relevanssi_pin_for_all":"","_relevanssi_pin_keywords":"","_relevanssi_unpin_keywords":"","_relevanssi_related_keywords":"","_relevanssi_related_include_ids":"","_relevanssi_related_exclude_ids":"","_relevanssi_related_no_append":"","_relevanssi_related_not_related":"","_relevanssi_related_posts":"","_relevanssi_noindex_reason":"","footnotes":""},"class_list":["post-45","page","type-page","status-publish","has-post-thumbnail","hentry"],"publishpress_future_action":{"enabled":false,"date":"2026-05-09 20:18:48","action":"change-status","newStatus":"draft","terms":[],"taxonomy":"","extraData":[]},"publishpress_future_workflow_manual_trigger":{"enabledWorkflows":[]},"_links":{"self":[{"href":"https:\/\/dev.stadtwerke-landshut.de\/hu\/wp-json\/wp\/v2\/pages\/45","targetHints":{"allow":["GET"]}}],"collection":[{"href":"https:\/\/dev.stadtwerke-landshut.de\/hu\/wp-json\/wp\/v2\/pages"}],"about":[{"href":"https:\/\/dev.stadtwerke-landshut.de\/hu\/wp-json\/wp\/v2\/types\/page"}],"author":[{"embeddable":true,"href":"https:\/\/dev.stadtwerke-landshut.de\/hu\/wp-json\/wp\/v2\/users\/1"}],"replies":[{"embeddable":true,"href":"https:\/\/dev.stadtwerke-landshut.de\/hu\/wp-json\/wp\/v2\/comments?post=45"}],"version-history":[{"count":41,"href":"https:\/\/dev.stadtwerke-landshut.de\/hu\/wp-json\/wp\/v2\/pages\/45\/revisions"}],"predecessor-version":[{"id":26713,"href":"https:\/\/dev.stadtwerke-landshut.de\/hu\/wp-json\/wp\/v2\/pages\/45\/revisions\/26713"}],"wp:featuredmedia":[{"embeddable":true,"href":"https:\/\/dev.stadtwerke-landshut.de\/hu\/wp-json\/wp\/v2\/media\/5677"}],"wp:attachment":[{"href":"https:\/\/dev.stadtwerke-landshut.de\/hu\/wp-json\/wp\/v2\/media?parent=45"}],"curies":[{"name":"wp","href":"https:\/\/api.w.org\/{rel}","templated":true}]}}