{"id":2473,"date":"2019-08-27T08:40:38","date_gmt":"2019-08-27T06:40:38","guid":{"rendered":"https:\/\/dev.stadtwerke-landshut.de\/?page_id=2473"},"modified":"2019-09-23T14:25:31","modified_gmt":"2019-09-23T12:25:31","slug":"vereine-im-stadtbad","status":"publish","type":"page","link":"https:\/\/dev.stadtwerke-landshut.de\/it\/stadtbad\/vereine-im-stadtbad\/","title":{"rendered":"Club nella piscina della citt\u00e0"},"content":{"rendered":"<div class=\"wpb-content-wrapper\"><div id=\"1\" data-vc-full-width=\"true\" data-vc-full-width-temp=\"true\" data-vc-full-width-init=\"false\" class=\"vc_row wpb_row vc_row-fluid\"><div class=\"wpb_column vc_column_container vc_col-sm-12\"><div class=\"vc_column-inner\"><div class=\"wpb_wrapper\"><div class=\"ult-spacer spacer-69f62fd3af18e\" data-id=\"69f62fd3af18e\" data-height=\"15\" data-height-mobile=\"15\" data-height-tab=\"15\" data-height-tab-portrait=\"\" data-height-mobile-landscape=\"\" style=\"clear:both;display:block;\"><\/div><div class=\"ult_exp_section_layer ult-adjust-bottom-margin no-margin\" >\n\t\t<div id=\"uvc-exp-wrap-7359\" role=\"button\" tabindex=\"0\" aria-pressed=\"false\"  data-ultimate-target='#uvc-exp-wrap-7359'  data-responsive-json-new='{\"font-size\":\"desktop:20px;\",\"line-height\":\"desktop:24px;\"}'  class=\"ult_exp_section  ult-responsive\" style=\"color:#006fb4;background-color:#e6eef9; font-weight:normal; padding:0px;text-align:left;\" data-textcolor=\"#006fb4\"data-texthover=\"#006fb4\"data-icncolor=\"#006fb4\"data-ihover=\"#333333\"data-height=\"0\"data-cntbg=\"#e6eef9\"data-cnthvrbg=\"#e6eef9\"data-headerbg=\"#e6eef9\"data-headerhover=\"#e6eef9\"data-title=\"Kneipp Verein\"data-newtitle=\"Kneipp Verein\"data-icon=\"Defaults-caret-right\"data-newicon=\"Defaults-caret-down\"data-activeicon=\"#006fb4\"data-effect=\"slideToggle\"data-override=\"0\"data-activetitle=\"#006fb4\"data-activebg=\"#e6eef9\"data-img=\"\"data-newimg=\"\"><div class=\"ult_exp_section-main ult_expleft_icon\">\t<div class=\"ult-just-icon-wrapper ult_exp_icon\">\n\t\t\t\t\t<div class=\"align-icon\">\n\t\t\t\t\t\t\n<span class=\"aio-icon  none  ult_expsection_icon\"  style=\"color:#006fb4;font-size:22px;\">\n\t<i class=\"Defaults-caret-right ult_ex_icon\"  ><\/i>\n<\/span>\n\t\t\t\t\t<\/div>\n\t\t\t\t<\/div>\n\t\t\t\t<div class=\"ult_expheader\" >Kneipp club\n\t\t\t\t<\/div>\n\t\t\t<\/div>\n\t\t<\/div><div class=\"ult_exp_content\" style=\"background-color:#f4f4f4;padding:0px;margin:0px;\"><div class=\"ult_ecpsub_cont\" style=\" \" >\n\t<div class=\"wpb_text_column wpb_content_element\" >\n\t\t<div class=\"wpb_wrapper\">\n\t\t\t<p>In estate, il Kneipp-Winkel a Stadtbad \u00e8 il punto d&#039;incontro per i membri del Kneipp-Verein Landshut. Nell&#039;unica area accessibile ai membri c&#039;\u00e8 una vasca da bagno, un&#039;ascella e altre infrastrutture. Ulteriori informazioni sono disponibili per telefono 0871 616 22, e-mail <a href=\"mailto:kontakt@kneipp-verein-landshut.de\">kontakt@kneipp-verein-landshut.de<\/a> o sotto <a href=\"https:\/\/www.kneipp-verein-landshut.de\/\" target=\"_blank\" rel=\"noopener noreferrer\">www.kneipp-verein-landshut.de<\/a> disponibili.<\/p>\n\n\t\t<\/div>\n\t<\/div>\n<\/div><\/div>\n\n\t\t\t<\/div><div class=\"ult_exp_section_layer ult-adjust-bottom-margin no-margin\" >\n\t\t<div id=\"uvc-exp-wrap-5324\" role=\"button\" tabindex=\"0\" aria-pressed=\"false\"  data-ultimate-target='#uvc-exp-wrap-5324'  data-responsive-json-new='{\"font-size\":\"desktop:20px;\",\"line-height\":\"desktop:24px;\"}'  class=\"ult_exp_section  ult-responsive\" style=\"color:#006fb4;background-color:#e6eef9; font-weight:normal; padding:0px;text-align:left;\" data-textcolor=\"#006fb4\"data-texthover=\"#006fb4\"data-icncolor=\"#006fb4\"data-ihover=\"#333333\"data-height=\"0\"data-cntbg=\"#e6eef9\"data-cnthvrbg=\"#e6eef9\"data-headerbg=\"#e6eef9\"data-headerhover=\"#e6eef9\"data-title=\"Schwimmclub 53 e.V.\"data-newtitle=\"Schwimmclub 53 e.V.\"data-icon=\"Defaults-caret-right\"data-newicon=\"Defaults-caret-down\"data-activeicon=\"#006fb4\"data-effect=\"slideToggle\"data-override=\"0\"data-activetitle=\"#006fb4\"data-activebg=\"#e6eef9\"data-img=\"\"data-newimg=\"\"><div class=\"ult_exp_section-main ult_expleft_icon\">\t<div class=\"ult-just-icon-wrapper ult_exp_icon\">\n\t\t\t\t\t<div class=\"align-icon\">\n\t\t\t\t\t\t\n<span class=\"aio-icon  none  ult_expsection_icon\"  style=\"color:#006fb4;font-size:22px;\">\n\t<i class=\"Defaults-caret-right ult_ex_icon\"  ><\/i>\n<\/span>\n\t\t\t\t\t<\/div>\n\t\t\t\t<\/div>\n\t\t\t\t<div class=\"ult_expheader\" >Club di nuoto 53 eV\n\t\t\t\t<\/div>\n\t\t\t<\/div>\n\t\t<\/div><div class=\"ult_exp_content\" style=\"background-color:#f4f4f4;padding:0px;margin:0px;\"><div class=\"ult_ecpsub_cont\" style=\" \" >\n\t<div class=\"wpb_text_column wpb_content_element\" >\n\t\t<div class=\"wpb_wrapper\">\n\t\t\t<p>Nuoto, immersioni, triathlon e beach volley sono i settori del club di nuoto SC53 Landshut. Con circa 1.500 membri, il club sportivo \u00e8 uno dei pi\u00f9 grandi club di nuoto in Baviera.<\/p>\n<p>Ulteriori informazioni sugli orari di formazione e le offerte sono disponibili per telefono 0871 670 273 (solo segreteria telefonica), e-mail <a href=\"mailto:info@sc53-landshut.de\">info@sc53-landshut.de<\/a> o sotto <a href=\"http:\/\/www.sc53-landshut.de\" target=\"_blank\" rel=\"noopener noreferrer\">www.sc53-landshut.de<\/a>.<\/p>\n\n\t\t<\/div>\n\t<\/div>\n<\/div><\/div>\n\n\t\t\t<\/div><div class=\"ult_exp_section_layer ult-adjust-bottom-margin no-margin\" >\n\t\t<div id=\"uvc-exp-wrap-5162\" role=\"button\" tabindex=\"0\" aria-pressed=\"false\"  data-ultimate-target='#uvc-exp-wrap-5162'  data-responsive-json-new='{\"font-size\":\"desktop:20px;\",\"line-height\":\"desktop:24px;\"}'  class=\"ult_exp_section  ult-responsive\" style=\"color:#006fb4;background-color:#e6eef9; font-weight:normal; padding:0px;text-align:left;\" data-textcolor=\"#006fb4\"data-texthover=\"#006fb4\"data-icncolor=\"#006fb4\"data-ihover=\"#333333\"data-height=\"0\"data-cntbg=\"#e6eef9\"data-cnthvrbg=\"#e6eef9\"data-headerbg=\"#e6eef9\"data-headerhover=\"#e6eef9\"data-title=\"Wasserwacht\"data-newtitle=\"Wasserwacht\"data-icon=\"Defaults-caret-right\"data-newicon=\"Defaults-caret-down\"data-activeicon=\"#006fb4\"data-effect=\"slideToggle\"data-override=\"0\"data-activetitle=\"#006fb4\"data-activebg=\"#e6eef9\"data-img=\"\"data-newimg=\"\"><div class=\"ult_exp_section-main ult_expleft_icon\">\t<div class=\"ult-just-icon-wrapper ult_exp_icon\">\n\t\t\t\t\t<div class=\"align-icon\">\n\t\t\t\t\t\t\n<span class=\"aio-icon  none  ult_expsection_icon\"  style=\"color:#006fb4;font-size:22px;\">\n\t<i class=\"Defaults-caret-right ult_ex_icon\"  ><\/i>\n<\/span>\n\t\t\t\t\t<\/div>\n\t\t\t\t<\/div>\n\t\t\t\t<div class=\"ult_expheader\" >Wasserwacht\n\t\t\t\t<\/div>\n\t\t\t<\/div>\n\t\t<\/div><div class=\"ult_exp_content\" style=\"background-color:#f4f4f4;padding:0px;margin:0px;\"><div class=\"ult_ecpsub_cont\" style=\" \" >\n\t<div class=\"wpb_text_column wpb_content_element\" >\n\t\t<div class=\"wpb_wrapper\">\n\t\t\t<p>Il motto del Wasserwacht \u00e8 praticare sport e dare piacere. L&#039;Ortsgruppe Landshut prende regolarmente i distintivi di nuoto nella Stadtbad, dai primi &quot;cavallucci marini&quot; ai nuotatori dorati. Le riduzioni vengono effettuate durante la stagione all&#039;aperto il sabato, la domenica e nei giorni festivi, tra le 13:30 e le 14:30 e durante la stagione della piscina coperta su appuntamento. Ulteriori informazioni sono disponibili per telefono 0871 1436 2232, e-mail <a href=\"mailto:stadtbad@dev.stadtwerke-landshut.de\">stadtbad@dev.stadtwerke-landshut.de<\/a> o sotto <a href=\"http:\/\/www.wasserwacht-landshut.de\/\" target=\"_blank\" rel=\"noopener noreferrer\">www.wasserwacht-landshut.de<\/a>.<\/p>\n\n\t\t<\/div>\n\t<\/div>\n<div class=\"ult-spacer spacer-69f62fd3af5b1\" data-id=\"69f62fd3af5b1\" data-height=\"15\" data-height-mobile=\"15\" data-height-tab=\"15\" data-height-tab-portrait=\"\" data-height-mobile-landscape=\"\" style=\"clear:both;display:block;\"><\/div><\/div><\/div>\n\n\t\t\t<\/div><div class=\"ult-spacer spacer-69f62fd3af5c6\" data-id=\"69f62fd3af5c6\" data-height=\"30\" data-height-mobile=\"30\" data-height-tab=\"30\" data-height-tab-portrait=\"\" data-height-mobile-landscape=\"\" style=\"clear:both;display:block;\"><\/div><\/div><\/div><\/div><\/div><div class=\"vc_row-full-width vc_clearfix\"><\/div>\n<\/div>","protected":false},"excerpt":{"rendered":"Kneipp Verein Im Sommer ist der Kneipp-Winkel im Stadtbad der Treffpunkt f\u00fcr die Mitglieder des Kneipp-Vereins Landshut. In dem nur f\u00fcr Mitglieder zug\u00e4nglichen Bereich gibt es ein Wassertretbecken, ein Armbecken [...]","protected":false},"author":4,"featured_media":5700,"parent":54,"menu_order":0,"comment_status":"closed","ping_status":"closed","template":"","meta":{"_relevanssi_hide_post":"","_relevanssi_hide_content":"","_relevanssi_pin_for_all":"","_relevanssi_pin_keywords":"","_relevanssi_unpin_keywords":"","_relevanssi_related_keywords":"","_relevanssi_related_include_ids":"","_relevanssi_related_exclude_ids":"","_relevanssi_related_no_append":"","_relevanssi_related_not_related":"","_relevanssi_related_posts":"","_relevanssi_noindex_reason":"","footnotes":""},"class_list":["post-2473","page","type-page","status-publish","has-post-thumbnail","hentry"],"publishpress_future_action":{"enabled":false,"date":"2026-05-09 19:09:39","action":"change-status","newStatus":"draft","terms":[],"taxonomy":"","extraData":[]},"publishpress_future_workflow_manual_trigger":{"enabledWorkflows":[]},"_links":{"self":[{"href":"https:\/\/dev.stadtwerke-landshut.de\/it\/wp-json\/wp\/v2\/pages\/2473","targetHints":{"allow":["GET"]}}],"collection":[{"href":"https:\/\/dev.stadtwerke-landshut.de\/it\/wp-json\/wp\/v2\/pages"}],"about":[{"href":"https:\/\/dev.stadtwerke-landshut.de\/it\/wp-json\/wp\/v2\/types\/page"}],"author":[{"embeddable":true,"href":"https:\/\/dev.stadtwerke-landshut.de\/it\/wp-json\/wp\/v2\/users\/4"}],"replies":[{"embeddable":true,"href":"https:\/\/dev.stadtwerke-landshut.de\/it\/wp-json\/wp\/v2\/comments?post=2473"}],"version-history":[{"count":13,"href":"https:\/\/dev.stadtwerke-landshut.de\/it\/wp-json\/wp\/v2\/pages\/2473\/revisions"}],"predecessor-version":[{"id":5756,"href":"https:\/\/dev.stadtwerke-landshut.de\/it\/wp-json\/wp\/v2\/pages\/2473\/revisions\/5756"}],"up":[{"embeddable":true,"href":"https:\/\/dev.stadtwerke-landshut.de\/it\/wp-json\/wp\/v2\/pages\/54"}],"wp:featuredmedia":[{"embeddable":true,"href":"https:\/\/dev.stadtwerke-landshut.de\/it\/wp-json\/wp\/v2\/media\/5700"}],"wp:attachment":[{"href":"https:\/\/dev.stadtwerke-landshut.de\/it\/wp-json\/wp\/v2\/media?parent=2473"}],"curies":[{"name":"wp","href":"https:\/\/api.w.org\/{rel}","templated":true}]}}