{"id":4143,"date":"2019-09-03T17:37:02","date_gmt":"2019-09-03T15:37:02","guid":{"rendered":"https:\/\/dev.stadtwerke-landshut.de\/?page_id=4143"},"modified":"2019-09-23T14:07:01","modified_gmt":"2019-09-23T12:07:01","slug":"kurse-sicher-im-stadtbus","status":"publish","type":"page","link":"https:\/\/dev.stadtwerke-landshut.de\/it\/mobilitaet\/busfahren\/kurse-sicher-im-stadtbus\/","title":{"rendered":"Corsi in sicurezza con l&#039;autobus urbano"},"content":{"rendered":"<div class=\"wpb-content-wrapper\"><div class=\"vc_row wpb_row vc_row-fluid\"><div class=\"wpb_column vc_column_container vc_col-sm-12\"><div class=\"vc_column-inner\"><div class=\"wpb_wrapper\"><div class=\"ult-spacer spacer-69f61f7598a7b\" data-id=\"69f61f7598a7b\" data-height=\"15\" data-height-mobile=\"15\" data-height-tab=\"15\" data-height-tab-portrait=\"\" data-height-mobile-landscape=\"\" style=\"clear:both;display:block;\"><\/div><\/div><\/div><\/div><\/div><div class=\"vc_row wpb_row vc_row-fluid\"><div class=\"wpb_column vc_column_container vc_col-sm-6\"><div class=\"vc_column-inner\"><div class=\"wpb_wrapper\"><div class=\"ult-content-box-container\" >\t\t<div class=\"ult-content-box\" style=\"background-image:url(&#039;https:\/\/dev.stadtwerke-landshut.de\/wp-content\/uploads\/senioren_bus.jpg&#039;);background-size: cover;background-repeat: no-repeat;background-position: center center;background-color: rgba(0, 0, 0, 0);box-shadow: px px px px none;border-style:solid;border-width:1px;border-color:#f4f4f4;-webkit-transition: all 700ms ease;-moz-transition: all 700ms ease;-ms-transition: all 700ms ease;-o-transition: all 700ms ease;transition: all 700ms ease;\"  data-hover_box_shadow=\"none\"  data-hover_border_color=\"#f4f4f4\"     data-border_color=\"#f4f4f4\" ><div class=\"ult-spacer spacer-69f61f7599100\" data-id=\"69f61f7599100\" data-height=\"250\" data-height-mobile=\"250\" data-height-tab=\"250\" data-height-tab-portrait=\"\" data-height-mobile-landscape=\"\" style=\"clear:both;display:block;\"><\/div>\t\t<\/div><\/div><div class=\"ult-spacer spacer-69f61f7599119\" data-id=\"69f61f7599119\" data-height=\"15\" data-height-mobile=\"15\" data-height-tab=\"15\" data-height-tab-portrait=\"\" data-height-mobile-landscape=\"\" style=\"clear:both;display:block;\"><\/div><h3 style=\"text-align: left\" class=\"vc_custom_heading vc_do_custom_heading grau equal1\" >Mobile Plus! per gli anziani<\/h3>\n\t<div class=\"wpb_text_column wpb_content_element equal2\" >\n\t\t<div class=\"wpb_wrapper\">\n\t\t\t<p>Mobile plus! \u00e8 un programma per anziani e portatori di handicap, offerto dall&#039;agenzia di volontariato Landshut (fala) e Stadtwerke Landshut. Essere mobili \u00e8 un&#039;esigenza umana fondamentale. Essere in grado di prendersi cura di se stessi e impegnarsi in attivit\u00e0 sociali aumenta la qualit\u00e0 della vita.<\/p>\n<p>Lo scopo di Mobil plus \u00e8 di fornire formazione sulla sicurezza con esercizi pratici per aiutare le persone a muoversi nella vecchiaia. I partecipanti al corso di mobilit\u00e0 possono praticare l&#039;ingresso e l&#039;uscita, ad esempio, in un autobus urbano appositamente fornito.<\/p>\n<p>Se non sei pi\u00f9 sicuro di viaggiare da solo con l&#039;autobus cittadino, il fala ti fornir\u00e0 un compagno di allenatore volontario e addestrato.<\/p>\n<p>Ulteriori informazioni su Mobil plus!, Le date attuali dei corsi di mobilit\u00e0 e i requisiti per il volontariato sono disponibili all&#039;indirizzo <a href=\"http:\/\/www.freiwilligen-agentur-landshut.de\" target=\"_blank\" rel=\"noopener noreferrer\"> www.freiwilligen-agentur-landshut.de<\/a> disponibili.<\/p>\n<p>Informazioni di contatto via telefono 0871 2066 2730 o via e-mail <a href=\"mailto:info@freiwilligen-agentur-landshut.de\">info@freiwilligen-agentur-landshut.de<\/a><\/p>\n\n\t\t<\/div>\n\t<\/div>\n<div class=\"ult-spacer spacer-69f61f759941c\" data-id=\"69f61f759941c\" data-height=\"30\" data-height-mobile=\"30\" data-height-tab=\"30\" data-height-tab-portrait=\"\" data-height-mobile-landscape=\"\" style=\"clear:both;display:block;\"><\/div><\/div><\/div><\/div><div class=\"wpb_column vc_column_container vc_col-sm-6\"><div class=\"vc_column-inner\"><div class=\"wpb_wrapper\"><div class=\"ult-content-box-container\" >\t\t<div class=\"ult-content-box\" style=\"background-image:url(&#039;https:\/\/dev.stadtwerke-landshut.de\/wp-content\/uploads\/kids_bus.jpg&#039;);background-size: cover;background-repeat: no-repeat;background-position: center center;background-color: rgba(0, 0, 0, 0);box-shadow: px px px px none;border-style:solid;border-width:1px;border-color:#f4f4f4;-webkit-transition: all 700ms ease;-moz-transition: all 700ms ease;-ms-transition: all 700ms ease;-o-transition: all 700ms ease;transition: all 700ms ease;\"  data-hover_box_shadow=\"none\"  data-hover_border_color=\"#f4f4f4\"     data-border_color=\"#f4f4f4\" ><div class=\"ult-spacer spacer-69f61f759975d\" data-id=\"69f61f759975d\" data-height=\"250\" data-height-mobile=\"250\" data-height-tab=\"250\" data-height-tab-portrait=\"\" data-height-mobile-landscape=\"\" style=\"clear:both;display:block;\"><\/div>\t\t<\/div><\/div><div class=\"ult-spacer spacer-69f61f7599774\" data-id=\"69f61f7599774\" data-height=\"15\" data-height-mobile=\"15\" data-height-tab=\"15\" data-height-tab-portrait=\"\" data-height-mobile-landscape=\"\" style=\"clear:both;display:block;\"><\/div><h3 style=\"text-align: left\" class=\"vc_custom_heading vc_do_custom_heading grau equal1\" >Cool2school per ragazzi<\/h3>\n\t<div class=\"wpb_text_column wpb_content_element equal2\" >\n\t\t<div class=\"wpb_wrapper\">\n\t\t\t<p>Dal 2008, i conducenti di scuolabus volontari sono in viaggio negli autobus urbani della Stadtwerke Landshut per garantire l&#039;ordine alle fermate di fronte alle scuole e negli scuolabus. Schulbuslotsen sono giovani dall&#039;et\u00e0 di 14 anni su un totale di sei scuole di Landshut. I giovani aiutano a prevenire i conflitti e a risolvere situazioni difficili.<br \/>\nIl progetto \u00e8 organizzato dall&#039;agenzia di volontariato Landshut (fala) in collaborazione con Stadtwerke Landshut, la polizia stradale e la stazione di polizia Landshut. Inoltre, la Fondazione Dominik Brunner sostiene il progetto.<br \/>\nGli studenti interessati possono ottenere informazioni presso la segreteria della loro scuola o contattare il fala (<a href=\"http:\/\/www.freiwilligen-agentur-landshut.de\/\" target=\"_blank\" rel=\"noopener noreferrer\">www.freiwilligen-agentur-landshut.de<\/a>contatto).<br \/>\nInformazioni di contatto via telefono 0871 2066 2730 o via e-mail <a href=\"mailto:info@freiwilligen-agentur-landshut.de\">info@freiwilligen-agentur-landshut.de<\/a><\/p>\n\n\t\t<\/div>\n\t<\/div>\n<div class=\"ult-spacer spacer-69f61f759994b\" data-id=\"69f61f759994b\" data-height=\"30\" data-height-mobile=\"30\" data-height-tab=\"30\" data-height-tab-portrait=\"\" data-height-mobile-landscape=\"\" style=\"clear:both;display:block;\"><\/div><\/div><\/div><\/div><\/div>\n<\/div>","protected":false},"excerpt":{"rendered":"Mobil Plus! f\u00fcr Senioren Mobil plus! ist ein Programm f\u00fcr Senioren und Menschen mit Handicap, das die Freiwilligen Agentur Landshut (fala) und die Stadtwerke Landshut anbieten. Mobil zu sein, ist [...]","protected":false},"author":5,"featured_media":4156,"parent":4078,"menu_order":0,"comment_status":"closed","ping_status":"closed","template":"","meta":{"_relevanssi_hide_post":"","_relevanssi_hide_content":"","_relevanssi_pin_for_all":"","_relevanssi_pin_keywords":"","_relevanssi_unpin_keywords":"","_relevanssi_related_keywords":"","_relevanssi_related_include_ids":"","_relevanssi_related_exclude_ids":"","_relevanssi_related_no_append":"","_relevanssi_related_not_related":"","_relevanssi_related_posts":"","_relevanssi_noindex_reason":"","footnotes":""},"class_list":["post-4143","page","type-page","status-publish","has-post-thumbnail","hentry"],"publishpress_future_action":{"enabled":false,"date":"2026-05-09 17:59:49","action":"change-status","newStatus":"draft","terms":[],"taxonomy":"","extraData":[]},"publishpress_future_workflow_manual_trigger":{"enabledWorkflows":[]},"_links":{"self":[{"href":"https:\/\/dev.stadtwerke-landshut.de\/it\/wp-json\/wp\/v2\/pages\/4143","targetHints":{"allow":["GET"]}}],"collection":[{"href":"https:\/\/dev.stadtwerke-landshut.de\/it\/wp-json\/wp\/v2\/pages"}],"about":[{"href":"https:\/\/dev.stadtwerke-landshut.de\/it\/wp-json\/wp\/v2\/types\/page"}],"author":[{"embeddable":true,"href":"https:\/\/dev.stadtwerke-landshut.de\/it\/wp-json\/wp\/v2\/users\/5"}],"replies":[{"embeddable":true,"href":"https:\/\/dev.stadtwerke-landshut.de\/it\/wp-json\/wp\/v2\/comments?post=4143"}],"version-history":[{"count":20,"href":"https:\/\/dev.stadtwerke-landshut.de\/it\/wp-json\/wp\/v2\/pages\/4143\/revisions"}],"predecessor-version":[{"id":5640,"href":"https:\/\/dev.stadtwerke-landshut.de\/it\/wp-json\/wp\/v2\/pages\/4143\/revisions\/5640"}],"up":[{"embeddable":true,"href":"https:\/\/dev.stadtwerke-landshut.de\/it\/wp-json\/wp\/v2\/pages\/4078"}],"wp:featuredmedia":[{"embeddable":true,"href":"https:\/\/dev.stadtwerke-landshut.de\/it\/wp-json\/wp\/v2\/media\/4156"}],"wp:attachment":[{"href":"https:\/\/dev.stadtwerke-landshut.de\/it\/wp-json\/wp\/v2\/media?parent=4143"}],"curies":[{"name":"wp","href":"https:\/\/api.w.org\/{rel}","templated":true}]}}