{"id":4143,"date":"2019-09-03T17:37:02","date_gmt":"2019-09-03T15:37:02","guid":{"rendered":"https:\/\/dev.stadtwerke-landshut.de\/?page_id=4143"},"modified":"2019-09-23T14:07:01","modified_gmt":"2019-09-23T12:07:01","slug":"kurse-sicher-im-stadtbus","status":"publish","type":"page","link":"https:\/\/dev.stadtwerke-landshut.de\/pl\/mobilitaet\/busfahren\/kurse-sicher-im-stadtbus\/","title":{"rendered":"Kursy bezpiecznie w autobusie miejskim"},"content":{"rendered":"<div class=\"wpb-content-wrapper\"><div class=\"vc_row wpb_row vc_row-fluid\"><div class=\"wpb_column vc_column_container vc_col-sm-12\"><div class=\"vc_column-inner\"><div class=\"wpb_wrapper\"><div class=\"ult-spacer spacer-69f61f5f71d58\" data-id=\"69f61f5f71d58\" data-height=\"15\" data-height-mobile=\"15\" data-height-tab=\"15\" data-height-tab-portrait=\"\" data-height-mobile-landscape=\"\" style=\"clear:both;display:block;\"><\/div><\/div><\/div><\/div><\/div><div class=\"vc_row wpb_row vc_row-fluid\"><div class=\"wpb_column vc_column_container vc_col-sm-6\"><div class=\"vc_column-inner\"><div class=\"wpb_wrapper\"><div class=\"ult-content-box-container\" >\t\t<div class=\"ult-content-box\" style=\"background-image:url(&#039;https:\/\/dev.stadtwerke-landshut.de\/wp-content\/uploads\/senioren_bus.jpg&#039;);background-size: cover;background-repeat: no-repeat;background-position: center center;background-color: rgba(0, 0, 0, 0);box-shadow: px px px px none;border-style:solid;border-width:1px;border-color:#f4f4f4;-webkit-transition: all 700ms ease;-moz-transition: all 700ms ease;-ms-transition: all 700ms ease;-o-transition: all 700ms ease;transition: all 700ms ease;\"  data-hover_box_shadow=\"none\"  data-hover_border_color=\"#f4f4f4\"     data-border_color=\"#f4f4f4\" ><div class=\"ult-spacer spacer-69f61f5f7248d\" data-id=\"69f61f5f7248d\" data-height=\"250\" data-height-mobile=\"250\" data-height-tab=\"250\" data-height-tab-portrait=\"\" data-height-mobile-landscape=\"\" style=\"clear:both;display:block;\"><\/div>\t\t<\/div><\/div><div class=\"ult-spacer spacer-69f61f5f724a7\" data-id=\"69f61f5f724a7\" data-height=\"15\" data-height-mobile=\"15\" data-height-tab=\"15\" data-height-tab-portrait=\"\" data-height-mobile-landscape=\"\" style=\"clear:both;display:block;\"><\/div><h3 style=\"text-align: left\" class=\"vc_custom_heading vc_do_custom_heading grau equal1\" >Mobile Plus! dla senior\u00f3w<\/h3>\n\t<div class=\"wpb_text_column wpb_content_element equal2\" >\n\t\t<div class=\"wpb_wrapper\">\n\t\t\t<p>Mobile plus! to program dla senior\u00f3w i os\u00f3b niepe\u0142nosprawnych, oferowany przez agencj\u0119 wolontariack\u0105 Landshut (fala) i Stadtwerke Landshut. Mobilno\u015b\u0107 to podstawowa ludzka potrzeba. Mo\u017cliwo\u015b\u0107 dbania o siebie i anga\u017cowania si\u0119 w dzia\u0142ania spo\u0142eczne podnosi jako\u015b\u0107 \u017cycia.<\/p>\n<p>Celem Mobil plus jest zapewnienie szkolenia w zakresie bezpiecze\u0144stwa z praktycznymi \u0107wiczeniami, aby pom\u00f3c ludziom we w\u0142asnej mobilno\u015bci do staro\u015bci. Uczestnicy kursu mobilno\u015bci mog\u0105 \u0107wiczy\u0107 wsiadanie i wysiadanie, na przyk\u0142ad w specjalnie wyposa\u017conym autobusie miejskim.<\/p>\n<p>Je\u015bli nie masz ju\u017c pewno\u015bci, \u017ce podr\u00f3\u017cujesz samotnie autobusem miejskim, fala zapewni Ci wolontariusza, wyszkolonego towarzysza autokaru.<\/p>\n<p>Wi\u0119cej informacji na temat Mobil plus!, Aktualne terminy kurs\u00f3w mobilno\u015bci oraz wymagania dotycz\u0105ce wolontariatu s\u0105 dost\u0119pne na stronie <a href=\"http:\/\/www.freiwilligen-agentur-landshut.de\" target=\"_blank\" rel=\"noopener noreferrer\"> www.freiwilligen-agentur-landshut.de<\/a> dost\u0119pny.<\/p>\n<p>Informacje kontaktowe telefonicznie 0871 2066 2730 lub poczt\u0105 elektroniczn\u0105 <a href=\"mailto:info@freiwilligen-agentur-landshut.de\">info@freiwilligen-agentur-landshut.de<\/a><\/p>\n\n\t\t<\/div>\n\t<\/div>\n<div class=\"ult-spacer spacer-69f61f5f727e8\" data-id=\"69f61f5f727e8\" data-height=\"30\" data-height-mobile=\"30\" data-height-tab=\"30\" data-height-tab-portrait=\"\" data-height-mobile-landscape=\"\" style=\"clear:both;display:block;\"><\/div><\/div><\/div><\/div><div class=\"wpb_column vc_column_container vc_col-sm-6\"><div class=\"vc_column-inner\"><div class=\"wpb_wrapper\"><div class=\"ult-content-box-container\" >\t\t<div class=\"ult-content-box\" style=\"background-image:url(&#039;https:\/\/dev.stadtwerke-landshut.de\/wp-content\/uploads\/kids_bus.jpg&#039;);background-size: cover;background-repeat: no-repeat;background-position: center center;background-color: rgba(0, 0, 0, 0);box-shadow: px px px px none;border-style:solid;border-width:1px;border-color:#f4f4f4;-webkit-transition: all 700ms ease;-moz-transition: all 700ms ease;-ms-transition: all 700ms ease;-o-transition: all 700ms ease;transition: all 700ms ease;\"  data-hover_box_shadow=\"none\"  data-hover_border_color=\"#f4f4f4\"     data-border_color=\"#f4f4f4\" ><div class=\"ult-spacer spacer-69f61f5f72b10\" data-id=\"69f61f5f72b10\" data-height=\"250\" data-height-mobile=\"250\" data-height-tab=\"250\" data-height-tab-portrait=\"\" data-height-mobile-landscape=\"\" style=\"clear:both;display:block;\"><\/div>\t\t<\/div><\/div><div class=\"ult-spacer spacer-69f61f5f72b26\" data-id=\"69f61f5f72b26\" data-height=\"15\" data-height-mobile=\"15\" data-height-tab=\"15\" data-height-tab-portrait=\"\" data-height-mobile-landscape=\"\" style=\"clear:both;display:block;\"><\/div><h3 style=\"text-align: left\" class=\"vc_custom_heading vc_do_custom_heading grau equal1\" >Cool2school dla nastolatk\u00f3w<\/h3>\n\t<div class=\"wpb_text_column wpb_content_element equal2\" >\n\t\t<div class=\"wpb_wrapper\">\n\t\t\t<p>Od 2008 r. Wolontariusze kierowc\u00f3w autobus\u00f3w szkolnych je\u017cd\u017c\u0105 autobusami miejskimi Stadtwerke Landshut, aby zapewni\u0107 porz\u0105dek na przystankach przed szko\u0142ami i autobusami szkolnymi. Schulbuslotsen to m\u0142odzi ludzie w wieku 14 lat z \u0142\u0105cznie sze\u015bciu szk\u00f3\u0142 w Landshut. M\u0142odzi ludzie pomagaj\u0105 zapobiega\u0107 konfliktom i rozwi\u0105zywa\u0107 trudne sytuacje.<br \/>\nProjekt organizowany jest przez agencj\u0119 wolontariack\u0105 Landshut (fala) we wsp\u00f3\u0142pracy ze Stadtwerke Landshut, policj\u0105 drogow\u0105 i posterunkiem policji Landshut. Ponadto Fundacja Dominika Brunnera wspiera projekt.<br \/>\nZainteresowani uczniowie mog\u0105 uzyska\u0107 informacje w sekretariacie swojej szko\u0142y lub skontaktowa\u0107 si\u0119 z fal\u0105 (<a href=\"http:\/\/www.freiwilligen-agentur-landshut.de\/\" target=\"_blank\" rel=\"noopener noreferrer\">www.freiwilligen-agentur-landshut.de<\/a>).<br \/>\nInformacje kontaktowe telefonicznie 0871 2066 2730 lub poczt\u0105 elektroniczn\u0105 <a href=\"mailto:info@freiwilligen-agentur-landshut.de\">info@freiwilligen-agentur-landshut.de<\/a><\/p>\n\n\t\t<\/div>\n\t<\/div>\n<div class=\"ult-spacer spacer-69f61f5f72d17\" data-id=\"69f61f5f72d17\" data-height=\"30\" data-height-mobile=\"30\" data-height-tab=\"30\" data-height-tab-portrait=\"\" data-height-mobile-landscape=\"\" style=\"clear:both;display:block;\"><\/div><\/div><\/div><\/div><\/div>\n<\/div>","protected":false},"excerpt":{"rendered":"Mobil Plus! f\u00fcr Senioren Mobil plus! ist ein Programm f\u00fcr Senioren und Menschen mit Handicap, das die Freiwilligen Agentur Landshut (fala) und die Stadtwerke Landshut anbieten. Mobil zu sein, ist [...]","protected":false},"author":5,"featured_media":4156,"parent":4078,"menu_order":0,"comment_status":"closed","ping_status":"closed","template":"","meta":{"_relevanssi_hide_post":"","_relevanssi_hide_content":"","_relevanssi_pin_for_all":"","_relevanssi_pin_keywords":"","_relevanssi_unpin_keywords":"","_relevanssi_related_keywords":"","_relevanssi_related_include_ids":"","_relevanssi_related_exclude_ids":"","_relevanssi_related_no_append":"","_relevanssi_related_not_related":"","_relevanssi_related_posts":"","_relevanssi_noindex_reason":"","footnotes":""},"class_list":["post-4143","page","type-page","status-publish","has-post-thumbnail","hentry"],"publishpress_future_action":{"enabled":false,"date":"2026-05-09 17:59:27","action":"change-status","newStatus":"draft","terms":[],"taxonomy":"","extraData":[]},"publishpress_future_workflow_manual_trigger":{"enabledWorkflows":[]},"_links":{"self":[{"href":"https:\/\/dev.stadtwerke-landshut.de\/pl\/wp-json\/wp\/v2\/pages\/4143","targetHints":{"allow":["GET"]}}],"collection":[{"href":"https:\/\/dev.stadtwerke-landshut.de\/pl\/wp-json\/wp\/v2\/pages"}],"about":[{"href":"https:\/\/dev.stadtwerke-landshut.de\/pl\/wp-json\/wp\/v2\/types\/page"}],"author":[{"embeddable":true,"href":"https:\/\/dev.stadtwerke-landshut.de\/pl\/wp-json\/wp\/v2\/users\/5"}],"replies":[{"embeddable":true,"href":"https:\/\/dev.stadtwerke-landshut.de\/pl\/wp-json\/wp\/v2\/comments?post=4143"}],"version-history":[{"count":20,"href":"https:\/\/dev.stadtwerke-landshut.de\/pl\/wp-json\/wp\/v2\/pages\/4143\/revisions"}],"predecessor-version":[{"id":5640,"href":"https:\/\/dev.stadtwerke-landshut.de\/pl\/wp-json\/wp\/v2\/pages\/4143\/revisions\/5640"}],"up":[{"embeddable":true,"href":"https:\/\/dev.stadtwerke-landshut.de\/pl\/wp-json\/wp\/v2\/pages\/4078"}],"wp:featuredmedia":[{"embeddable":true,"href":"https:\/\/dev.stadtwerke-landshut.de\/pl\/wp-json\/wp\/v2\/media\/4156"}],"wp:attachment":[{"href":"https:\/\/dev.stadtwerke-landshut.de\/pl\/wp-json\/wp\/v2\/media?parent=4143"}],"curies":[{"name":"wp","href":"https:\/\/api.w.org\/{rel}","templated":true}]}}