{"id":10952,"date":"2022-06-30T11:21:40","date_gmt":"2022-06-30T09:21:40","guid":{"rendered":"https:\/\/dev.stadtwerke-landshut.de\/?page_id=10952"},"modified":"2023-02-23T10:47:59","modified_gmt":"2023-02-23T09:47:59","slug":"guenstigerer-tarif","status":"publish","type":"page","link":"https:\/\/dev.stadtwerke-landshut.de\/ro\/guenstigerer-tarif\/","title":{"rendered":"Sie m\u00f6chten einen g\u00fcnstigeren Tarif?"},"content":{"rendered":"<div class=\"wpb-content-wrapper\"><div id=\"ptarife2\" data-vc-full-width=\"true\" data-vc-full-width-temp=\"true\" data-vc-full-width-init=\"false\" class=\"vc_row wpb_row vc_row-fluid\"><div class=\"wpb_column vc_column_container vc_col-sm-12\"><div class=\"vc_column-inner\"><div class=\"wpb_wrapper\"><div class=\"ult-spacer spacer-69f62e9374fbe\" data-id=\"69f62e9374fbe\" data-height=\"15\" data-height-mobile=\"15\" data-height-tab=\"15\" data-height-tab-portrait=\"\" data-height-mobile-landscape=\"\" style=\"clear:both;display:block;\"><\/div><h3 style=\"text-align: left\" class=\"vc_custom_heading vc_do_custom_heading grau\" >Bitte nutzen Sie dazu unsere pers\u00f6nliche Beratung durch unser Serviceteam.<\/h3><style type=\"text\/css\" id=\"101\" data-form-unique-id=\"81121\" >#arffrm_101_container {\nmargin: 0 !important;\n}\n.arf_checkbox_style label {\ndisplay: inline-block !important;\nword-wrap: normal !important;\nword-break: normal !important;\nline-height: 18px !important;\n}<\/style><div class=\"arf_form ar_main_div_101 arf_form_outer_wrapper \" id=\"arffrm_101_container\"><div id=\"arf_message_error\" class=\"frm_error_style\" style=\"display:none;\"><div class=\"msg-detail\"><div class=\"msg-description-success\">Form Submission is restricted<\/div><\/div><\/div><div id=\"arf_message_success_popup\" style=\"display:none;\"><div class=\"msg-detail\"><div class=\"msg-description-success\">Vielen Dank f\u00fcr Ihre Anfrage. Unser Serviceteam meldet sich bei Ihnen.<\/div><\/div><\/div><form enctype=\"multipart\/form-data\" method=\"post\" class=\"arfshowmainform  \" style=\"\" data-form-id=\"form_hzquho\"  novalidate=\"\" onsubmit=\"return arf_validate_form_submit()\" arf_form_submit = 0 data-id=\"81121\"  data-random-id=\"101_YGRpX9w8mC\"  data-submission-key=\"w7VSWi2y\"  data-key-validate=\"false\"  data-popup-id=\"\"><label for='arf_filter_input_101_YGRpX9w8mC' class='arf_hidden_element' style='color:transparent !important;'>Filter<\/label><input id='arf_filter_input_101_YGRpX9w8mC' type='text' name='arf_filter_input' data-jqvalidate='false' data-random-key='101_YGRpX9w8mC' value='' style='opacity:0 !important;display:none !important;visibility:hidden !important;' \/><input type='hidden' id='arf_ajax_url' value='https:\/\/dev.stadtwerke-landshut.de\/wp-admin\/admin-ajax.php' \/><input type=\"hidden\" data-jqvalidate=\"false\" class=\"kpress\" value=\"\" \/><input type=\"hidden\" data-jqvalidate=\"false\" class=\"stime\" value=\"1777756380\" \/><input type=\"hidden\" data-jqvalidate=\"false\" data-id=\"nonce_start_time\" class=\"nonce_start_time\" value=\"form_filter_st\" \/><input type=\"hidden\" data-jqvalidate=\"false\" data-id=\"nonce_keyboard_press\" class=\"nonce_keyboard_press\" value=\"form_filter_kp\" \/><input type=\"hidden\" data-jqvalidate=\"false\" data-id=\"arm_nonce_check\" name=\"arm_nonce_check\" value=\"26a505c155\" \/><input type=\"hidden\" data-jqvalidate=\"false\" name=\"arf_redirect_url_to\" id=\"arf_redirect_url_to\" value=\"same_tab\" \/><input type=\"hidden\" data-jqvalidate=\"false\" name=\"arf_browser_name\" data-id=\"arf_browser_name\" data-version=\"unknown\" value=\"Unknown\" \/><input type=\"hidden\" data-jqvalidate=\"false\" name=\"arforms_nonce\" id=\"arforms_nonce\" value=\"d074f681f8\" \/><input type=\"hidden\" data-jqvalidate=\"false\" name=\"arfdecimal_separator\" data-id=\"arfdecimal_separator\" value=\".\" \/><input type=\"hidden\" data-jqvalidate=\"false\" name=\"form_key_101\" data-id=\"form_key_101\" value=\"hzquho\" \/><input type=\"hidden\" data-jqvalidate=\"false\" name=\"arf_success_message_show_time_101\" data-id=\"arf_success_message_show_time_101\" value=\"8\" \/><input type=\"hidden\" data-jqvalidate=\"false\" name=\"arf_form_hide_after_submit_101\" data-id=\"arf_form_hide_after_submit_101\" value=\"\" \/><input type=\"hidden\" data-jqvalidate=\"false\" name=\"is_form_preview_101\" data-id=\"is_form_preview_101\" value=\"\" \/><input type=\"hidden\" data-jqvalidate=\"false\" name=\"arf_validate_outside_101\" data-id=\"arf_validate_outside_101\" data-validate=\"0\" value=\"0\" \/><input type=\"hidden\" data-jqvalidate=\"false\" name=\"arf_is_validate_outside_101\" data-id=\"arf_is_validate_outside_101\" data-validate=\"0\" value=\"0\" \/><input type=\"hidden\" data-jqvalidate=\"false\" name=\"arf_is_resetform_aftersubmit_101\" data-id=\"arf_is_resetform_aftersubmit_101\" value=\"1\" \/><input type=\"hidden\" data-jqvalidate=\"false\" name=\"arf_is_resetform_outside_101\" data-id=\"arf_is_resetform_outside_101\" value=\"0\" \/><input type=\"hidden\" data-jqvalidate=\"false\" name=\"arf_form_enable_cookie_101\" data-id=\"arf_form_enable_cookie_101\" value=\"\" \/><input type=\"hidden\" data-jqvalidate=\"false\" name=\"arf_tooltip_settings_101\" data-id=\"arf_tooltip_settings_101\" class=\"arf_front_tooltip_settings\" data-form-id=\"101\" data-color=\"#FFFFFF\" data-position=\"top\" data-width=\"\" data-bg-color=\"#000000\" \/><input type=\"hidden\" data-jqvalidate=\"false\" name=\"arfsuccessmsgposition_101\" data-id=\"arfsuccessmsgposition_101\"  value=\"top\" \/><input type=\"hidden\" data-jqvalidate=\"false\" name=\"arfpagebreakstyle_101\" data-id=\"arfpagebreakstyle_101\"  value=\"number\" \/><input type=\"hidden\" data-jqvalidate=\"false\" name=\"arfpagebreakaddtimer_101\" data-id=\"arfpagebreakaddtimer_101\" value=\"0\" \/><input type=\"hidden\" data-jqvalidate=\"false\" name=\"form_tooltip_error_101\" data-id=\"form_tooltip_error_101\" data-color=\"\" data-position=\"bottom\" value=\"advance\" \/><input type=\"hidden\" data-jqvalidate=\"false\" name=\"arfaction\" value=\"create\" \/><input type=\"hidden\" data-jqvalidate=\"false\" name=\"form_id\" data-id=\"form_id\" value=\"101\" \/><input type=\"hidden\" data-jqvalidate=\"false\" name=\"form_data_id\" data-id=\"form_data_id\" value=\"81121\" \/><input type=\"hidden\" data-jqvalidate=\"false\" name=\"form_key\" data-id=\"form_key\" value=\"hzquho\" \/><input type=\"hidden\" data-jqvalidate=\"false\" name=\"arf_ajax_url\" value=\"https:\/\/dev.stadtwerke-landshut.de\/wp-admin\/admin-ajax.php\" \/><input type=\"hidden\" data-jqvalidate=\"false\" name=\"form_display_type\" data-id=\"form_display_type\" value=\"0|https:\/\/dev.stadtwerke-landshut.de\/ro\/guenstigerer-tarif\/\" \/><input type=\"hidden\" data-jqvalidate=\"false\" name=\"form_submit_type\" data-id=\"form_submit_type\" value=\"1\" \/><input type=\"hidden\" data-jqvalidate=\"false\" name=\"arf_http_referrer_url\" data-id=\"arf_http_referrer_url\" value=\"\" \/><input type=\"hidden\" data-jqvalidate=\"false\" name=\"entry_key\" value=\"\" \/><input type=\"hidden\" data-jqvalidate=\"false\" name=\"arf_skip_captcha\" data-id=\"arf_skip_captcha\" value=\"\" \/><input type='hidden' id='arf_pb_field_animation_style_front_101' name='arf_pb_field_animation_style_front_101' value='slideInLeft' \/><input type='hidden' id='arf_pb_field_animation_duration_front_101' name='arf_pb_field_animation_duration_front_101' value='' \/><input type='hidden' id='arf_pb_field_animation_delay_front_101' name='arf_pb_field_animation_delay_front_101' value='' \/><input type='hidden' id='arf_pb_field_animation_inherit_101' name='arf_pb_field_animation_inherit_101' value='0' \/><input type='hidden' id='arf_field_animation_style_front_101' name='arf_field_animation_style_front_101' value='' \/><input type='hidden' id='arf_field_animation_duration_front_101' name='arf_field_animation_duration_front_101' value='' \/><input type='hidden' id='arf_field_animation_delay_front_101' name='arf_field_animation_delay_front_101' value='' \/><input type=\"hidden\" id=\"arf_form_site_wide_101\" value=\"no\" \/><div class=\"allfields\" style=\"visibility:hidden;height:0;\"><div class=\"arf_fieldset arf_standard_form\" id=\"arf_fieldset_81121\"><div class=\"arftitlecontainer\"><div class=\"formtitle_style\">R\u00fcckruf Service<\/div><\/div><div id=\"page_0\" class=\"page_break\"><div id=\"arf_field_145_81121_container\" class=\"    arfformfield control-group arfmainformfield  arf_horizontal_radio  arffieldrequired arf_field_type_checkbox   top_container  top_container arfformfield  arf_field_145\"  style='width: 100%'  data-field-type=\"checkbox\" data-parent_field=\"0\"><label data-type=\"checkbox\" for=\"field_o3ik05_81121\" class=\"arf_main_label arf_main_label_16px\" aria-label = >Kontaktaufnahme<span class=\"arfcheckrequiredfield\">*<\/span><\/label><div class=\"setting_checkbox controls arf_standard_checkbox\" style=\"padding-top:5px;\" ><div class=\"arf_checkbox_style \" id=\"frm_checkbox_145-0\"><div class='arf_checkbox_input_wrapper '><input type=\"checkbox\" name=\"item_meta[145][]\" data-type=\"checkbox\" id=\"field_145-0-81121\" value=\"Ich bitte um R\u00fcckruf unter Telefon\" data-label=\"Ich bitte um R\u00fcckruf unter Telefon\"    class=\" arf_required \"data-validation-minchecked-minchecked=\"1\" data-validation-minchecked-message=\"This field cannot be blank.\" style=''  onChange='arf_cl_apply_v3(81121,[\"144\",\"137\",\"139\"]);' \/><span><\/span><\/div><label data-type=\"checkbox\" for=\"field_145-0-81121\" aria-label=\"Ich bitte um R\u00fcckruf unter Telefon\">Ich bitte um R\u00fcckruf unter Telefon<\/label><\/div><div class=\"arf_checkbox_style \" id=\"frm_checkbox_145-1\"><div class='arf_checkbox_input_wrapper '><input type=\"checkbox\" name=\"item_meta[145][]\" data-type=\"checkbox\" id=\"field_145-1-81121\" value=\"Ich bitte Kontaktaufnahme per E-Mail\" data-label=\"Ich bitte Kontaktaufnahme per E-Mail\"    class=\" arf_required \" style=''  onChange='arf_cl_apply_v3(81121,[\"144\",\"137\",\"139\"]);' \/><span><\/span><\/div><label data-type=\"checkbox\" for=\"field_145-1-81121\" aria-label=\"Ich bitte Kontaktaufnahme per E-Mail\">Ich bitte Kontaktaufnahme per E-Mail<\/label><\/div><\/div><\/div><div style=\"clear:both;\"><\/div><div id=\"arf_field_144_81121_container\" class=\"    arfformfield control-group arfmainformfield  arffieldrequired arf_field_type_text  top_container top_container arfformfield   arf_field_144\"  style='width: 100%' data-field-type=\"text\" data-parent_field=\"0\" ><label data-type=\"text\" for=\"field_63wabq_81121\" class=\"arf_main_label arf_main_label_16px\" aria-label = >Telefon<span class=\"arfcheckrequiredfield\">*<\/span><\/label><div class=\"controls\"   ><input   type=\"text\" id=\"field_63wabq_81121\"  name=\"item_meta[144]\"  class=\" arf_required \" data-validation-required-message=\"This field cannot be blank.\"   \/><\/div><\/div><div style=\"clear:both;\"><\/div><div id=\"arf_field_137_81121_container\" class=\"    arfformfield control-group arfmainformfield  arffieldrequired arf_field_type_text  top_container top_container arfformfield   arf_field_137\"  style='width: 100%' data-field-type=\"text\" data-parent_field=\"0\" ><label data-type=\"text\" for=\"field_yqf08q_81121\" class=\"arf_main_label arf_main_label_16px\" aria-label = >Ich bin am besten zu folgender Uhrzeit zu erreichen<span class=\"arfcheckrequiredfield\">*<\/span><\/label><div class=\"controls\"   ><input   type=\"text\" id=\"field_yqf08q_81121\"  name=\"item_meta[137]\"  class=\" arf_required \" placeholder=\"z. B. zwischen 11-12 Uhr\"  data-validation-required-message=\"This field cannot be blank.\"   \/><\/div><\/div><div style=\"clear:both;\"><\/div><div id=\"arf_field_139_81121_container\" class=\"    arfformfield control-group arfmainformfield  arffieldrequired arf_field_type_email  top_container   top_container arfformfield  arf_field_139\"  style='width: 100%'  data-field-type=\"email\" data-parent_field=\"0\"><label data-type=\"email\" for=\"field_k734l7_81121\" class=\"arf_main_label arf_main_label_16px\" aria-label = >E-Mail<span class=\"arfcheckrequiredfield\">*<\/span><\/label><div class=\"controls\"   ><input type=\"text\" id=\"field_k734l7_81121\" name=\"item_meta[139]\"  class=\" arf_required \" data-validation-required-message=\"This field cannot be blank.\"  data-validation-regex-regex=\"[\\p{L}0-9._-]+@[\\p{L}0-9.-]+\\.[\\p{L}]+\" data-validation-regex-message=\"Email is invalid\"  \/><\/div><\/div><div style=\"clear:both;\"><\/div><div id=\"arf_field_138_81121_container\" class=\"    arfformfield input-field control-group arfmainformfield  arffieldrequired arf_field_type_select  top_container  top_container arfformfield  arf_field_138\"  style='width: 100%'  data-field-type=\"select\" data-parent_field=\"0\"><label data-type=\"select\" for=\"field_lqnf96_81121\" class=\"arf_main_label arf_main_label_16px\" aria-label = >Anrede<span class=\"arfcheckrequiredfield\">*<\/span><\/label><div class=\" sltstandard_front controls\"  ><div class=\"arf_selectpicker_wrapper\" style=\"min-width:100px; \"><input type=\"text\" autocomplete=\"off\" class=\"arf-selectpicker-input-control  arf_dynamic_selectpicker\" id=\"field_lqnf96_81121\" name=\"item_meta[138]\" value=\"\"  data-default-val=''  data-validation-required-message='This field cannot be blank.'  data-field_id='138'  data-dynamic-load='arf_load_dynamic_data(138,0, 101, 81121, 0, \"\");' ><dl class=\"arf-selectpicker-control  arf_form_field_picker \" data-id=\"field_lqnf96_81121\" data-name=\"item_meta[138]\"><dt><span> <\/span><i class=\"arf-selectpicker-caret\"><\/i><\/dt><dd><ul data-id=\"field_lqnf96_81121\" id=\"\" class=\"\"><li class=\"arf_material_outline_sel_data_label\" data-pos=\"0\" aria-label=\"\"  data-value=\"\" data-label=\"\"><\/li><li class=\"\" data-pos=\"1\" aria-label=\"Frau\"  data-value=\"Frau\" data-label=\"Frau\">Frau<\/li><li class=\"\" data-pos=\"2\" aria-label=\"Herr\"  data-value=\"Herr\" data-label=\"Herr\">Herr<\/li><li class=\"\" data-pos=\"3\" aria-label=\"Firma\"  data-value=\"Firma\" data-label=\"Firma\">Firma<\/li><li class=\"\" data-pos=\"4\" aria-label=\"Divers\"  data-value=\"Divers\" data-label=\"Divers\">Divers<\/li><\/ul><\/dd><\/dl><\/div><\/div><\/div><div style=\"clear:both;\"><\/div><div id=\"arf_field_142_81121_container\" class=\"    arfformfield control-group arfmainformfield  arffieldrequired arf_field_type_text  top_container top_container arfformfield   arf_field_142\"  style='width: 100%' data-field-type=\"text\" data-parent_field=\"0\" ><label data-type=\"text\" for=\"field_f401ce_81121\" class=\"arf_main_label arf_main_label_16px\" aria-label = >Vorname<span class=\"arfcheckrequiredfield\">*<\/span><\/label><div class=\"controls\"   ><input   type=\"text\" id=\"field_f401ce_81121\"  name=\"item_meta[142]\"  class=\" arf_required \" data-validation-required-message=\"This field cannot be blank.\"   \/><\/div><\/div><div style=\"clear:both;\"><\/div><div id=\"arf_field_141_81121_container\" class=\"    arfformfield control-group arfmainformfield  arffieldrequired arf_field_type_text  top_container top_container arfformfield   arf_field_141\"  style='width: 100%' data-field-type=\"text\" data-parent_field=\"0\" ><label data-type=\"text\" for=\"field_so9oip_81121\" class=\"arf_main_label arf_main_label_16px\" aria-label = >Nachname<span class=\"arfcheckrequiredfield\">*<\/span><\/label><div class=\"controls\"   ><input   type=\"text\" id=\"field_so9oip_81121\"  name=\"item_meta[141]\"  class=\" arf_required \" data-validation-required-message=\"This field cannot be blank.\"   \/><\/div><\/div><div style=\"clear:both;\"><\/div><div id=\"arf_field_140_81121_container\" class=\"    arfformfield control-group arfmainformfield  arffieldrequired arf_field_type_text  top_container top_container arfformfield   arf_field_140\"  style='width: 100%' data-field-type=\"text\" data-parent_field=\"0\" ><label data-type=\"text\" for=\"field_ywbmbr_81121\" class=\"arf_main_label arf_main_label_16px\" aria-label = >Kundennummer<span class=\"arfcheckrequiredfield\">*<\/span><\/label><div class=\"controls\"   ><input   type=\"text\" id=\"field_ywbmbr_81121\"  name=\"item_meta[140]\"  class=\" arf_required \" data-validation-required-message=\"This field cannot be blank.\"   \/><\/div><\/div><div style=\"clear:both;\"><\/div><div id=\"arf_field_143_81121_container\" class=\"    arfformfield control-group arfmainformfield  arf_horizontal_radio  arffieldrequired arf_field_type_checkbox   top_container  top_container arfformfield  arf_field_143\"  style='width: 100%'  data-field-type=\"checkbox\" data-parent_field=\"0\"><label data-type=\"checkbox\" for=\"field_498ktd_81121\" class=\"arf_main_label arf_main_label_16px\" aria-label = >Datenschutzhinweise<span class=\"arfcheckrequiredfield\">*<\/span><\/label><div class=\"setting_checkbox controls arf_standard_checkbox\" style=\"padding-top:5px;\" ><div class=\"arf_checkbox_style \" id=\"frm_checkbox_143-0\"><div class='arf_checkbox_input_wrapper '><input type=\"checkbox\" name=\"item_meta[143][]\" data-type=\"checkbox\" id=\"field_143-0-81121\" value=\"Die &lt;a href=&quot;https:\/\/dev.stadtwerke-landshut.de\/datenschutz\/&quot;&gt;\u00a0Datenschutzhinweise&lt;\/a&gt; \u00a0gem. Art. 13 DSGVO habe ich gelesen.\" data-label=\"Die &lt;a href=&quot;https:\/\/dev.stadtwerke-landshut.de\/datenschutz\/&quot;&gt;\u00a0Datenschutzhinweise&lt;\/a&gt; \u00a0gem. Art. 13 DSGVO habe ich gelesen.\"    class=\" arf_required \"data-validation-minchecked-minchecked=\"1\" data-validation-minchecked-message=\"This field cannot be blank.\" style=''  \/><span><\/span><\/div><label data-type=\"checkbox\" for=\"field_143-0-81121\" aria-label=\"Die &lt;a href=&quot;https:\/\/dev.stadtwerke-landshut.de\/datenschutz\/&quot;&gt;\u00a0Datenschutzhinweise&lt;\/a&gt; \u00a0gem. Art. 13 DSGVO habe ich gelesen.\">Die <a href=\"https:\/\/dev.stadtwerke-landshut.de\/datenschutz\/\">\u00a0Datenschutzhinweise<\/a> \u00a0gem. Art. 13 DSGVO habe ich gelesen.<\/label><\/div><\/div><\/div><div style=\"clear:both;\"><\/div><div style=\"clear:both;height:1px;\">&nbsp;<\/div><\/div><!-- page_break && page_0--><div class=\"arfsubmitbutton top_container\" ><div class=\"arf_submit_div  top_container\"><input type=\"hidden\" data-jqvalidate=\"false\" value=\"1\" name=\"is_submit_form_101\" data-id=\"is_submit_form_101\" \/><input type=\"hidden\" data-jqvalidate=\"false\" value=\"0\" data-val=\"0\" data-max=\"0\" name=\"submit_form_101\" data-id=\"submit_form_101\" \/><button class=\"arf_submit_btn  arf_submit_btn_flat   btn-info arfstyle-button  unknown\"  id=\"arf_submit_btn_81121\" name=\"arf_submit_btn_81121\" data-style=\"zoom-in\"  ><span class=\"arfsubmitloader\"><\/span><span class=\"arfstyle-label\">Absenden<\/span><\/button><\/div><\/div><div style=\"clear:both\"><\/div><div id=\"brand-div\" class=\"brand-div top_container\" style=\"margin-top:30px; font-size:12px !important; color: #444444 !important; display:block !important; visibility: visible !important;\">Powered by&#32;<a href=\"https:\/\/codecanyon.net\/item\/arforms-exclusive-wordpress-form-builder-plugin\/6023165?ref=reputeinfosystems\" target=\"_blank\" style=\"color:#0066cc !important; font-size:12px !important; display:inline !important; visibility:visible !important;\">ARForms<\/a><span style=\"color:#FF0000 !important; font-size:12px !important; display:inline !important; visibility: visible !important;\">&nbsp;&nbsp;(Unlicensed)<\/span><\/div><\/div><!-- arf_fieldset --><\/div><!-- allfields --><\/form><script type='text\/javascript' data-cfasync='false'>if(!window['arf_conditional_logic']){window['arf_conditional_logic'] = new Array();}window['arf_conditional_logic'][81121] = {\"logic\":{\"144\":{\"fields\":[{\"actionType\":\"show\",\"logicType\":\"all\",\"field_key\":\"63wabq\",\"value\":\"\",\"default_value\":\"\",\"field_type\":\"text\",\"page_no\":0,\"rules\":[{\"fieldId\":\"145\",\"operator\":\"is\",\"value\":\"Ich bitte um R\\u00fcckruf unter Telefon\",\"fieldType\":\"checkbox\",\"fieldKey\":\"o3ik05\"}]}]},\"137\":{\"fields\":[{\"actionType\":\"show\",\"logicType\":\"all\",\"field_key\":\"yqf08q\",\"value\":\"\",\"default_value\":\"\",\"field_type\":\"text\",\"page_no\":0,\"rules\":[{\"fieldId\":\"145\",\"operator\":\"is\",\"value\":\"Ich bitte um R\\u00fcckruf unter Telefon\",\"fieldType\":\"checkbox\",\"fieldKey\":\"o3ik05\"}]}]},\"139\":{\"fields\":[{\"actionType\":\"show\",\"logicType\":\"all\",\"field_key\":\"k734l7\",\"value\":\"\",\"default_value\":\"\",\"field_type\":\"email\",\"page_no\":0,\"rules\":[{\"fieldId\":\"145\",\"operator\":\"is\",\"value\":\"Ich bitte Kontaktaufnahme per E-Mail\",\"fieldType\":\"checkbox\",\"fieldKey\":\"o3ik05\"}]}]}},\"dependents\":{\"144\":[144],\"137\":[137],\"139\":[139]},\"defaults\":[]};if(!window['arf_pages_fields']){window['arf_pages_fields'] = new Array();}window['arf_pages_fields'][81121] = [{\"field_id\":\"145\",\"field_key\":\"o3ik05\",\"default_value\":[],\"field_type\":\"checkbox\",\"page_no\":0,\"heading_id\":0,\"repeater_id\":0},{\"field_id\":\"144\",\"field_key\":\"63wabq\",\"default_value\":\"\",\"field_type\":\"text\",\"page_no\":0,\"heading_id\":0,\"repeater_id\":0},{\"field_id\":\"137\",\"field_key\":\"yqf08q\",\"default_value\":\"\",\"field_type\":\"text\",\"page_no\":0,\"heading_id\":0,\"repeater_id\":0},{\"field_id\":\"139\",\"field_key\":\"k734l7\",\"default_value\":\"\",\"field_type\":\"email\",\"page_no\":0,\"heading_id\":0,\"repeater_id\":0},{\"field_id\":\"138\",\"field_key\":\"lqnf96\",\"default_value\":\"\",\"field_type\":\"select\",\"page_no\":0,\"heading_id\":0,\"repeater_id\":0},{\"field_id\":\"142\",\"field_key\":\"f401ce\",\"default_value\":\"\",\"field_type\":\"text\",\"page_no\":0,\"heading_id\":0,\"repeater_id\":0},{\"field_id\":\"141\",\"field_key\":\"so9oip\",\"default_value\":\"\",\"field_type\":\"text\",\"page_no\":0,\"heading_id\":0,\"repeater_id\":0},{\"field_id\":\"140\",\"field_key\":\"ywbmbr\",\"default_value\":\"\",\"field_type\":\"text\",\"page_no\":0,\"heading_id\":0,\"repeater_id\":0},{\"field_id\":\"143\",\"field_key\":\"498ktd\",\"default_value\":[],\"field_type\":\"checkbox\",\"page_no\":0,\"heading_id\":0,\"repeater_id\":0}];<\/script><\/div><!--arf_form_outer_wrapper --><div class=\"brand-div\"><\/div><div class=\"\"><input type=\"hidden\" data-jqvalidate=\"false\" name=\"form_id\" data-id=\"form_id\" value=\"101\" \/><input type=\"hidden\" data-jqvalidate=\"false\" name=\"arfmainformurl\" data-id=\"arfmainformurl\" value=\"https:\/\/dev.stadtwerke-landshut.de\/wp-content\/plugins\/arforms\" \/><\/div><div class=\"ult-spacer spacer-69f62e9378352\" data-id=\"69f62e9378352\" data-height=\"15\" data-height-mobile=\"15\" data-height-tab=\"15\" data-height-tab-portrait=\"\" data-height-mobile-landscape=\"\" style=\"clear:both;display:block;\"><\/div><\/div><\/div><\/div><\/div><div class=\"vc_row-full-width vc_clearfix\"><\/div>\n<\/div>","protected":false},"excerpt":{"rendered":"Bitte nutzen Sie dazu unsere pers\u00f6nliche Beratung durch unser Serviceteam.Form Submission is restrictedVielen Dank f\u00fcr Ihre Anfrage. Unser Serviceteam meldet sich bei Ihnen.FilterR\u00fcckruf ServiceKontaktaufnahme*Ich bitte um R\u00fcckruf unter TelefonIch bitte [...]","protected":false},"author":1,"featured_media":10950,"parent":0,"menu_order":0,"comment_status":"closed","ping_status":"closed","template":"","meta":{"_relevanssi_hide_post":"","_relevanssi_hide_content":"","_relevanssi_pin_for_all":"","_relevanssi_pin_keywords":"","_relevanssi_unpin_keywords":"","_relevanssi_related_keywords":"","_relevanssi_related_include_ids":"","_relevanssi_related_exclude_ids":"","_relevanssi_related_no_append":"","_relevanssi_related_not_related":"","_relevanssi_related_posts":"","_relevanssi_noindex_reason":"","footnotes":""},"class_list":["post-10952","page","type-page","status-publish","has-post-thumbnail","hentry"],"publishpress_future_action":{"enabled":false,"date":"2026-05-09 19:04:19","action":"change-status","newStatus":"draft","terms":[],"taxonomy":"","extraData":[]},"publishpress_future_workflow_manual_trigger":{"enabledWorkflows":[]},"_links":{"self":[{"href":"https:\/\/dev.stadtwerke-landshut.de\/ro\/wp-json\/wp\/v2\/pages\/10952","targetHints":{"allow":["GET"]}}],"collection":[{"href":"https:\/\/dev.stadtwerke-landshut.de\/ro\/wp-json\/wp\/v2\/pages"}],"about":[{"href":"https:\/\/dev.stadtwerke-landshut.de\/ro\/wp-json\/wp\/v2\/types\/page"}],"author":[{"embeddable":true,"href":"https:\/\/dev.stadtwerke-landshut.de\/ro\/wp-json\/wp\/v2\/users\/1"}],"replies":[{"embeddable":true,"href":"https:\/\/dev.stadtwerke-landshut.de\/ro\/wp-json\/wp\/v2\/comments?post=10952"}],"version-history":[{"count":5,"href":"https:\/\/dev.stadtwerke-landshut.de\/ro\/wp-json\/wp\/v2\/pages\/10952\/revisions"}],"predecessor-version":[{"id":11959,"href":"https:\/\/dev.stadtwerke-landshut.de\/ro\/wp-json\/wp\/v2\/pages\/10952\/revisions\/11959"}],"wp:featuredmedia":[{"embeddable":true,"href":"https:\/\/dev.stadtwerke-landshut.de\/ro\/wp-json\/wp\/v2\/media\/10950"}],"wp:attachment":[{"href":"https:\/\/dev.stadtwerke-landshut.de\/ro\/wp-json\/wp\/v2\/media?parent=10952"}],"curies":[{"name":"wp","href":"https:\/\/api.w.org\/{rel}","templated":true}]}}