{"id":15,"date":"2019-04-11T11:36:52","date_gmt":"2019-04-11T09:36:52","guid":{"rendered":"https:\/\/dev.stadtwerke-landshut.de\/?page_id=15"},"modified":"2025-05-21T13:16:44","modified_gmt":"2025-05-21T11:16:44","slug":"energie","status":"publish","type":"page","link":"https:\/\/dev.stadtwerke-landshut.de\/ro\/energie\/","title":{"rendered":"energie"},"content":{"rendered":"<div class=\"wpb-content-wrapper\"><div data-vc-full-width=\"true\" data-vc-full-width-temp=\"true\" data-vc-full-width-init=\"false\" class=\"vc_row wpb_row vc_row-fluid\"><div class=\"wpb_column vc_column_container vc_col-sm-12\"><div class=\"vc_column-inner\"><div class=\"wpb_wrapper\"><div class=\"vc_empty_space\"   style=\"height: 15px\"><span class=\"vc_empty_space_inner\"><\/span><\/div><\/div><\/div><\/div><\/div><div class=\"vc_row-full-width vc_clearfix\"><\/div><div data-vc-full-width=\"true\" data-vc-full-width-temp=\"true\" data-vc-full-width-init=\"false\" class=\"vc_row wpb_row vc_row-fluid\"><div class=\"wpb_column vc_column_container vc_col-sm-12\"><div class=\"vc_column-inner\"><div class=\"wpb_wrapper\"><h2 style=\"text-align: left\" class=\"vc_custom_heading vc_do_custom_heading grau\" >Justa, fiabil\u0103 \u0219i regional\u0103<\/h2>\n\t<div class=\"wpb_text_column wpb_content_element\" >\n\t\t<div class=\"wpb_wrapper\">\n\t\t\t<p><span data-contrast=\"auto\">\u00cen calitate de furnizor regional de energie, suntem \u00eenr\u0103d\u0103cina\u021bi ferm \u00een ora\u0219 \u0219i \u00een raion \u0219i contribuim semnificativ la dezvoltarea economic\u0103 \u0219i de mediu a regiunii. Am\u00e2ndoi avem asta <\/span><span data-contrast=\"auto\">ast\u0103zi<\/span><span data-contrast=\"auto\"> precum \u0219i diminea\u021ba la inim\u0103. Acesta este motivul pentru care ne-am angajat s\u0103 dezvolt\u0103m energii regenerabile \u0219i una durabil\u0103 <\/span><span data-contrast=\"auto\">Lebensquali\u00e4t<\/span><span data-contrast=\"auto\"> \u00een Landshut. Ca client \u0219i cu alegerea produselor noastre de energie durabil\u0103, sus\u021bine\u021bi \u0219i voi aceast\u0103 filozofie.<\/span><span data-ccp-props=\"{&quot;201341983&quot;:0,&quot;335559739&quot;:200,&quot;335559740&quot;:276}\">\u00a0<\/span><\/p>\n\n\t\t<\/div>\n\t<\/div>\n<\/div><\/div><\/div><\/div><div class=\"vc_row-full-width vc_clearfix\"><\/div><div data-vc-full-width=\"true\" data-vc-full-width-temp=\"true\" data-vc-full-width-init=\"false\" class=\"vc_row wpb_row vc_row-fluid\"><div class=\"wpb_column vc_column_container vc_col-sm-6\"><div class=\"vc_column-inner\"><div class=\"wpb_wrapper\"><div class=\"aio-icon-component   box-hellblau style_1\"><a class=\"aio-icon-box-link\" href=\"https:\/\/dev.stadtwerke-landshut.de\/ro\/strom\/\" title=\"Zu unseren Stromangeboten\" target=\"_blank\" rel=\"noopener\" ><div id=\"Info-box-wrap-5442\" class=\"aio-icon-box square_box-icon\" style=\"\"  ><div class=\"aio-icon-square_box\"><div class=\"ult-just-icon-wrapper\"><div class=\"align-icon\" style=\"text-align:center;\">\n<div class=\"aio-icon-img\" style=\"font-size:60px;background:#006fb9;border-style:solid;border-color:#ffffff;border-width:5px;padding:10px;border-radius:100px;display:inline-block;\" >\n\t<img decoding=\"async\" class=\"img-icon\" alt=\"null\" src=\"https:\/\/dev.stadtwerke-landshut.de\/wp-content\/uploads\/strom_icon.png\"\/>\n<\/div><\/div><\/div><\/div><div class=\"aio-icon-header\" ><h3 class=\"aio-icon-title ult-responsive\"  data-ultimate-target='#Info-box-wrap-5442 .aio-icon-title'  data-responsive-json-new='{\"font-size\":\"\",\"line-height\":\"\"}'  style=\"\">curent<\/h3><\/div> <!-- header --><div class=\"aio-icon-description ult-responsive\"  data-ultimate-target='#Info-box-wrap-5442 .aio-icon-description'  data-responsive-json-new='{\"font-size\":\"\",\"line-height\":\"\"}'  style=\"\"><span style=\"color: black;\">Indiferent de pre\u021b sau ecologic - putem \u00eendeplini multe dorin\u021be cu diversele noastre oferte de electricitate. At\u00e2t \u00een zona ora\u0219ului, c\u00e2t \u0219i \u00een \u00eemprejurimi.<\/span><\/p>\n<p>\u00bbMai multe informa\u021bii<\/div> <!-- description --><\/div> <!-- aio-icon-box --><\/a><\/div> <!-- aio-icon-component --><\/div><\/div><\/div><div class=\"wpb_column vc_column_container vc_col-sm-6\"><div class=\"vc_column-inner\"><div class=\"wpb_wrapper\"><div class=\"aio-icon-component   box-hellblau style_1\"><a class=\"aio-icon-box-link\" href=\"https:\/\/dev.stadtwerke-landshut.de\/ro\/energie\/erdgas\/\" title=\"Zu unseren Erdgasangeboten\" target=\"_blank\" rel=\"noopener\" ><div id=\"Info-box-wrap-7366\" class=\"aio-icon-box square_box-icon\" style=\"\"  ><div class=\"aio-icon-square_box\"><div class=\"ult-just-icon-wrapper\"><div class=\"align-icon\" style=\"text-align:center;\">\n<div class=\"aio-icon-img\" style=\"font-size:60px;background:#006fb9;border-style:solid;border-color:#ffffff;border-width:5px;padding:10px;border-radius:100px;display:inline-block;\" >\n\t<img decoding=\"async\" class=\"img-icon\" alt=\"Icon Erdgas\" src=\"https:\/\/dev.stadtwerke-landshut.de\/wp-content\/uploads\/erdgas_icon.png\"\/>\n<\/div><\/div><\/div><\/div><div class=\"aio-icon-header\" ><h3 class=\"aio-icon-title ult-responsive\"  data-ultimate-target='#Info-box-wrap-7366 .aio-icon-title'  data-responsive-json-new='{\"font-size\":\"\",\"line-height\":\"\"}'  style=\"\">gaz natural<\/h3><\/div> <!-- header --><div class=\"aio-icon-description ult-responsive\"  data-ultimate-target='#Info-box-wrap-7366 .aio-icon-description'  data-responsive-json-new='{\"font-size\":\"\",\"line-height\":\"\"}'  style=\"\"><span style=\"color: black;\">Economisi\u021bi costurile de \u00eenc\u0103lzire, beneficia\u021bi de siguran\u021ba maxim\u0103 a confortului aprovizion\u0103rii \u0219i serviciilor \u0219i sus\u021bine\u021bi \u00een mod op\u021bional proiectele de protec\u021bie \u00eempotriva climei - compara\u021bi tarifele noastre pentru gazele naturale.<\/span><\/p>\n<p>\u00bbMai multe informa\u021bii<\/div> <!-- description --><\/div> <!-- aio-icon-box --><\/a><\/div> <!-- aio-icon-component --><\/div><\/div><\/div><\/div><div class=\"vc_row-full-width vc_clearfix\"><\/div><div data-vc-full-width=\"true\" data-vc-full-width-temp=\"true\" data-vc-full-width-init=\"false\" class=\"vc_row wpb_row vc_row-fluid\"><div class=\"wpb_column vc_column_container vc_col-sm-6\"><div class=\"vc_column-inner\"><div class=\"wpb_wrapper\"><div class=\"aio-icon-component   box-hellblau vorteilbox style_1\"><a class=\"aio-icon-box-link\" href=\"https:\/\/dev.stadtwerke-landshut.de\/ro\/energie\/fernwaerme\/\" title=\"Unsere Fernw\u00e4rme Angebote\" target=\"_blank\" rel=\"noopener\" ><div id=\"Info-box-wrap-6764\" class=\"aio-icon-box square_box-icon\" style=\"\"  ><div class=\"aio-icon-square_box\"><div class=\"ult-just-icon-wrapper\"><div class=\"align-icon\" style=\"text-align:center;\">\n<div class=\"aio-icon-img\" style=\"font-size:60px;background:#006fb9;border-style:solid;border-color:#ffffff;border-width:5px;padding:10px;border-radius:100px;display:inline-block;\" >\n\t<img decoding=\"async\" class=\"img-icon\" alt=\"Icon Fernw\u00e4rme\" src=\"https:\/\/dev.stadtwerke-landshut.de\/wp-content\/uploads\/fernwaerme_icon.png\"\/>\n<\/div><\/div><\/div><\/div><div class=\"aio-icon-header\" ><h3 class=\"aio-icon-title ult-responsive\"  data-ultimate-target='#Info-box-wrap-6764 .aio-icon-title'  data-responsive-json-new='{\"font-size\":\"\",\"line-height\":\"\"}'  style=\"\">termoficare<\/h3><\/div> <!-- header --><div class=\"aio-icon-description ult-responsive\"  data-ultimate-target='#Info-box-wrap-6764 .aio-icon-description'  data-responsive-json-new='{\"font-size\":\"\",\"line-height\":\"\"}'  style=\"\"><span style=\"color: black;\">Confort cu protec\u021bia climatic\u0103 de la o singur\u0103 surs\u0103 - adic\u0103 \u00eenc\u0103lzirea \u00een regiune Landshut. Modul de conectare la termoficare se g\u0103se\u0219te aici.<\/span><\/p>\n<p>\u00bbMai multe informa\u021bii<\/div> <!-- description --><\/div> <!-- aio-icon-box --><\/a><\/div> <!-- aio-icon-component --><\/div><\/div><\/div><div class=\"wpb_column vc_column_container vc_col-sm-6\"><div class=\"vc_column-inner\"><div class=\"wpb_wrapper\"><div class=\"aio-icon-component   box-hellblau vorteilbox style_1\"><a class=\"aio-icon-box-link\" href=\"https:\/\/dev.stadtwerke-landshut.de\/ro\/energie\/energiedienste\/\" title=\"Tipps zu Energiefressern\" target=\"_blank\" rel=\"noopener\" ><div id=\"Info-box-wrap-5718\" class=\"aio-icon-box square_box-icon\" style=\"\"  ><div class=\"aio-icon-square_box\"><div class=\"ult-just-icon-wrapper\"><div class=\"align-icon\" style=\"text-align:center;\">\n<div class=\"aio-icon-img\" style=\"font-size:60px;background:#006fb9;border-style:solid;border-color:#ffffff;border-width:5px;padding:10px;border-radius:100px;display:inline-block;\" >\n\t<img decoding=\"async\" class=\"img-icon\" alt=\"Icon zur Energieberatung\" src=\"https:\/\/dev.stadtwerke-landshut.de\/wp-content\/uploads\/energieberatung_icon.png\"\/>\n<\/div><\/div><\/div><\/div><div class=\"aio-icon-header\" ><h3 class=\"aio-icon-title ult-responsive\"  data-ultimate-target='#Info-box-wrap-5718 .aio-icon-title'  data-responsive-json-new='{\"font-size\":\"\",\"line-height\":\"\"}'  style=\"\">servicii energetice<\/h3><\/div> <!-- header --><div class=\"aio-icon-description ult-responsive\"  data-ultimate-target='#Info-box-wrap-5718 .aio-icon-description'  data-responsive-json-new='{\"font-size\":\"\",\"line-height\":\"\"}'  style=\"\"><span style=\"color: black;\">Exist\u0103 multe moduri de a economisi energie f\u0103r\u0103 a pierde confortul. V\u0103 prezent\u0103m modalit\u0103\u021bi de a urm\u0103ri denivel\u0103torii de energie.<\/span><\/p>\n<p>\u00bbMai multe informa\u021bii<\/div> <!-- description --><\/div> <!-- aio-icon-box --><\/a><\/div> <!-- aio-icon-component --><\/div><\/div><\/div><\/div><div class=\"vc_row-full-width vc_clearfix\"><\/div><div data-vc-full-width=\"true\" data-vc-full-width-temp=\"true\" data-vc-full-width-init=\"false\" class=\"vc_row wpb_row vc_row-fluid\"><div class=\"wpb_column vc_column_container vc_col-sm-12\"><div class=\"vc_column-inner\"><div class=\"wpb_wrapper\"><div class=\"ult-spacer spacer-69f61e17ddd66\" data-id=\"69f61e17ddd66\" data-height=\"200\" data-height-mobile=\"50\" data-height-tab=\"\" data-height-tab-portrait=\"\" data-height-mobile-landscape=\"100\" style=\"clear:both;display:block;\"><\/div><h2 style=\"text-align: center\" class=\"vc_custom_heading vc_do_custom_heading weiss\" >Pauz\u0103 scurt\u0103 din via\u021ba de zi cu zi \u00een piscina ora\u0219ului<\/h2>\n\t<div class=\"wpb_text_column wpb_content_element weiss\" >\n\t\t<div class=\"wpb_wrapper\">\n\t\t\t<h4 style=\"text-align: center;\">F\u00fcr 13,00 \u20ac Sauna und Hallenbad genie\u00dfen (Tagespreis), solange Sie wollen!<\/h4>\n\n\t\t<\/div>\n\t<\/div>\n<div class=\"ult-spacer spacer-69f61e17ddf4f\" data-id=\"69f61e17ddf4f\" data-height=\"15\" data-height-mobile=\"15\" data-height-tab=\"15\" data-height-tab-portrait=\"\" data-height-mobile-landscape=\"\" style=\"clear:both;display:block;\"><\/div><div class=\"vc_btn3-container vc_btn3-center vc_do_btn\" ><a class=\"vc_general vc_btn3 vc_btn3-size-md vc_btn3-shape-square vc_btn3-style-outline vc_btn3-icon-left vc_btn3-color-default\" href=\"https:\/\/dev.stadtwerke-landshut.de\/ro\/stadtbad\/sauna-wellness\/\" title=\"Stadtbad Landshut\"><i class=\"vc_btn3-icon fa fa-angle-double-right\"><\/i> Acum cunoa\u0219te\u021bi sauna noastr\u0103<\/a><\/div><div class=\"ult-spacer spacer-69f61e17de187\" data-id=\"69f61e17de187\" data-height=\"200\" data-height-mobile=\"50\" data-height-tab=\"\" data-height-tab-portrait=\"\" data-height-mobile-landscape=\"100\" style=\"clear:both;display:block;\"><\/div><\/div><\/div><\/div><\/div><div class=\"vc_row-full-width vc_clearfix\"><\/div><!-- Row Backgrounds --><div class=\"upb_bg_img\" data-ultimate-bg=\"url(https:\/\/dev.stadtwerke-landshut.de\/wp-content\/uploads\/190304_Saunanacht.jpg)\" data-image-id=\"id^4527|url^https:\/\/dev.stadtwerke-landshut.de\/wp-content\/uploads\/190304_Saunanacht.jpg|caption^null|alt^null|title^190304_Saunanacht|description^null\" data-ultimate-bg-style=\"vcpb-default\" data-bg-img-repeat=\"repeat\" data-bg-img-size=\"cover\" data-bg-img-position=\"\" data-parallx_sense=\"30\" data-bg-override=\"0\" data-bg_img_attach=\"scroll\" data-upb-overlay-color=\"rgba(0,0,0,0.45)\" data-upb-bg-animation=\"\" data-fadeout=\"\" data-bg-animation=\"left-animation\" data-bg-animation-type=\"h\" data-animation-repeat=\"repeat\" data-fadeout-percentage=\"30\" data-parallax-content=\"\" data-parallax-content-sense=\"30\" data-row-effect-mobile-disable=\"true\" data-img-parallax-mobile-disable=\"true\" data-rtl=\"false\"  data-custom-vc-row=\"\"  data-vc=\"8.7.2\"  data-is_old_vc=\"\"  data-theme-support=\"\"   data-overlay=\"true\" data-overlay-color=\"rgba(0,0,0,0.45)\" data-overlay-pattern=\"\" data-overlay-pattern-opacity=\"0.8\" data-overlay-pattern-size=\"\" data-overlay-pattern-attachment=\"scroll\"    ><\/div>\n<\/div>","protected":false},"excerpt":{"rendered":"Fair, zuverl\u00e4ssig und regional Als regionaler Energieversorger sind wir in Stadt und Landkreis fest verwurzelt und tragen einen erheblichen Anteil an der wirtschaftlichen und \u00f6kologischen Entwicklung der Region bei. Uns [...]","protected":false},"author":1,"featured_media":1466,"parent":0,"menu_order":0,"comment_status":"closed","ping_status":"closed","template":"","meta":{"_relevanssi_hide_post":"","_relevanssi_hide_content":"","_relevanssi_pin_for_all":"","_relevanssi_pin_keywords":"","_relevanssi_unpin_keywords":"","_relevanssi_related_keywords":"","_relevanssi_related_include_ids":"","_relevanssi_related_exclude_ids":"","_relevanssi_related_no_append":"","_relevanssi_related_not_related":"","_relevanssi_related_posts":"","_relevanssi_noindex_reason":"","footnotes":""},"class_list":["post-15","page","type-page","status-publish","has-post-thumbnail","hentry"],"publishpress_future_action":{"enabled":false,"date":"2026-05-09 17:53:59","action":"change-status","newStatus":"draft","terms":[],"taxonomy":"","extraData":[]},"publishpress_future_workflow_manual_trigger":{"enabledWorkflows":[]},"_links":{"self":[{"href":"https:\/\/dev.stadtwerke-landshut.de\/ro\/wp-json\/wp\/v2\/pages\/15","targetHints":{"allow":["GET"]}}],"collection":[{"href":"https:\/\/dev.stadtwerke-landshut.de\/ro\/wp-json\/wp\/v2\/pages"}],"about":[{"href":"https:\/\/dev.stadtwerke-landshut.de\/ro\/wp-json\/wp\/v2\/types\/page"}],"author":[{"embeddable":true,"href":"https:\/\/dev.stadtwerke-landshut.de\/ro\/wp-json\/wp\/v2\/users\/1"}],"replies":[{"embeddable":true,"href":"https:\/\/dev.stadtwerke-landshut.de\/ro\/wp-json\/wp\/v2\/comments?post=15"}],"version-history":[{"count":44,"href":"https:\/\/dev.stadtwerke-landshut.de\/ro\/wp-json\/wp\/v2\/pages\/15\/revisions"}],"predecessor-version":[{"id":26718,"href":"https:\/\/dev.stadtwerke-landshut.de\/ro\/wp-json\/wp\/v2\/pages\/15\/revisions\/26718"}],"wp:featuredmedia":[{"embeddable":true,"href":"https:\/\/dev.stadtwerke-landshut.de\/ro\/wp-json\/wp\/v2\/media\/1466"}],"wp:attachment":[{"href":"https:\/\/dev.stadtwerke-landshut.de\/ro\/wp-json\/wp\/v2\/media?parent=15"}],"curies":[{"name":"wp","href":"https:\/\/api.w.org\/{rel}","templated":true}]}}