{"id":1642,"date":"2019-08-23T07:55:47","date_gmt":"2019-08-23T05:55:47","guid":{"rendered":"https:\/\/dev.stadtwerke-landshut.de\/?page_id=1642"},"modified":"2025-05-21T13:52:48","modified_gmt":"2025-05-21T11:52:48","slug":"unternehmen","status":"publish","type":"page","link":"https:\/\/dev.stadtwerke-landshut.de\/ro\/unternehmen\/","title":{"rendered":"companie"},"content":{"rendered":"<div class=\"wpb-content-wrapper\"><div class=\"vc_row wpb_row vc_row-fluid\"><div class=\"wpb_column vc_column_container vc_col-sm-12\"><div class=\"vc_column-inner\"><div class=\"wpb_wrapper\"><div class=\"vc_empty_space\"   style=\"height: 15px\"><span class=\"vc_empty_space_inner\"><\/span><\/div><\/div><\/div><\/div><\/div><div data-vc-full-width=\"true\" data-vc-full-width-temp=\"true\" data-vc-full-width-init=\"false\" class=\"vc_row wpb_row vc_row-fluid\"><div class=\"wpb_column vc_column_container vc_col-sm-3\"><div class=\"vc_column-inner\"><div class=\"wpb_wrapper\"><div class=\"aio-icon-component   box-hellblau vorteilbox style_1\"><div id=\"Info-box-wrap-1846\" class=\"aio-icon-box square_box-icon\" style=\"\"  ><div class=\"aio-icon-square_box\"><div class=\"ult-just-icon-wrapper\"><div class=\"align-icon\" style=\"text-align:center;\">\n<div class=\"aio-icon-img\" style=\"font-size:60px;background:#006fb9;border-style:solid;border-color:#ffffff;border-width:5px;padding:10px;border-radius:100px;display:inline-block;\" >\n\t<img decoding=\"async\" class=\"img-icon\" alt=\"null\" src=\"https:\/\/dev.stadtwerke-landshut.de\/wp-content\/uploads\/stadtwerkehelm_icon.png\"\/>\n<\/div><\/div><\/div><\/div><div class=\"aio-icon-header\" ><h3 class=\"aio-icon-title ult-responsive\"  data-ultimate-target='#Info-box-wrap-1846 .aio-icon-title'  data-responsive-json-new='{\"font-size\":\"\",\"line-height\":\"\"}'  style=\"\">Stadtwerke Landshut<\/h3><\/div> <!-- header --><div class=\"aio-icon-description ult-responsive\"  data-ultimate-target='#Info-box-wrap-1846 .aio-icon-description'  data-responsive-json-new='{\"font-size\":\"\",\"line-height\":\"\"}'  style=\"\"><span style=\"color: black;\">Afl\u0103 ce ne face speciali, pentru ce st\u0103m \u0219i cum ne-am transformat \u00eentr-o companie modern\u0103 din 1858.<\/span><\/p>\n<ul>\n<li><a href=\"https:\/\/dev.stadtwerke-landshut.de\/ro\/unternehmen\/stadtwerke-landshut\/#1\" target=\"_blank\" rel=\"noopener noreferrer\">mai multe informa\u021bii<\/a><\/li>\n<\/ul>\n<p><\/div> <!-- description --><\/div> <!-- aio-icon-box --><\/div> <!-- aio-icon-component --><\/div><\/div><\/div><div class=\"wpb_column vc_column_container vc_col-sm-3\"><div class=\"vc_column-inner\"><div class=\"wpb_wrapper\"><div class=\"aio-icon-component   box-hellblau vorteilbox style_1\"><div id=\"Info-box-wrap-1239\" class=\"aio-icon-box square_box-icon\" style=\"\"  ><div class=\"aio-icon-square_box\"><div class=\"ult-just-icon-wrapper\"><div class=\"align-icon\" style=\"text-align:center;\">\n<div class=\"aio-icon-img\" style=\"font-size:60px;background:#006fb9;border-style:solid;border-color:#ffffff;border-width:5px;padding:10px;border-radius:100px;display:inline-block;\" >\n\t<img decoding=\"async\" class=\"img-icon\" alt=\"Kontakt und Anfahrt\" src=\"https:\/\/dev.stadtwerke-landshut.de\/wp-content\/uploads\/standorte_icon-1.png\"\/>\n<\/div><\/div><\/div><\/div><div class=\"aio-icon-header\" ><h3 class=\"aio-icon-title ult-responsive\"  data-ultimate-target='#Info-box-wrap-1239 .aio-icon-title'  data-responsive-json-new='{\"font-size\":\"\",\"line-height\":\"\"}'  style=\"\">loca\u021bii<\/h3><\/div> <!-- header --><div class=\"aio-icon-description ult-responsive\"  data-ultimate-target='#Info-box-wrap-1239 .aio-icon-description'  data-responsive-json-new='{\"font-size\":\"\",\"line-height\":\"\"}'  style=\"\"><span style=\"color: black;\">Loca\u021biile noastre sunt r\u0103sp\u00e2ndite \u00een ora\u0219. Sunt multe de \u0219tiut - at\u00e2t pentru studen\u021bi, c\u00e2t \u0219i pentru p\u0103r\u021bile interesate.<\/span><\/p>\n<ul>\n<li><a href=\"https:\/\/dev.stadtwerke-landshut.de\/ro\/unternehmen\/stadtwerke-landshut\/#2\" target=\"_blank\" rel=\"noopener noreferrer\">mai multe informa\u021bii<\/a><\/li>\n<\/ul>\n<p><\/div> <!-- description --><\/div> <!-- aio-icon-box --><\/div> <!-- aio-icon-component --><\/div><\/div><\/div><div class=\"wpb_column vc_column_container vc_col-sm-3\"><div class=\"vc_column-inner\"><div class=\"wpb_wrapper\"><div class=\"aio-icon-component   box-hellblau vorteilbox style_1\"><div id=\"Info-box-wrap-9863\" class=\"aio-icon-box square_box-icon\" style=\"\"  ><div class=\"aio-icon-square_box\"><div class=\"ult-just-icon-wrapper\"><div class=\"align-icon\" style=\"text-align:center;\">\n<div class=\"aio-icon-img\" style=\"font-size:60px;background:#006fb9;border-style:solid;border-color:#ffffff;border-width:5px;padding:10px;border-radius:100px;display:inline-block;\" >\n\t<img decoding=\"async\" class=\"img-icon\" alt=\"Gesch\u00e4ftspartner Icon\" src=\"https:\/\/dev.stadtwerke-landshut.de\/wp-content\/uploads\/geschaeftspartner_icon.png\"\/>\n<\/div><\/div><\/div><\/div><div class=\"aio-icon-header\" ><h3 class=\"aio-icon-title ult-responsive\"  data-ultimate-target='#Info-box-wrap-9863 .aio-icon-title'  data-responsive-json-new='{\"font-size\":\"\",\"line-height\":\"\"}'  style=\"\">Achizi\u021bii \u0219i parteneri de afaceri<\/h3><\/div> <!-- header --><div class=\"aio-icon-description ult-responsive\"  data-ultimate-target='#Info-box-wrap-9863 .aio-icon-description'  data-responsive-json-new='{\"font-size\":\"\",\"line-height\":\"\"}'  style=\"\"><span style=\"color: black;\">Aici ve\u021bi g\u0103si informa\u021bii despre ofertele noastre curente \u0219i alte persoane de contact din cadrul companiei.<\/span><\/p>\n<ul>\n<li><a href=\"https:\/\/dev.stadtwerke-landshut.de\/ro\/unternehmen\/stadtwerke-landshut\/#3\" target=\"_blank\" rel=\"noopener noreferrer\">mai multe informa\u021bii<\/a><\/li>\n<\/ul>\n<p><\/div> <!-- description --><\/div> <!-- aio-icon-box --><\/div> <!-- aio-icon-component --><\/div><\/div><\/div><div class=\"wpb_column vc_column_container vc_col-sm-3\"><div class=\"vc_column-inner\"><div class=\"wpb_wrapper\"><div class=\"aio-icon-component   box-hellblau vorteilbox style_1\"><div id=\"Info-box-wrap-9120\" class=\"aio-icon-box square_box-icon\" style=\"\"  ><div class=\"aio-icon-square_box\"><div class=\"ult-just-icon-wrapper\"><div class=\"align-icon\" style=\"text-align:center;\">\n<div class=\"aio-icon-img\" style=\"font-size:60px;background:#006fb9;border-style:solid;border-color:#ffffff;border-width:5px;padding:10px;border-radius:100px;display:inline-block;\" >\n\t<img decoding=\"async\" class=\"img-icon\" alt=\"Sponsoring Icon\" src=\"https:\/\/dev.stadtwerke-landshut.de\/wp-content\/uploads\/sponsoring_icon.png\"\/>\n<\/div><\/div><\/div><\/div><div class=\"aio-icon-header\" ><h3 class=\"aio-icon-title ult-responsive\"  data-ultimate-target='#Info-box-wrap-9120 .aio-icon-title'  data-responsive-json-new='{\"font-size\":\"\",\"line-height\":\"\"}'  style=\"\">sponsorizarea<\/h3><\/div> <!-- header --><div class=\"aio-icon-description ult-responsive\"  data-ultimate-target='#Info-box-wrap-9120 .aio-icon-description'  data-responsive-json-new='{\"font-size\":\"\",\"line-height\":\"\"}'  style=\"\"><span style=\"color: black;\">Pentru ca Landshut s\u0103 r\u0103m\u00e2n\u0103 demn de tr\u0103it, promov\u0103m institu\u021bii \u0219i asocia\u021bii care se angajeaz\u0103 \u00een societatea urban\u0103.<\/span><\/p>\n<ul>\n<li><a href=\"https:\/\/dev.stadtwerke-landshut.de\/ro\/unternehmen\/stadtwerke-landshut\/#4\" target=\"_blank\" rel=\"noopener noreferrer\">mai multe informa\u021bii<\/a><\/li>\n<\/ul>\n<p><\/div> <!-- description --><\/div> <!-- aio-icon-box --><\/div> <!-- aio-icon-component --><\/div><\/div><\/div><\/div><div class=\"vc_row-full-width vc_clearfix\"><\/div>\n<\/div>","protected":false},"excerpt":{"rendered":"Stadtwerke Landshut Hier erfahren Sie, was uns ausmacht, f\u00fcr was wir stehen und wie wir uns seit 1858 zu einem modernen Unternehmen entwickelt haben. mehr Infos Standorte Unsere Standorte sind [...]","protected":false},"author":5,"featured_media":5927,"parent":0,"menu_order":0,"comment_status":"closed","ping_status":"closed","template":"","meta":{"_relevanssi_hide_post":"","_relevanssi_hide_content":"","_relevanssi_pin_for_all":"","_relevanssi_pin_keywords":"","_relevanssi_unpin_keywords":"","_relevanssi_related_keywords":"","_relevanssi_related_include_ids":"","_relevanssi_related_exclude_ids":"","_relevanssi_related_no_append":"","_relevanssi_related_not_related":"","_relevanssi_related_posts":"","_relevanssi_noindex_reason":"","footnotes":""},"class_list":["post-1642","page","type-page","status-publish","has-post-thumbnail","hentry"],"publishpress_future_action":{"enabled":false,"date":"2026-05-09 20:18:46","action":"change-status","newStatus":"draft","terms":[],"taxonomy":"","extraData":[]},"publishpress_future_workflow_manual_trigger":{"enabledWorkflows":[]},"_links":{"self":[{"href":"https:\/\/dev.stadtwerke-landshut.de\/ro\/wp-json\/wp\/v2\/pages\/1642","targetHints":{"allow":["GET"]}}],"collection":[{"href":"https:\/\/dev.stadtwerke-landshut.de\/ro\/wp-json\/wp\/v2\/pages"}],"about":[{"href":"https:\/\/dev.stadtwerke-landshut.de\/ro\/wp-json\/wp\/v2\/types\/page"}],"author":[{"embeddable":true,"href":"https:\/\/dev.stadtwerke-landshut.de\/ro\/wp-json\/wp\/v2\/users\/5"}],"replies":[{"embeddable":true,"href":"https:\/\/dev.stadtwerke-landshut.de\/ro\/wp-json\/wp\/v2\/comments?post=1642"}],"version-history":[{"count":29,"href":"https:\/\/dev.stadtwerke-landshut.de\/ro\/wp-json\/wp\/v2\/pages\/1642\/revisions"}],"predecessor-version":[{"id":26730,"href":"https:\/\/dev.stadtwerke-landshut.de\/ro\/wp-json\/wp\/v2\/pages\/1642\/revisions\/26730"}],"wp:featuredmedia":[{"embeddable":true,"href":"https:\/\/dev.stadtwerke-landshut.de\/ro\/wp-json\/wp\/v2\/media\/5927"}],"wp:attachment":[{"href":"https:\/\/dev.stadtwerke-landshut.de\/ro\/wp-json\/wp\/v2\/media?parent=1642"}],"curies":[{"name":"wp","href":"https:\/\/api.w.org\/{rel}","templated":true}]}}