{"id":4143,"date":"2019-09-03T17:37:02","date_gmt":"2019-09-03T15:37:02","guid":{"rendered":"https:\/\/dev.stadtwerke-landshut.de\/?page_id=4143"},"modified":"2019-09-23T14:07:01","modified_gmt":"2019-09-23T12:07:01","slug":"kurse-sicher-im-stadtbus","status":"publish","type":"page","link":"https:\/\/dev.stadtwerke-landshut.de\/ro\/mobilitaet\/busfahren\/kurse-sicher-im-stadtbus\/","title":{"rendered":"Cursuri \u00een siguran\u021b\u0103 \u00een autobuzul ora\u0219ului"},"content":{"rendered":"<div class=\"wpb-content-wrapper\"><div class=\"vc_row wpb_row vc_row-fluid\"><div class=\"wpb_column vc_column_container vc_col-sm-12\"><div class=\"vc_column-inner\"><div class=\"wpb_wrapper\"><div class=\"ult-spacer spacer-69f64008e4600\" data-id=\"69f64008e4600\" data-height=\"15\" data-height-mobile=\"15\" data-height-tab=\"15\" data-height-tab-portrait=\"\" data-height-mobile-landscape=\"\" style=\"clear:both;display:block;\"><\/div><\/div><\/div><\/div><\/div><div class=\"vc_row wpb_row vc_row-fluid\"><div class=\"wpb_column vc_column_container vc_col-sm-6\"><div class=\"vc_column-inner\"><div class=\"wpb_wrapper\"><div class=\"ult-content-box-container\" >\t\t<div class=\"ult-content-box\" style=\"background-image:url(&#039;https:\/\/dev.stadtwerke-landshut.de\/wp-content\/uploads\/senioren_bus.jpg&#039;);background-size: cover;background-repeat: no-repeat;background-position: center center;background-color: rgba(0, 0, 0, 0);box-shadow: px px px px none;border-style:solid;border-width:1px;border-color:#f4f4f4;-webkit-transition: all 700ms ease;-moz-transition: all 700ms ease;-ms-transition: all 700ms ease;-o-transition: all 700ms ease;transition: all 700ms ease;\"  data-hover_box_shadow=\"none\"  data-hover_border_color=\"#f4f4f4\"     data-border_color=\"#f4f4f4\" ><div class=\"ult-spacer spacer-69f64008e4d10\" data-id=\"69f64008e4d10\" data-height=\"250\" data-height-mobile=\"250\" data-height-tab=\"250\" data-height-tab-portrait=\"\" data-height-mobile-landscape=\"\" style=\"clear:both;display:block;\"><\/div>\t\t<\/div><\/div><div class=\"ult-spacer spacer-69f64008e4d28\" data-id=\"69f64008e4d28\" data-height=\"15\" data-height-mobile=\"15\" data-height-tab=\"15\" data-height-tab-portrait=\"\" data-height-mobile-landscape=\"\" style=\"clear:both;display:block;\"><\/div><h3 style=\"text-align: left\" class=\"vc_custom_heading vc_do_custom_heading grau equal1\" >Mobile Plus! pentru seniori<\/h3>\n\t<div class=\"wpb_text_column wpb_content_element equal2\" >\n\t\t<div class=\"wpb_wrapper\">\n\t\t\t<p>Plus mobil! este un program pentru persoanele \u00een v\u00e2rst\u0103 \u0219i persoanele cu handicap, care este oferit de agen\u021bia voluntar\u0103 Landshut (fala) \u0219i Stadtwerke Landshut. A fi mobil este o nevoie uman\u0103 de baz\u0103. A fi capabil s\u0103 aib\u0103 grij\u0103 de sine \u0219i s\u0103 se angajeze \u00een activit\u0103\u021bi sociale cre\u0219te calitatea vie\u021bii.<\/p>\n<p>Scopul Mobil plus este de a oferi instruire de siguran\u021b\u0103 cu exerci\u021bii practice pentru a ajuta oamenii s\u0103 \u00ee\u0219i mobilizeze propria v\u00e2rst\u0103. Participan\u021bii la cursul de mobilitate pot practica intrarea \u0219i ie\u0219irea, de exemplu, \u00eentr-un autobuz urban oferit special.<\/p>\n<p>Dac\u0103 nu mai ave\u021bi \u00eencredere c\u0103 c\u0103l\u0103tori\u021bi singur cu autobuzul din ora\u0219, fala v\u0103 va oferi un \u00eenso\u021bitor de autobuz voluntar \u0219i instruit.<\/p>\n<p>Mai multe informa\u021bii despre Mobil plus !, datele curente pentru cursurile de mobilitate, precum \u0219i cerin\u021bele pentru voluntariat sunt disponibile la adresa <a href=\"http:\/\/www.freiwilligen-agentur-landshut.de\" target=\"_blank\" rel=\"noopener noreferrer\"> www.freiwilligen-agentur-landshut.de<\/a> disponibile.<\/p>\n<p>Informa\u021bii de contact prin telefon 0871 2066 2730 sau prin e-mail <a href=\"mailto:info@freiwilligen-agentur-landshut.de\">info@freiwilligen-agentur-landshut.de<\/a><\/p>\n\n\t\t<\/div>\n\t<\/div>\n<div class=\"ult-spacer spacer-69f64008e5073\" data-id=\"69f64008e5073\" data-height=\"30\" data-height-mobile=\"30\" data-height-tab=\"30\" data-height-tab-portrait=\"\" data-height-mobile-landscape=\"\" style=\"clear:both;display:block;\"><\/div><\/div><\/div><\/div><div class=\"wpb_column vc_column_container vc_col-sm-6\"><div class=\"vc_column-inner\"><div class=\"wpb_wrapper\"><div class=\"ult-content-box-container\" >\t\t<div class=\"ult-content-box\" style=\"background-image:url(&#039;https:\/\/dev.stadtwerke-landshut.de\/wp-content\/uploads\/kids_bus.jpg&#039;);background-size: cover;background-repeat: no-repeat;background-position: center center;background-color: rgba(0, 0, 0, 0);box-shadow: px px px px none;border-style:solid;border-width:1px;border-color:#f4f4f4;-webkit-transition: all 700ms ease;-moz-transition: all 700ms ease;-ms-transition: all 700ms ease;-o-transition: all 700ms ease;transition: all 700ms ease;\"  data-hover_box_shadow=\"none\"  data-hover_border_color=\"#f4f4f4\"     data-border_color=\"#f4f4f4\" ><div class=\"ult-spacer spacer-69f64008e5393\" data-id=\"69f64008e5393\" data-height=\"250\" data-height-mobile=\"250\" data-height-tab=\"250\" data-height-tab-portrait=\"\" data-height-mobile-landscape=\"\" style=\"clear:both;display:block;\"><\/div>\t\t<\/div><\/div><div class=\"ult-spacer spacer-69f64008e53aa\" data-id=\"69f64008e53aa\" data-height=\"15\" data-height-mobile=\"15\" data-height-tab=\"15\" data-height-tab-portrait=\"\" data-height-mobile-landscape=\"\" style=\"clear:both;display:block;\"><\/div><h3 style=\"text-align: left\" class=\"vc_custom_heading vc_do_custom_heading grau equal1\" >Cool2school pentru adolescen\u021bi<\/h3>\n\t<div class=\"wpb_text_column wpb_content_element equal2\" >\n\t\t<div class=\"wpb_wrapper\">\n\t\t\t<p>\u00cencep\u00e2nd cu 2008, \u0219oferii de autobuze \u0219colare voluntare s-au deplasat \u00een autobuzele ora\u0219ului din Stadtwerke Landshut pentru a asigura ordinea \u00een sta\u021biile din fa\u021ba \u0219colilor \u0219i \u00een autobuzele \u0219colare. Schulbuslotsen sunt tineri de la v\u00e2rsta de 14 ani dintr-un total de \u0219ase \u0219coli Landshut. Tinerii ajut\u0103 la prevenirea conflictelor \u0219i la rezolvarea situa\u021biilor dificile.<br \/>\nProiectul este organizat de agen\u021bia voluntar\u0103 Landshut (fala) \u00een cooperare cu Stadtwerke Landshut, poli\u021bia rutier\u0103 \u0219i sec\u021bia de poli\u021bie Landshut. \u00cen plus, Funda\u021bia Dominik Brunner sus\u021bine proiectul.<br \/>\nStuden\u021bii interesa\u021bi pot primi informa\u021bii la secretariatul \u0219colii lor sau pot contacta fala (<a href=\"http:\/\/www.freiwilligen-agentur-landshut.de\/\" target=\"_blank\" rel=\"noopener noreferrer\">www.freiwilligen-agentur-landshut.de<\/a>de contact).<br \/>\nInforma\u021bii de contact prin telefon 0871 2066 2730 sau prin e-mail <a href=\"mailto:info@freiwilligen-agentur-landshut.de\">info@freiwilligen-agentur-landshut.de<\/a><\/p>\n\n\t\t<\/div>\n\t<\/div>\n<div class=\"ult-spacer spacer-69f64008e5583\" data-id=\"69f64008e5583\" data-height=\"30\" data-height-mobile=\"30\" data-height-tab=\"30\" data-height-tab-portrait=\"\" data-height-mobile-landscape=\"\" style=\"clear:both;display:block;\"><\/div><\/div><\/div><\/div><\/div>\n<\/div>","protected":false},"excerpt":{"rendered":"Mobil Plus! f\u00fcr Senioren Mobil plus! ist ein Programm f\u00fcr Senioren und Menschen mit Handicap, das die Freiwilligen Agentur Landshut (fala) und die Stadtwerke Landshut anbieten. Mobil zu sein, ist [...]","protected":false},"author":5,"featured_media":4156,"parent":4078,"menu_order":0,"comment_status":"closed","ping_status":"closed","template":"","meta":{"_relevanssi_hide_post":"","_relevanssi_hide_content":"","_relevanssi_pin_for_all":"","_relevanssi_pin_keywords":"","_relevanssi_unpin_keywords":"","_relevanssi_related_keywords":"","_relevanssi_related_include_ids":"","_relevanssi_related_exclude_ids":"","_relevanssi_related_no_append":"","_relevanssi_related_not_related":"","_relevanssi_related_posts":"","_relevanssi_noindex_reason":"","footnotes":""},"class_list":["post-4143","page","type-page","status-publish","has-post-thumbnail","hentry"],"publishpress_future_action":{"enabled":false,"date":"2026-05-09 20:18:48","action":"change-status","newStatus":"draft","terms":[],"taxonomy":"","extraData":[]},"publishpress_future_workflow_manual_trigger":{"enabledWorkflows":[]},"_links":{"self":[{"href":"https:\/\/dev.stadtwerke-landshut.de\/ro\/wp-json\/wp\/v2\/pages\/4143","targetHints":{"allow":["GET"]}}],"collection":[{"href":"https:\/\/dev.stadtwerke-landshut.de\/ro\/wp-json\/wp\/v2\/pages"}],"about":[{"href":"https:\/\/dev.stadtwerke-landshut.de\/ro\/wp-json\/wp\/v2\/types\/page"}],"author":[{"embeddable":true,"href":"https:\/\/dev.stadtwerke-landshut.de\/ro\/wp-json\/wp\/v2\/users\/5"}],"replies":[{"embeddable":true,"href":"https:\/\/dev.stadtwerke-landshut.de\/ro\/wp-json\/wp\/v2\/comments?post=4143"}],"version-history":[{"count":20,"href":"https:\/\/dev.stadtwerke-landshut.de\/ro\/wp-json\/wp\/v2\/pages\/4143\/revisions"}],"predecessor-version":[{"id":5640,"href":"https:\/\/dev.stadtwerke-landshut.de\/ro\/wp-json\/wp\/v2\/pages\/4143\/revisions\/5640"}],"up":[{"embeddable":true,"href":"https:\/\/dev.stadtwerke-landshut.de\/ro\/wp-json\/wp\/v2\/pages\/4078"}],"wp:featuredmedia":[{"embeddable":true,"href":"https:\/\/dev.stadtwerke-landshut.de\/ro\/wp-json\/wp\/v2\/media\/4156"}],"wp:attachment":[{"href":"https:\/\/dev.stadtwerke-landshut.de\/ro\/wp-json\/wp\/v2\/media?parent=4143"}],"curies":[{"name":"wp","href":"https:\/\/api.w.org\/{rel}","templated":true}]}}