{"id":54,"date":"2019-04-11T17:15:48","date_gmt":"2019-04-11T15:15:48","guid":{"rendered":"https:\/\/dev.stadtwerke-landshut.de\/?page_id=54"},"modified":"2025-05-21T11:42:58","modified_gmt":"2025-05-21T09:42:58","slug":"stadtbad","status":"publish","type":"page","link":"https:\/\/dev.stadtwerke-landshut.de\/ro\/stadtbad\/","title":{"rendered":"Stadtbad"},"content":{"rendered":"<div class=\"wpb-content-wrapper\"><div data-vc-full-width=\"true\" data-vc-full-width-temp=\"true\" data-vc-full-width-init=\"false\" class=\"vc_row wpb_row vc_row-fluid\"><div class=\"wpb_column vc_column_container vc_col-sm-12\"><div class=\"vc_column-inner\"><div class=\"wpb_wrapper\"><div class=\"ult-spacer spacer-69f652b0bd44b\" data-id=\"69f652b0bd44b\" data-height=\"30\" data-height-mobile=\"30\" data-height-tab=\"30\" data-height-tab-portrait=\"\" data-height-mobile-landscape=\"\" style=\"clear:both;display:block;\"><\/div><\/div><\/div><\/div><\/div><div class=\"vc_row-full-width vc_clearfix\"><\/div><div data-vc-full-width=\"true\" data-vc-full-width-temp=\"true\" data-vc-full-width-init=\"false\" class=\"vc_row wpb_row vc_row-fluid\"><div class=\"wpb_column vc_column_container vc_col-sm-4 vc_hidden-lg vc_hidden-md vc_hidden-sm vc_hidden-xs\"><div class=\"vc_column-inner\"><div class=\"wpb_wrapper\"><div tabindex=\"0\" class=\"ult-new-ib ult-ib-effect-style6  ult-ib-resp ult-ib2-min-height\" data-min-width=\"768\" data-max-width=\"900\" style=\"background:#000000; opacity:0; \" data-opacity=\"0.8\" data-hover-opacity=\"0.6\"  data-min-height=\"250\" ><img decoding=\"async\" class=\"ult-new-ib-img\" style=\"opacity:0.8;\" alt=\"null\" src=\"https:\/\/dev.stadtwerke-landshut.de\/wp-content\/uploads\/kinderbecken-bild-4.jpg\"  data-min-height=\"250\"   \/><div id=\"interactive-banner-wrap-4680\" class=\"ult-new-ib-desc\" style=\"\"><h3 class=\"ult-new-ib-title ult-responsive\"  data-ultimate-target='#interactive-banner-wrap-4680 .ult-new-ib-title'  data-responsive-json-new='{\"font-size\":\"desktop:30px;\",\"line-height\":\"\"}'  style=\"font-weight:normal;color:#ffffff;\">piscina in aer liber<\/h3><div class=\"ult-new-ib-content ult-responsive\"  data-ultimate-target='#interactive-banner-wrap-4680 .ult-new-ib-content'  data-responsive-json-new='{\"font-size\":\"desktop:16px;\",\"line-height\":\"desktop:20px;\"}'  style=\"font-weight:normal;color:#ffffff;\"><p>Lorem ipsum dolor sit amet, consetetur sadipscing elitr, sed diam nonumy eirmod temporal invidunt ut labore et dolore magna aliquyam erat, sed diam voluptua.<\/p><\/div><\/div><a class=\"ult-new-ib-link\" href=\"https:\/\/dev.stadtwerke-landshut.de\/ro\/stadtbad\/freibad\/\" title=\"piscina in aer liber\"  ><\/a><\/div><\/div><\/div><\/div><div class=\"wpb_column vc_column_container vc_col-sm-4 vc_hidden-lg vc_hidden-md vc_hidden-sm vc_hidden-xs\"><div class=\"vc_column-inner\"><div class=\"wpb_wrapper\"><div tabindex=\"0\" class=\"ult-new-ib ult-ib-effect-style6  ult-ib-resp ult-ib2-min-height\" data-min-width=\"768\" data-max-width=\"900\" style=\"background:#000000; opacity:0; \" data-opacity=\"0.8\" data-hover-opacity=\"0.6\"  data-min-height=\"250\" ><img decoding=\"async\" class=\"ult-new-ib-img\" style=\"opacity:0.8;\" alt=\"null\" src=\"https:\/\/dev.stadtwerke-landshut.de\/wp-content\/uploads\/Hallenbad_Schwimmhalle.jpg\"  data-min-height=\"250\"   \/><div id=\"interactive-banner-wrap-6212\" class=\"ult-new-ib-desc\" style=\"\"><h3 class=\"ult-new-ib-title ult-responsive\"  data-ultimate-target='#interactive-banner-wrap-6212 .ult-new-ib-title'  data-responsive-json-new='{\"font-size\":\"desktop:30px;\",\"line-height\":\"\"}'  style=\"font-weight:normal;color:#ffffff;\">piscin\u0103 interioar\u0103<\/h3><div class=\"ult-new-ib-content ult-responsive\"  data-ultimate-target='#interactive-banner-wrap-6212 .ult-new-ib-content'  data-responsive-json-new='{\"font-size\":\"desktop:16px;\",\"line-height\":\"desktop:20px;\"}'  style=\"font-weight:normal;color:#ffffff;\"><p>Lorem ipsum dolor sit amet, consetetur sadipscing elitr, sed diam nonumy eirmod temporal invidunt ut labore et dolore magna aliquyam erat, sed diam voluptua.<\/p><\/div><\/div><a class=\"ult-new-ib-link\" href=\"https:\/\/dev.stadtwerke-landshut.de\/ro\/stadtbad\/hallenbad\/\" title=\"piscin\u0103 interioar\u0103\"  ><\/a><\/div><\/div><\/div><\/div><div class=\"wpb_column vc_column_container vc_col-sm-4 vc_hidden-lg vc_hidden-md vc_hidden-sm vc_hidden-xs\"><div class=\"vc_column-inner\"><div class=\"wpb_wrapper\"><div tabindex=\"0\" class=\"ult-new-ib ult-ib-effect-style6  ult-ib-resp ult-ib2-min-height\" data-min-width=\"768\" data-max-width=\"900\" style=\"background:#000000; opacity:0; \" data-opacity=\"0.8\" data-hover-opacity=\"0.6\"  data-min-height=\"250\" ><img decoding=\"async\" class=\"ult-new-ib-img\" style=\"opacity:0.8;\" alt=\"null\" src=\"https:\/\/dev.stadtwerke-landshut.de\/wp-content\/uploads\/Fotolia_13244988_XL.jpg\"  data-min-height=\"250\"   \/><div id=\"interactive-banner-wrap-8337\" class=\"ult-new-ib-desc\" style=\"\"><h3 class=\"ult-new-ib-title ult-responsive\"  data-ultimate-target='#interactive-banner-wrap-8337 .ult-new-ib-title'  data-responsive-json-new='{\"font-size\":\"desktop:30px;\",\"line-height\":\"\"}'  style=\"font-weight:normal;color:#ffffff;\">lec\u021bii de \u00eenot<\/h3><div class=\"ult-new-ib-content ult-responsive\"  data-ultimate-target='#interactive-banner-wrap-8337 .ult-new-ib-content'  data-responsive-json-new='{\"font-size\":\"desktop:16px;\",\"line-height\":\"desktop:20px;\"}'  style=\"font-weight:normal;color:#ffffff;\"><p>Lorem ipsum dolor sit amet, consetetur sadipscing elitr, sed diam nonumy eirmod temporal invidunt ut labore et dolore magna aliquyam erat, sed diam voluptua.<\/p><\/div><\/div><a class=\"ult-new-ib-link\" href=\"https:\/\/dev.stadtwerke-landshut.de\/ro\/stadtbad\/schwimmkurse\/\" title=\"lec\u021bii de \u00eenot\"  ><\/a><\/div><\/div><\/div><\/div><\/div><div class=\"vc_row-full-width vc_clearfix\"><\/div><div data-vc-full-width=\"true\" data-vc-full-width-temp=\"true\" data-vc-full-width-init=\"false\" class=\"vc_row wpb_row vc_row-fluid\"><div class=\"wpb_column vc_column_container vc_col-sm-4 vc_hidden-lg vc_hidden-md vc_hidden-sm vc_hidden-xs\"><div class=\"vc_column-inner\"><div class=\"wpb_wrapper\"><div tabindex=\"0\" class=\"ult-new-ib ult-ib-effect-style6  ult-ib-resp ult-ib2-min-height\" data-min-width=\"768\" data-max-width=\"900\" style=\"background:#000000; opacity:0; \" data-opacity=\"0.8\" data-hover-opacity=\"0.6\"  data-min-height=\"250\" ><img decoding=\"async\" class=\"ult-new-ib-img\" style=\"opacity:0.8;\" alt=\"Gro\u00dfe Finnensauna: Temperatur: 85 \u2013 90\u00b0 C, Luftfeuchtigkeit: ca. 10 %, Sitzpl\u00e4tze: max. 20\" src=\"https:\/\/dev.stadtwerke-landshut.de\/wp-content\/uploads\/Finnensauna-e1568017489924.jpg\"  data-min-height=\"250\"   \/><div id=\"interactive-banner-wrap-7700\" class=\"ult-new-ib-desc\" style=\"\"><h3 class=\"ult-new-ib-title ult-responsive\"  data-ultimate-target='#interactive-banner-wrap-7700 .ult-new-ib-title'  data-responsive-json-new='{\"font-size\":\"desktop:30px;\",\"line-height\":\"\"}'  style=\"font-weight:normal;color:#ffffff;\">Saun\u0103 &amp; Wellness<\/h3><div class=\"ult-new-ib-content ult-responsive\"  data-ultimate-target='#interactive-banner-wrap-7700 .ult-new-ib-content'  data-responsive-json-new='{\"font-size\":\"desktop:16px;\",\"line-height\":\"desktop:20px;\"}'  style=\"font-weight:normal;color:#ffffff;\"><p>Lorem ipsum dolor sit amet, consetetur sadipscing elitr, sed diam nonumy eirmod temporal invidunt ut labore et dolore magna aliquyam erat, sed diam voluptua.<\/p><\/div><\/div><a class=\"ult-new-ib-link\" href=\"https:\/\/dev.stadtwerke-landshut.de\/ro\/stadtbad\/sauna-wellness\/\" title=\"Saun\u0103 &amp; Wellness\"  ><\/a><\/div><\/div><\/div><\/div><div class=\"wpb_column vc_column_container vc_col-sm-4 vc_hidden-lg vc_hidden-md vc_hidden-sm vc_hidden-xs\"><div class=\"vc_column-inner\"><div class=\"wpb_wrapper\"><div tabindex=\"0\" class=\"ult-new-ib ult-ib-effect-style6  ult-ib-resp ult-ib2-min-height\" data-min-width=\"768\" data-max-width=\"900\" style=\"background:#000000; opacity:0; \" data-opacity=\"0.8\" data-hover-opacity=\"0.6\"  data-min-height=\"250\" ><img decoding=\"async\" class=\"ult-new-ib-img\" style=\"opacity:0.8;\" alt=\"null\" src=\"https:\/\/dev.stadtwerke-landshut.de\/wp-content\/uploads\/Fotolia_41477474_XL.jpg\"  data-min-height=\"250\"   \/><div id=\"interactive-banner-wrap-6659\" class=\"ult-new-ib-desc\" style=\"\"><h3 class=\"ult-new-ib-title ult-responsive\"  data-ultimate-target='#interactive-banner-wrap-6659 .ult-new-ib-title'  data-responsive-json-new='{\"font-size\":\"desktop:30px;\",\"line-height\":\"\"}'  style=\"font-weight:normal;color:#ffffff;\">Cluburi \u00een piscina din ora\u0219<\/h3><div class=\"ult-new-ib-content ult-responsive\"  data-ultimate-target='#interactive-banner-wrap-6659 .ult-new-ib-content'  data-responsive-json-new='{\"font-size\":\"desktop:16px;\",\"line-height\":\"desktop:20px;\"}'  style=\"font-weight:normal;color:#ffffff;\"><p>Lorem ipsum dolor sit amet, consetetur sadipscing elitr, sed diam nonumy eirmod temporal invidunt ut labore et dolore magna aliquyam erat, sed diam voluptua.<\/p><\/div><\/div><a class=\"ult-new-ib-link\" href=\"https:\/\/dev.stadtwerke-landshut.de\/ro\/stadtbad\/vereine-im-stadtbad\/\" title=\"Cluburi \u00een piscina din ora\u0219\"  ><\/a><\/div><\/div><\/div><\/div><div class=\"wpb_column vc_column_container vc_col-sm-4 vc_hidden-lg vc_hidden-md vc_hidden-sm vc_hidden-xs\"><div class=\"vc_column-inner\"><div class=\"wpb_wrapper\"><div tabindex=\"0\" class=\"ult-new-ib ult-ib-effect-style6  ult-ib-resp ult-ib2-min-height\" data-min-width=\"768\" data-max-width=\"900\" style=\"background:#000000; opacity:0; \" data-opacity=\"0.8\" data-hover-opacity=\"0.6\"  data-min-height=\"250\" ><img decoding=\"async\" class=\"ult-new-ib-img\" style=\"opacity:0.8;\" alt=\"null\" src=\"https:\/\/dev.stadtwerke-landshut.de\/wp-content\/uploads\/Hallenbad-Neubau-1.jpg\"  data-min-height=\"250\"   \/><div id=\"interactive-banner-wrap-2898\" class=\"ult-new-ib-desc\" style=\"\"><h3 class=\"ult-new-ib-title ult-responsive\"  data-ultimate-target='#interactive-banner-wrap-2898 .ult-new-ib-title'  data-responsive-json-new='{\"font-size\":\"desktop:30px;\",\"line-height\":\"\"}'  style=\"font-weight:normal;color:#ffffff;\">Contact &amp; Direc\u021bii<\/h3><div class=\"ult-new-ib-content ult-responsive\"  data-ultimate-target='#interactive-banner-wrap-2898 .ult-new-ib-content'  data-responsive-json-new='{\"font-size\":\"desktop:16px;\",\"line-height\":\"desktop:20px;\"}'  style=\"font-weight:normal;color:#ffffff;\"><p>Lorem ipsum dolor sit amet, consetetur sadipscing elitr, sed diam nonumy eirmod temporal invidunt ut labore et dolore magna aliquyam erat, sed diam voluptua.<\/p><\/div><\/div><a class=\"ult-new-ib-link\" href=\"https:\/\/dev.stadtwerke-landshut.de\/ro\/stadtbad\/kontakt-anfahrt\/\" title=\"Contact &amp; Direc\u021bii\"  ><\/a><\/div><\/div><\/div><\/div><\/div><div class=\"vc_row-full-width vc_clearfix\"><\/div><div data-vc-full-width=\"true\" data-vc-full-width-temp=\"true\" data-vc-full-width-init=\"false\" class=\"vc_row wpb_row vc_row-fluid\"><div class=\"wpb_column vc_column_container vc_col-sm-4\"><div class=\"vc_column-inner\"><div class=\"wpb_wrapper\"><div class=\"aio-icon-component   box-hellblau vorteilbox style_1\"><a class=\"aio-icon-box-link\" href=\"https:\/\/dev.stadtwerke-landshut.de\/ro\/stadtbad\/freibad\/\" title=\"Zu unserem Freibad\" target=\"_blank\" rel=\"noopener\" ><div id=\"Info-box-wrap-8047\" class=\"aio-icon-box square_box-icon\" style=\"\"  ><div class=\"aio-icon-square_box\"><div class=\"ult-just-icon-wrapper\"><div class=\"align-icon\" style=\"text-align:center;\">\n<div class=\"aio-icon-img\" style=\"font-size:60px;background:#006fb9;border-style:solid;border-color:#ffffff;border-width:5px;padding:10px;border-radius:100px;display:inline-block;\" >\n\t<img decoding=\"async\" class=\"img-icon\" alt=\"Freibad Landshut\" src=\"https:\/\/dev.stadtwerke-landshut.de\/wp-content\/uploads\/freibad_icon.png\"\/>\n<\/div><\/div><\/div><\/div><div class=\"aio-icon-header\" ><h3 class=\"aio-icon-title ult-responsive\"  data-ultimate-target='#Info-box-wrap-8047 .aio-icon-title'  data-responsive-json-new='{\"font-size\":\"\",\"line-height\":\"\"}'  style=\"\">piscina in aer liber<\/h3><\/div> <!-- header --><div class=\"aio-icon-description ult-responsive\"  data-ultimate-target='#Info-box-wrap-8047 .aio-icon-description'  data-responsive-json-new='{\"font-size\":\"\",\"line-height\":\"\"}'  style=\"\"><span style=\"color: #000000;\">\u00cen piscina \u00een aer liber, cinci bazine cu un total de 3.100 m\u00b2 de suprafa\u021b\u0103 a apei \u0219i 38.000 mp de suprafa\u021b\u0103 situat\u0103 ofer\u0103 o mul\u021bime de distrac\u021bii pentru timpul liber \u00een timpul verii.<\/span><\/p>\n<p>\u00bbMai multe informa\u021bii<\/div> <!-- description --><\/div> <!-- aio-icon-box --><\/a><\/div> <!-- aio-icon-component --><\/div><\/div><\/div><div class=\"wpb_column vc_column_container vc_col-sm-4\"><div class=\"vc_column-inner\"><div class=\"wpb_wrapper\"><div class=\"aio-icon-component   box-hellblau vorteilbox style_1\"><a class=\"aio-icon-box-link\" href=\"https:\/\/dev.stadtwerke-landshut.de\/ro\/stadtbad\/hallenbad\/\" title=\"Zu unserem Hallenbad\" target=\"_blank\" rel=\"noopener\" ><div id=\"Info-box-wrap-7116\" class=\"aio-icon-box square_box-icon\" style=\"\"  ><div class=\"aio-icon-square_box\"><div class=\"ult-just-icon-wrapper\"><div class=\"align-icon\" style=\"text-align:center;\">\n<div class=\"aio-icon-img\" style=\"font-size:60px;background:#006fb9;border-style:solid;border-color:#ffffff;border-width:5px;padding:10px;border-radius:100px;display:inline-block;\" >\n\t<img decoding=\"async\" class=\"img-icon\" alt=\"Hallenbad Landshut\" src=\"https:\/\/dev.stadtwerke-landshut.de\/wp-content\/uploads\/hallenbad_icon.png\"\/>\n<\/div><\/div><\/div><\/div><div class=\"aio-icon-header\" ><h3 class=\"aio-icon-title ult-responsive\"  data-ultimate-target='#Info-box-wrap-7116 .aio-icon-title'  data-responsive-json-new='{\"font-size\":\"\",\"line-height\":\"\"}'  style=\"\">piscin\u0103 interioar\u0103<\/h3><\/div> <!-- header --><div class=\"aio-icon-description ult-responsive\"  data-ultimate-target='#Info-box-wrap-7116 .aio-icon-description'  data-responsive-json-new='{\"font-size\":\"\",\"line-height\":\"\"}'  style=\"\"><span style=\"color: #000000;\">Distrac\u021bie \u00een baie \u00een orice vreme: piscina interioar\u0103 ofer\u0103 sezonul de iarn\u0103 cu 589 m\u00b2 de interior \u0219i 235 m\u00b2 de pur\u0103 pl\u0103cere de \u00eenot \u00een aer liber.<\/span><br \/>\n<\/div> <!-- description --><\/div> <!-- aio-icon-box --><\/a><\/div> <!-- aio-icon-component --><\/div><\/div><\/div><div class=\"wpb_column vc_column_container vc_col-sm-4\"><div class=\"vc_column-inner\"><div class=\"wpb_wrapper\"><div class=\"aio-icon-component   box-hellblau vorteilbox style_1\"><a class=\"aio-icon-box-link\" href=\"https:\/\/dev.stadtwerke-landshut.de\/ro\/stadtbad\/schwimmkurse\/\" title=\"Schwimmkurse im Hallenbad\" target=\"_blank\" rel=\"noopener\" ><div id=\"Info-box-wrap-3806\" class=\"aio-icon-box square_box-icon\" style=\"\"  ><div class=\"aio-icon-square_box\"><div class=\"ult-just-icon-wrapper\"><div class=\"align-icon\" style=\"text-align:center;\">\n<div class=\"aio-icon-img\" style=\"font-size:50px;background:#006fb9;border-style:solid;border-color:#ffffff;border-width:5px;padding:15px;border-radius:100px;display:inline-block;\" >\n\t<img decoding=\"async\" class=\"img-icon\" alt=\"Schwimmkurse\" src=\"https:\/\/dev.stadtwerke-landshut.de\/wp-content\/uploads\/schwimmkurse_icon.png\"\/>\n<\/div><\/div><\/div><\/div><div class=\"aio-icon-header\" ><h3 class=\"aio-icon-title ult-responsive\"  data-ultimate-target='#Info-box-wrap-3806 .aio-icon-title'  data-responsive-json-new='{\"font-size\":\"\",\"line-height\":\"\"}'  style=\"\">lec\u021bii de \u00eenot<\/h3><\/div> <!-- header --><div class=\"aio-icon-description ult-responsive\"  data-ultimate-target='#Info-box-wrap-3806 .aio-icon-description'  data-responsive-json-new='{\"font-size\":\"\",\"line-height\":\"\"}'  style=\"\"><span style=\"color: #000000;\">\u00cen timpul sezonului de piscin\u0103 interioar\u0103, \u00eenotul aqua-zumba sau sirena ofer\u0103 distrac\u021bie \u0219i fitness.<\/span><\/p>\n<p>\u00bbMai multe informa\u021bii<\/div> <!-- description --><\/div> <!-- aio-icon-box --><\/a><\/div> <!-- aio-icon-component --><\/div><\/div><\/div><\/div><div class=\"vc_row-full-width vc_clearfix\"><\/div><div data-vc-full-width=\"true\" data-vc-full-width-temp=\"true\" data-vc-full-width-init=\"false\" class=\"vc_row wpb_row vc_row-fluid\"><div class=\"wpb_column vc_column_container vc_col-sm-4\"><div class=\"vc_column-inner\"><div class=\"wpb_wrapper\"><div class=\"aio-icon-component   box-hellblau vorteilbox style_1\"><a class=\"aio-icon-box-link\" href=\"https:\/\/dev.stadtwerke-landshut.de\/ro\/stadtbad\/sauna-wellness\/\" title=\"Sauna im Stadtbad\" target=\"_blank\" rel=\"noopener\" ><div id=\"Info-box-wrap-1369\" class=\"aio-icon-box square_box-icon\" style=\"\"  ><div class=\"aio-icon-square_box\"><div class=\"ult-just-icon-wrapper\"><div class=\"align-icon\" style=\"text-align:center;\">\n<div class=\"aio-icon-img\" style=\"font-size:50px;background:#006fb9;border-style:solid;border-color:#ffffff;border-width:5px;padding:15px;border-radius:100px;display:inline-block;\" >\n\t<img decoding=\"async\" class=\"img-icon\" alt=\"Sauna und Wellness\" src=\"https:\/\/dev.stadtwerke-landshut.de\/wp-content\/uploads\/sauna_icon.png\"\/>\n<\/div><\/div><\/div><\/div><div class=\"aio-icon-header\" ><h3 class=\"aio-icon-title ult-responsive\"  data-ultimate-target='#Info-box-wrap-1369 .aio-icon-title'  data-responsive-json-new='{\"font-size\":\"\",\"line-height\":\"\"}'  style=\"\">Sauna<\/h3><\/div> <!-- header --><div class=\"aio-icon-description ult-responsive\"  data-ultimate-target='#Info-box-wrap-1369 .aio-icon-description'  data-responsive-json-new='{\"font-size\":\"\",\"line-height\":\"\"}'  style=\"\"><span style=\"color: #000000;\">G\u00f6nnen Sie sich einen \u201eKurzurlaub vom Alltag\u201c und besuchen Sie die Sauna im Stadtbad.<\/span><\/p>\n<p>\u00bbMai multe informa\u021bii<\/div> <!-- description --><\/div> <!-- aio-icon-box --><\/a><\/div> <!-- aio-icon-component --><\/div><\/div><\/div><div class=\"wpb_column vc_column_container vc_col-sm-4\"><div class=\"vc_column-inner\"><div class=\"wpb_wrapper\"><div class=\"aio-icon-component   box-hellblau vorteilbox style_1\"><a class=\"aio-icon-box-link\" href=\"https:\/\/dev.stadtwerke-landshut.de\/ro\/stadtbad\/vereine-im-stadtbad\/\" title=\"Unsere Vereine\" target=\"_blank\" rel=\"noopener\" ><div id=\"Info-box-wrap-1589\" class=\"aio-icon-box square_box-icon\" style=\"\"  ><div class=\"aio-icon-square_box\"><div class=\"ult-just-icon-wrapper\"><div class=\"align-icon\" style=\"text-align:center;\">\n<div class=\"aio-icon-img\" style=\"font-size:50px;background:#006fb9;border-style:solid;border-color:#ffffff;border-width:5px;padding:15px;border-radius:100px;display:inline-block;\" >\n\t<img decoding=\"async\" class=\"img-icon\" alt=\"null\" src=\"https:\/\/dev.stadtwerke-landshut.de\/wp-content\/uploads\/vereine_icon.png\"\/>\n<\/div><\/div><\/div><\/div><div class=\"aio-icon-header\" ><h3 class=\"aio-icon-title ult-responsive\"  data-ultimate-target='#Info-box-wrap-1589 .aio-icon-title'  data-responsive-json-new='{\"font-size\":\"\",\"line-height\":\"\"}'  style=\"\">Cluburi \u00een piscina din ora\u0219<\/h3><\/div> <!-- header --><div class=\"aio-icon-description ult-responsive\"  data-ultimate-target='#Info-box-wrap-1589 .aio-icon-description'  data-responsive-json-new='{\"font-size\":\"\",\"line-height\":\"\"}'  style=\"\"><span style=\"color: #000000;\">Clubul Kneipp, clubul de \u00eenot SC 53 \u0219i ceasul de ap\u0103 sunt str\u00e2ns conectate la piscina ora\u0219ului.<\/span><\/p>\n<p>\u00bbMai multe informa\u021bii<\/div> <!-- description --><\/div> <!-- aio-icon-box --><\/a><\/div> <!-- aio-icon-component --><\/div><\/div><\/div><div class=\"wpb_column vc_column_container vc_col-sm-4\"><div class=\"vc_column-inner\"><div class=\"wpb_wrapper\"><div class=\"aio-icon-component   box-hellblau vorteilbox style_1\"><a class=\"aio-icon-box-link\" href=\"https:\/\/dev.stadtwerke-landshut.de\/ro\/stadtbad\/kontakt-anfahrt\/\" title=\"Kontakt und Anfahrt\" target=\"_blank\" rel=\"noopener\" ><div id=\"Info-box-wrap-1605\" class=\"aio-icon-box square_box-icon\" style=\"\"  ><div class=\"aio-icon-square_box\"><div class=\"ult-just-icon-wrapper\"><div class=\"align-icon\" style=\"text-align:center;\">\n<div class=\"aio-icon-img\" style=\"font-size:50px;background:#006fb9;border-style:solid;border-color:#ffffff;border-width:5px;padding:15px;border-radius:100px;display:inline-block;\" >\n\t<img decoding=\"async\" class=\"img-icon\" alt=\"Kontakt und Anfahrt\" src=\"https:\/\/dev.stadtwerke-landshut.de\/wp-content\/uploads\/standorte_icon-1.png\"\/>\n<\/div><\/div><\/div><\/div><div class=\"aio-icon-header\" ><h3 class=\"aio-icon-title ult-responsive\"  data-ultimate-target='#Info-box-wrap-1605 .aio-icon-title'  data-responsive-json-new='{\"font-size\":\"\",\"line-height\":\"\"}'  style=\"\">Contact &amp; Direc\u021bii<\/h3><\/div> <!-- header --><div class=\"aio-icon-description ult-responsive\"  data-ultimate-target='#Info-box-wrap-1605 .aio-icon-description'  data-responsive-json-new='{\"font-size\":\"\",\"line-height\":\"\"}'  style=\"\"><span style=\"color: #000000;\">Multe drumuri duc la baia din ora\u0219, care se afl\u0103 \u00een inima capitalei guvernului bavarez inferior.<\/span><\/p>\n<p>\u00bbMai multe informa\u021bii<\/div> <!-- description --><\/div> <!-- aio-icon-box --><\/a><\/div> <!-- aio-icon-component --><\/div><\/div><\/div><\/div><div class=\"vc_row-full-width vc_clearfix\"><\/div><div data-vc-full-width=\"true\" data-vc-full-width-temp=\"true\" data-vc-full-width-init=\"false\" class=\"vc_row wpb_row vc_row-fluid\"><div class=\"wpb_column vc_column_container vc_col-sm-12\"><div class=\"vc_column-inner\"><div class=\"wpb_wrapper\"><div class=\"ult-spacer spacer-69f652b0c07bc\" data-id=\"69f652b0c07bc\" data-height=\"200\" data-height-mobile=\"50\" data-height-tab=\"\" data-height-tab-portrait=\"\" data-height-mobile-landscape=\"100\" style=\"clear:both;display:block;\"><\/div><h2 style=\"text-align: center\" class=\"vc_custom_heading vc_do_custom_heading weiss\" >Apa de la robinet consum\u0103 resurse.<\/h2>\n\t<div class=\"wpb_text_column wpb_content_element weiss\" >\n\t\t<div class=\"wpb_wrapper\">\n\t\t\t<h4 style=\"text-align: center;\">La Stadtwerke Landshut ob\u021bine\u021bi cea mai bun\u0103 calitate a apei potabile la pre\u021buri corecte.<\/h4>\n\n\t\t<\/div>\n\t<\/div>\n<div class=\"ult-spacer spacer-69f652b0c0ab8\" data-id=\"69f652b0c0ab8\" data-height=\"30\" data-height-mobile=\"30\" data-height-tab=\"30\" data-height-tab-portrait=\"\" data-height-mobile-landscape=\"\" style=\"clear:both;display:block;\"><\/div><div class=\"vc_btn3-container vc_btn3-center vc_do_btn\" ><a class=\"vc_general vc_btn3 vc_btn3-size-md vc_btn3-shape-square vc_btn3-style-outline vc_btn3-icon-left vc_btn3-color-default\" href=\"https:\/\/dev.stadtwerke-landshut.de\/ro\/wasser\/\" title=\"ap\u0103\"><i class=\"vc_btn3-icon fa fa-angle-double-right\"><\/i> Afla\u021bi mai multe despre apa de b\u0103ut Landshut acum.<\/a><\/div><div class=\"ult-spacer spacer-69f652b0c0cea\" data-id=\"69f652b0c0cea\" data-height=\"200\" data-height-mobile=\"50\" data-height-tab=\"\" data-height-tab-portrait=\"\" data-height-mobile-landscape=\"100\" style=\"clear:both;display:block;\"><\/div><\/div><\/div><\/div><\/div><div class=\"vc_row-full-width vc_clearfix\"><\/div><!-- Row Backgrounds --><div class=\"upb_bg_img\" data-ultimate-bg=\"url(https:\/\/dev.stadtwerke-landshut.de\/wp-content\/uploads\/Wasser_Fotolia_120865253_XL.jpg)\" data-image-id=\"id^3251|url^https:\/\/dev.stadtwerke-landshut.de\/wp-content\/uploads\/Wasser_Fotolia_120865253_XL.jpg|caption^null|alt^null|title^Wasser_Fotolia_120865253_XL|description^null\" data-ultimate-bg-style=\"vcpb-default\" data-bg-img-repeat=\"repeat\" data-bg-img-size=\"cover\" data-bg-img-position=\"\" data-parallx_sense=\"30\" data-bg-override=\"0\" data-bg_img_attach=\"scroll\" data-upb-overlay-color=\"rgba(0,0,0,0.45)\" data-upb-bg-animation=\"\" data-fadeout=\"\" data-bg-animation=\"left-animation\" data-bg-animation-type=\"h\" data-animation-repeat=\"repeat\" data-fadeout-percentage=\"30\" data-parallax-content=\"\" data-parallax-content-sense=\"30\" data-row-effect-mobile-disable=\"true\" data-img-parallax-mobile-disable=\"true\" data-rtl=\"false\"  data-custom-vc-row=\"\"  data-vc=\"8.7.2\"  data-is_old_vc=\"\"  data-theme-support=\"\"   data-overlay=\"true\" data-overlay-color=\"rgba(0,0,0,0.45)\" data-overlay-pattern=\"\" data-overlay-pattern-opacity=\"0.8\" data-overlay-pattern-size=\"\" data-overlay-pattern-attachment=\"scroll\"    ><\/div>\n<\/div>","protected":false},"excerpt":{"rendered":"FreibadLorem ipsum dolor sit amet, consetetur sadipscing elitr, sed diam nonumy eirmod tempor invidunt ut labore et dolore magna aliquyam erat, sed diam voluptua.HallenbadLorem ipsum dolor sit amet, consetetur sadipscing [...]","protected":false},"author":1,"featured_media":5678,"parent":0,"menu_order":0,"comment_status":"closed","ping_status":"closed","template":"","meta":{"_relevanssi_hide_post":"","_relevanssi_hide_content":"","_relevanssi_pin_for_all":"","_relevanssi_pin_keywords":"","_relevanssi_unpin_keywords":"","_relevanssi_related_keywords":"","_relevanssi_related_include_ids":"","_relevanssi_related_exclude_ids":"","_relevanssi_related_no_append":"","_relevanssi_related_not_related":"","_relevanssi_related_posts":"","_relevanssi_noindex_reason":"","footnotes":""},"class_list":["post-54","page","type-page","status-publish","has-post-thumbnail","hentry"],"publishpress_future_action":{"enabled":false,"date":"2026-05-09 21:38:24","action":"change-status","newStatus":"draft","terms":[],"taxonomy":"","extraData":[]},"publishpress_future_workflow_manual_trigger":{"enabledWorkflows":[]},"_links":{"self":[{"href":"https:\/\/dev.stadtwerke-landshut.de\/ro\/wp-json\/wp\/v2\/pages\/54","targetHints":{"allow":["GET"]}}],"collection":[{"href":"https:\/\/dev.stadtwerke-landshut.de\/ro\/wp-json\/wp\/v2\/pages"}],"about":[{"href":"https:\/\/dev.stadtwerke-landshut.de\/ro\/wp-json\/wp\/v2\/types\/page"}],"author":[{"embeddable":true,"href":"https:\/\/dev.stadtwerke-landshut.de\/ro\/wp-json\/wp\/v2\/users\/1"}],"replies":[{"embeddable":true,"href":"https:\/\/dev.stadtwerke-landshut.de\/ro\/wp-json\/wp\/v2\/comments?post=54"}],"version-history":[{"count":125,"href":"https:\/\/dev.stadtwerke-landshut.de\/ro\/wp-json\/wp\/v2\/pages\/54\/revisions"}],"predecessor-version":[{"id":26705,"href":"https:\/\/dev.stadtwerke-landshut.de\/ro\/wp-json\/wp\/v2\/pages\/54\/revisions\/26705"}],"wp:featuredmedia":[{"embeddable":true,"href":"https:\/\/dev.stadtwerke-landshut.de\/ro\/wp-json\/wp\/v2\/media\/5678"}],"wp:attachment":[{"href":"https:\/\/dev.stadtwerke-landshut.de\/ro\/wp-json\/wp\/v2\/media?parent=54"}],"curies":[{"name":"wp","href":"https:\/\/api.w.org\/{rel}","templated":true}]}}