{"id":58,"date":"2019-04-29T11:22:22","date_gmt":"2019-04-29T09:22:22","guid":{"rendered":"https:\/\/dev.stadtwerke-landshut.de\/?page_id=58"},"modified":"2025-05-21T13:34:59","modified_gmt":"2025-05-21T11:34:59","slug":"erdgas","status":"publish","type":"page","link":"https:\/\/dev.stadtwerke-landshut.de\/ro\/energie\/erdgas\/","title":{"rendered":"gaz natural"},"content":{"rendered":"<div class=\"wpb-content-wrapper\"><div class=\"vc_row wpb_row vc_row-fluid\"><div class=\"wpb_column vc_column_container vc_col-sm-12\"><div class=\"vc_column-inner\"><div class=\"wpb_wrapper\"><div class=\"vc_empty_space\"   style=\"height: 15px\"><span class=\"vc_empty_space_inner\"><\/span><\/div><\/div><\/div><\/div><\/div><div data-vc-full-width=\"true\" data-vc-full-width-temp=\"true\" data-vc-full-width-init=\"false\" class=\"vc_row wpb_row vc_row-fluid\"><div class=\"wpb_column vc_column_container vc_col-sm-4\"><div class=\"vc_column-inner\"><div class=\"wpb_wrapper\"><div class=\"aio-icon-component   box-hellblau vorteilbox style_1\"><a class=\"aio-icon-box-link\" href=\"https:\/\/dev.stadtwerke-landshut.de\/ro\/energie\/erdgas\/tarife-preise-vergleichen\/\" title=\"zu den Tarifen\" target=\"_blank\" rel=\"noopener\" ><div id=\"Info-box-wrap-1201\" class=\"aio-icon-box square_box-icon\" style=\"\"  ><div class=\"aio-icon-square_box\"><div class=\"ult-just-icon-wrapper\"><div class=\"align-icon\" style=\"text-align:center;\">\n<div class=\"aio-icon-img\" style=\"font-size:60px;background:#006fb9;border-style:solid;border-color:#ffffff;border-width:5px;padding:10px;border-radius:100px;display:inline-block;\" >\n\t<img decoding=\"async\" class=\"img-icon\" alt=\"null\" src=\"https:\/\/dev.stadtwerke-landshut.de\/wp-content\/uploads\/tarife_preise_vergleichen_icon.png\"\/>\n<\/div><\/div><\/div><\/div><div class=\"aio-icon-header\" ><h3 class=\"aio-icon-title ult-responsive\"  data-ultimate-target='#Info-box-wrap-1201 .aio-icon-title'  data-responsive-json-new='{\"font-size\":\"\",\"line-height\":\"\"}'  style=\"\">Compara\u021bi tarifele \u0219i pre\u021burile<\/h3><\/div> <!-- header --><div class=\"aio-icon-description ult-responsive\"  data-ultimate-target='#Info-box-wrap-1201 .aio-icon-description'  data-responsive-json-new='{\"font-size\":\"\",\"line-height\":\"\"}'  style=\"\"><span style=\"color: black;\">Pre\u021burile ieftine ale gazelor naturale, o ofert\u0103 fiabil\u0103 \u0219i contacte personale pe site - este ceea ce c\u0103uta\u021bi?<\/span><\/p>\n<p>\u00bbMai multe informa\u021bii<\/div> <!-- description --><\/div> <!-- aio-icon-box --><\/a><\/div> <!-- aio-icon-component --><\/div><\/div><\/div><div class=\"wpb_column vc_column_container vc_col-sm-4\"><div class=\"vc_column-inner\"><div class=\"wpb_wrapper\"><div class=\"aio-icon-component   box-hellblau vorteilbox style_1\"><a class=\"aio-icon-box-link\" href=\"https:\/\/dev.stadtwerke-landshut.de\/ro\/energie\/erdgas\/haeufig-gestellte-fragen-faq-infos\/\" title=\"Fragen und Antworten\" target=\"_blank\" rel=\"noopener\" ><div id=\"Info-box-wrap-4225\" class=\"aio-icon-box square_box-icon\" style=\"\"  ><div class=\"aio-icon-square_box\"><div class=\"ult-just-icon-wrapper\"><div class=\"align-icon\" style=\"text-align:center;\">\n<div class=\"aio-icon-img\" style=\"font-size:60px;background:#006fb9;border-style:solid;border-color:#ffffff;border-width:5px;padding:10px;border-radius:100px;display:inline-block;\" >\n\t<img decoding=\"async\" class=\"img-icon\" alt=\"Fragezeichen\" src=\"https:\/\/dev.stadtwerke-landshut.de\/wp-content\/uploads\/fragezeichen_icon.png\"\/>\n<\/div><\/div><\/div><\/div><div class=\"aio-icon-header\" ><h3 class=\"aio-icon-title ult-responsive\"  data-ultimate-target='#Info-box-wrap-4225 .aio-icon-title'  data-responsive-json-new='{\"font-size\":\"\",\"line-height\":\"\"}'  style=\"\">\u00centreb\u0103ri frecvente<\/h3><\/div> <!-- header --><div class=\"aio-icon-description ult-responsive\"  data-ultimate-target='#Info-box-wrap-4225 .aio-icon-description'  data-responsive-json-new='{\"font-size\":\"\",\"line-height\":\"\"}'  style=\"\"><span style=\"color: black;\">Umzug, Tarifwechsel, Z\u00e4hlerablesen und Fragen \u2013 hier finden Sie Infos und Antworten auf viele h\u00e4ufig gestellten Fragen.<\/span><\/p>\n<p>\u00bbMai multe informa\u021bii<\/div> <!-- description --><\/div> <!-- aio-icon-box --><\/a><\/div> <!-- aio-icon-component --><\/div><\/div><\/div><\/div><div class=\"vc_row-full-width vc_clearfix\"><\/div><div data-vc-full-width=\"true\" data-vc-full-width-temp=\"true\" data-vc-full-width-init=\"false\" class=\"vc_row wpb_row vc_row-fluid\"><div class=\"wpb_column vc_column_container vc_col-sm-12\"><div class=\"vc_column-inner\"><div class=\"wpb_wrapper\"><div class=\"ult-spacer spacer-69f61f3b43e33\" data-id=\"69f61f3b43e33\" data-height=\"200\" data-height-mobile=\"50\" data-height-tab=\"\" data-height-tab-portrait=\"\" data-height-mobile-landscape=\"100\" style=\"clear:both;display:block;\"><\/div><h2 style=\"text-align: center\" class=\"vc_custom_heading vc_do_custom_heading weiss\" >Pauz\u0103 scurt\u0103 din via\u021ba de zi cu zi \u00een piscina ora\u0219ului<\/h2>\n\t<div class=\"wpb_text_column wpb_content_element weiss\" >\n\t\t<div class=\"wpb_wrapper\">\n\t\t\t<h4 style=\"text-align: center;\">F\u00fcr 13,00 \u20ac Tagespreis Sauna und Hallenbad<br \/>\nbucura\u021bi-v\u0103 c\u00e2t dori\u021bi!<\/h4>\n\n\t\t<\/div>\n\t<\/div>\n<div class=\"ult-spacer spacer-69f61f3b44154\" data-id=\"69f61f3b44154\" data-height=\"15\" data-height-mobile=\"15\" data-height-tab=\"\" data-height-tab-portrait=\"\" data-height-mobile-landscape=\"\" style=\"clear:both;display:block;\"><\/div><div class=\"vc_btn3-container vc_btn3-center vc_do_btn\" ><a class=\"vc_general vc_btn3 vc_btn3-size-md vc_btn3-shape-square vc_btn3-style-outline vc_btn3-icon-left vc_btn3-color-default\" href=\"https:\/\/dev.stadtwerke-landshut.de\/ro\/stadtbad\/sauna-wellness\/\" title=\"Saun\u0103 &amp; Wellness\"><i class=\"vc_btn3-icon fa fa-angle-double-right\"><\/i> Acum cunoa\u0219te sauna<\/a><\/div><div class=\"ult-spacer spacer-69f61f3b4439e\" data-id=\"69f61f3b4439e\" data-height=\"200\" data-height-mobile=\"50\" data-height-tab=\"\" data-height-tab-portrait=\"\" data-height-mobile-landscape=\"100\" style=\"clear:both;display:block;\"><\/div><\/div><\/div><\/div><\/div><div class=\"vc_row-full-width vc_clearfix\"><\/div><!-- Row Backgrounds --><div class=\"upb_bg_img\" data-ultimate-bg=\"url(https:\/\/dev.stadtwerke-landshut.de\/wp-content\/uploads\/190304_Saunanacht.jpg)\" data-image-id=\"id^4527|url^https:\/\/dev.stadtwerke-landshut.de\/wp-content\/uploads\/190304_Saunanacht.jpg|caption^null|alt^null|title^190304_Saunanacht|description^null\" data-ultimate-bg-style=\"vcpb-default\" data-bg-img-repeat=\"repeat\" data-bg-img-size=\"cover\" data-bg-img-position=\"\" data-parallx_sense=\"30\" data-bg-override=\"0\" data-bg_img_attach=\"scroll\" data-upb-overlay-color=\"rgba(0,0,0,0.45)\" data-upb-bg-animation=\"\" data-fadeout=\"\" data-bg-animation=\"left-animation\" data-bg-animation-type=\"h\" data-animation-repeat=\"repeat\" data-fadeout-percentage=\"30\" data-parallax-content=\"\" data-parallax-content-sense=\"30\" data-row-effect-mobile-disable=\"true\" data-img-parallax-mobile-disable=\"true\" data-rtl=\"false\"  data-custom-vc-row=\"\"  data-vc=\"8.7.2\"  data-is_old_vc=\"\"  data-theme-support=\"\"   data-overlay=\"true\" data-overlay-color=\"rgba(0,0,0,0.45)\" data-overlay-pattern=\"\" data-overlay-pattern-opacity=\"0.8\" data-overlay-pattern-size=\"\" data-overlay-pattern-attachment=\"scroll\"    ><\/div>\n<\/div>","protected":false},"excerpt":{"rendered":"Tarife &amp; Preise vergleichen G\u00fcnstige Erdgaspreise, eine zuverl\u00e4ssige Versorgung und pers\u00f6nliche Ansprechpartner vor Ort \u2013 ist es das, wonach Sie suchen? \u00bb mehr Infos FAQ Umzug, Tarifwechsel, Z\u00e4hlerablesen und Fragen [...]","protected":false},"author":1,"featured_media":951,"parent":15,"menu_order":0,"comment_status":"closed","ping_status":"closed","template":"","meta":{"_relevanssi_hide_post":"","_relevanssi_hide_content":"","_relevanssi_pin_for_all":"","_relevanssi_pin_keywords":"","_relevanssi_unpin_keywords":"","_relevanssi_related_keywords":"","_relevanssi_related_include_ids":"","_relevanssi_related_exclude_ids":"","_relevanssi_related_no_append":"","_relevanssi_related_not_related":"","_relevanssi_related_posts":"","_relevanssi_noindex_reason":"","footnotes":""},"class_list":["post-58","page","type-page","status-publish","has-post-thumbnail","hentry"],"publishpress_future_action":{"enabled":false,"date":"2026-05-09 17:58:51","action":"change-status","newStatus":"draft","terms":[],"taxonomy":"","extraData":[]},"publishpress_future_workflow_manual_trigger":{"enabledWorkflows":[]},"_links":{"self":[{"href":"https:\/\/dev.stadtwerke-landshut.de\/ro\/wp-json\/wp\/v2\/pages\/58","targetHints":{"allow":["GET"]}}],"collection":[{"href":"https:\/\/dev.stadtwerke-landshut.de\/ro\/wp-json\/wp\/v2\/pages"}],"about":[{"href":"https:\/\/dev.stadtwerke-landshut.de\/ro\/wp-json\/wp\/v2\/types\/page"}],"author":[{"embeddable":true,"href":"https:\/\/dev.stadtwerke-landshut.de\/ro\/wp-json\/wp\/v2\/users\/1"}],"replies":[{"embeddable":true,"href":"https:\/\/dev.stadtwerke-landshut.de\/ro\/wp-json\/wp\/v2\/comments?post=58"}],"version-history":[{"count":39,"href":"https:\/\/dev.stadtwerke-landshut.de\/ro\/wp-json\/wp\/v2\/pages\/58\/revisions"}],"predecessor-version":[{"id":26725,"href":"https:\/\/dev.stadtwerke-landshut.de\/ro\/wp-json\/wp\/v2\/pages\/58\/revisions\/26725"}],"up":[{"embeddable":true,"href":"https:\/\/dev.stadtwerke-landshut.de\/ro\/wp-json\/wp\/v2\/pages\/15"}],"wp:featuredmedia":[{"embeddable":true,"href":"https:\/\/dev.stadtwerke-landshut.de\/ro\/wp-json\/wp\/v2\/media\/951"}],"wp:attachment":[{"href":"https:\/\/dev.stadtwerke-landshut.de\/ro\/wp-json\/wp\/v2\/media?parent=58"}],"curies":[{"name":"wp","href":"https:\/\/api.w.org\/{rel}","templated":true}]}}