{"id":2473,"date":"2019-08-27T08:40:38","date_gmt":"2019-08-27T06:40:38","guid":{"rendered":"https:\/\/dev.stadtwerke-landshut.de\/?page_id=2473"},"modified":"2019-09-23T14:25:31","modified_gmt":"2019-09-23T12:25:31","slug":"vereine-im-stadtbad","status":"publish","type":"page","link":"https:\/\/dev.stadtwerke-landshut.de\/ru\/stadtbad\/vereine-im-stadtbad\/","title":{"rendered":"\u041a\u043b\u0443\u0431\u044b \u0432 \u0433\u043e\u0440\u043e\u0434\u0441\u043a\u043e\u043c \u0431\u0430\u0441\u0441\u0435\u0439\u043d\u0435"},"content":{"rendered":"<div class=\"wpb-content-wrapper\"><div id=\"1\" data-vc-full-width=\"true\" data-vc-full-width-temp=\"true\" data-vc-full-width-init=\"false\" class=\"vc_row wpb_row vc_row-fluid\"><div class=\"wpb_column vc_column_container vc_col-sm-12\"><div class=\"vc_column-inner\"><div class=\"wpb_wrapper\"><div class=\"ult-spacer spacer-69f61f87ab9da\" data-id=\"69f61f87ab9da\" data-height=\"15\" data-height-mobile=\"15\" data-height-tab=\"15\" data-height-tab-portrait=\"\" data-height-mobile-landscape=\"\" style=\"clear:both;display:block;\"><\/div><div class=\"ult_exp_section_layer ult-adjust-bottom-margin no-margin\" >\n\t\t<div id=\"uvc-exp-wrap-3485\" role=\"button\" tabindex=\"0\" aria-pressed=\"false\"  data-ultimate-target='#uvc-exp-wrap-3485'  data-responsive-json-new='{\"font-size\":\"desktop:20px;\",\"line-height\":\"desktop:24px;\"}'  class=\"ult_exp_section  ult-responsive\" style=\"color:#006fb4;background-color:#e6eef9; font-weight:normal; padding:0px;text-align:left;\" data-textcolor=\"#006fb4\"data-texthover=\"#006fb4\"data-icncolor=\"#006fb4\"data-ihover=\"#333333\"data-height=\"0\"data-cntbg=\"#e6eef9\"data-cnthvrbg=\"#e6eef9\"data-headerbg=\"#e6eef9\"data-headerhover=\"#e6eef9\"data-title=\"Kneipp Verein\"data-newtitle=\"Kneipp Verein\"data-icon=\"Defaults-caret-right\"data-newicon=\"Defaults-caret-down\"data-activeicon=\"#006fb4\"data-effect=\"slideToggle\"data-override=\"0\"data-activetitle=\"#006fb4\"data-activebg=\"#e6eef9\"data-img=\"\"data-newimg=\"\"><div class=\"ult_exp_section-main ult_expleft_icon\">\t<div class=\"ult-just-icon-wrapper ult_exp_icon\">\n\t\t\t\t\t<div class=\"align-icon\">\n\t\t\t\t\t\t\n<span class=\"aio-icon  none  ult_expsection_icon\"  style=\"color:#006fb4;font-size:22px;\">\n\t<i class=\"Defaults-caret-right ult_ex_icon\"  ><\/i>\n<\/span>\n\t\t\t\t\t<\/div>\n\t\t\t\t<\/div>\n\t\t\t\t<div class=\"ult_expheader\" >\u041a\u043d\u0430\u0439\u043f \u043a\u043b\u0443\u0431\n\t\t\t\t<\/div>\n\t\t\t<\/div>\n\t\t<\/div><div class=\"ult_exp_content\" style=\"background-color:#f4f4f4;padding:0px;margin:0px;\"><div class=\"ult_ecpsub_cont\" style=\" \" >\n\t<div class=\"wpb_text_column wpb_content_element\" >\n\t\t<div class=\"wpb_wrapper\">\n\t\t\t<p>\u041b\u0435\u0442\u043e\u043c \u041a\u043d\u0430\u0439\u043f-\u0412\u0438\u043d\u043a\u0435\u043b\u044c \u0432 \u0428\u0442\u0430\u0434\u0442\u0431\u0430\u0434\u0435 \u044f\u0432\u043b\u044f\u0435\u0442\u0441\u044f \u043c\u0435\u0441\u0442\u043e\u043c \u0432\u0441\u0442\u0440\u0435\u0447\u0438 \u0447\u043b\u0435\u043d\u043e\u0432 \u041a\u043d\u0430\u0439\u043f-\u0412\u0435\u0440\u0435\u0439\u043d \u041b\u0430\u043d\u0434\u0441\u0445\u0443\u0442. \u0412 \u0435\u0434\u0438\u043d\u0441\u0442\u0432\u0435\u043d\u043d\u043e\u0439 \u0437\u043e\u043d\u0435, \u0434\u043e\u0441\u0442\u0443\u043f\u043d\u043e\u0439 \u0434\u043b\u044f \u0447\u043b\u0435\u043d\u043e\u0432 \u0435\u0441\u0442\u044c \u0432\u043e\u0434\u043d\u044b\u0439 \u0431\u0430\u0441\u0441\u0435\u0439\u043d, \u043f\u043e\u0434\u043c\u044b\u0448\u043a\u0438 \u0438 \u0434\u0440\u0443\u0433\u0430\u044f \u0438\u043d\u0444\u0440\u0430\u0441\u0442\u0440\u0443\u043a\u0442\u0443\u0440\u0430. \u0414\u043e\u043f\u043e\u043b\u043d\u0438\u0442\u0435\u043b\u044c\u043d\u0443\u044e \u0438\u043d\u0444\u043e\u0440\u043c\u0430\u0446\u0438\u044e \u043c\u043e\u0436\u043d\u043e \u043f\u043e\u043b\u0443\u0447\u0438\u0442\u044c \u043f\u043e \u0442\u0435\u043b\u0435\u0444\u043e\u043d\u0443 0871 616 22, \u044d\u043b\u0435\u043a\u0442\u0440\u043e\u043d\u043d\u0430\u044f \u043f\u043e\u0447\u0442\u0430 <a href=\"mailto:kontakt@kneipp-verein-landshut.de\">kontakt@kneipp-verein-landshut.de<\/a> \u0438\u043b\u0438 \u043f\u043e\u0434 <a href=\"https:\/\/www.kneipp-verein-landshut.de\/\" target=\"_blank\" rel=\"noopener noreferrer\">www.kneipp-verein-landshut.de<\/a> \u0434\u043e\u0441\u0442\u0443\u043f\u043d\u044b.<\/p>\n\n\t\t<\/div>\n\t<\/div>\n<\/div><\/div>\n\n\t\t\t<\/div><div class=\"ult_exp_section_layer ult-adjust-bottom-margin no-margin\" >\n\t\t<div id=\"uvc-exp-wrap-9487\" role=\"button\" tabindex=\"0\" aria-pressed=\"false\"  data-ultimate-target='#uvc-exp-wrap-9487'  data-responsive-json-new='{\"font-size\":\"desktop:20px;\",\"line-height\":\"desktop:24px;\"}'  class=\"ult_exp_section  ult-responsive\" style=\"color:#006fb4;background-color:#e6eef9; font-weight:normal; padding:0px;text-align:left;\" data-textcolor=\"#006fb4\"data-texthover=\"#006fb4\"data-icncolor=\"#006fb4\"data-ihover=\"#333333\"data-height=\"0\"data-cntbg=\"#e6eef9\"data-cnthvrbg=\"#e6eef9\"data-headerbg=\"#e6eef9\"data-headerhover=\"#e6eef9\"data-title=\"Schwimmclub 53 e.V.\"data-newtitle=\"Schwimmclub 53 e.V.\"data-icon=\"Defaults-caret-right\"data-newicon=\"Defaults-caret-down\"data-activeicon=\"#006fb4\"data-effect=\"slideToggle\"data-override=\"0\"data-activetitle=\"#006fb4\"data-activebg=\"#e6eef9\"data-img=\"\"data-newimg=\"\"><div class=\"ult_exp_section-main ult_expleft_icon\">\t<div class=\"ult-just-icon-wrapper ult_exp_icon\">\n\t\t\t\t\t<div class=\"align-icon\">\n\t\t\t\t\t\t\n<span class=\"aio-icon  none  ult_expsection_icon\"  style=\"color:#006fb4;font-size:22px;\">\n\t<i class=\"Defaults-caret-right ult_ex_icon\"  ><\/i>\n<\/span>\n\t\t\t\t\t<\/div>\n\t\t\t\t<\/div>\n\t\t\t\t<div class=\"ult_expheader\" >\u041f\u043b\u0430\u0432\u0430\u0442\u0435\u043b\u044c\u043d\u044b\u0439 \u043a\u043b\u0443\u0431 53 \u044d\u0412\n\t\t\t\t<\/div>\n\t\t\t<\/div>\n\t\t<\/div><div class=\"ult_exp_content\" style=\"background-color:#f4f4f4;padding:0px;margin:0px;\"><div class=\"ult_ecpsub_cont\" style=\" \" >\n\t<div class=\"wpb_text_column wpb_content_element\" >\n\t\t<div class=\"wpb_wrapper\">\n\t\t\t<p>\u041f\u043b\u0430\u0432\u0430\u043d\u0438\u0435, \u0434\u0430\u0439\u0432\u0438\u043d\u0433, \u0442\u0440\u0438\u0430\u0442\u043b\u043e\u043d \u0438 \u043f\u043b\u044f\u0436\u043d\u044b\u0439 \u0432\u043e\u043b\u0435\u0439\u0431\u043e\u043b - \u0434\u043e\u043c\u0435\u043d\u044b \u043f\u043b\u0430\u0432\u0430\u0442\u0435\u043b\u044c\u043d\u043e\u0433\u043e \u043a\u043b\u0443\u0431\u0430 SC53 Landshut. \u0421\u043f\u043e\u0440\u0442\u0438\u0432\u043d\u044b\u0439 \u043a\u043b\u0443\u0431, \u043d\u0430\u0441\u0447\u0438\u0442\u044b\u0432\u0430\u044e\u0449\u0438\u0439 \u043e\u043a\u043e\u043b\u043e 1500 \u0447\u043b\u0435\u043d\u043e\u0432, \u044f\u0432\u043b\u044f\u0435\u0442\u0441\u044f \u043e\u0434\u043d\u0438\u043c \u0438\u0437 \u043a\u0440\u0443\u043f\u043d\u0435\u0439\u0448\u0438\u0445 \u043f\u043b\u0430\u0432\u0430\u0442\u0435\u043b\u044c\u043d\u044b\u0445 \u043a\u043b\u0443\u0431\u043e\u0432 \u0432 \u0411\u0430\u0432\u0430\u0440\u0438\u0438.<\/p>\n<p>\u0414\u043e\u043f\u043e\u043b\u043d\u0438\u0442\u0435\u043b\u044c\u043d\u0443\u044e \u0438\u043d\u0444\u043e\u0440\u043c\u0430\u0446\u0438\u044e \u043e \u0432\u0440\u0435\u043c\u0435\u043d\u0438 \u043e\u0431\u0443\u0447\u0435\u043d\u0438\u044f \u0438 \u043f\u0440\u0435\u0434\u043b\u043e\u0436\u0435\u043d\u0438\u044f\u0445 \u043c\u043e\u0436\u043d\u043e \u043f\u043e\u043b\u0443\u0447\u0438\u0442\u044c \u043f\u043e \u0442\u0435\u043b\u0435\u0444\u043e\u043d\u0443 0871 670 273 (\u0442\u043e\u043b\u044c\u043a\u043e \u0430\u0432\u0442\u043e\u043e\u0442\u0432\u0435\u0442\u0447\u0438\u043a), \u044d\u043b\u0435\u043a\u0442\u0440\u043e\u043d\u043d\u043e\u0439 \u043f\u043e\u0447\u0442\u0435. <a href=\"mailto:info@sc53-landshut.de\">info@sc53-landshut.de<\/a> \u0438\u043b\u0438 \u043f\u043e\u0434 <a href=\"http:\/\/www.sc53-landshut.de\" target=\"_blank\" rel=\"noopener noreferrer\">www.sc53-landshut.de<\/a>.<\/p>\n\n\t\t<\/div>\n\t<\/div>\n<\/div><\/div>\n\n\t\t\t<\/div><div class=\"ult_exp_section_layer ult-adjust-bottom-margin no-margin\" >\n\t\t<div id=\"uvc-exp-wrap-7809\" role=\"button\" tabindex=\"0\" aria-pressed=\"false\"  data-ultimate-target='#uvc-exp-wrap-7809'  data-responsive-json-new='{\"font-size\":\"desktop:20px;\",\"line-height\":\"desktop:24px;\"}'  class=\"ult_exp_section  ult-responsive\" style=\"color:#006fb4;background-color:#e6eef9; font-weight:normal; padding:0px;text-align:left;\" data-textcolor=\"#006fb4\"data-texthover=\"#006fb4\"data-icncolor=\"#006fb4\"data-ihover=\"#333333\"data-height=\"0\"data-cntbg=\"#e6eef9\"data-cnthvrbg=\"#e6eef9\"data-headerbg=\"#e6eef9\"data-headerhover=\"#e6eef9\"data-title=\"Wasserwacht\"data-newtitle=\"Wasserwacht\"data-icon=\"Defaults-caret-right\"data-newicon=\"Defaults-caret-down\"data-activeicon=\"#006fb4\"data-effect=\"slideToggle\"data-override=\"0\"data-activetitle=\"#006fb4\"data-activebg=\"#e6eef9\"data-img=\"\"data-newimg=\"\"><div class=\"ult_exp_section-main ult_expleft_icon\">\t<div class=\"ult-just-icon-wrapper ult_exp_icon\">\n\t\t\t\t\t<div class=\"align-icon\">\n\t\t\t\t\t\t\n<span class=\"aio-icon  none  ult_expsection_icon\"  style=\"color:#006fb4;font-size:22px;\">\n\t<i class=\"Defaults-caret-right ult_ex_icon\"  ><\/i>\n<\/span>\n\t\t\t\t\t<\/div>\n\t\t\t\t<\/div>\n\t\t\t\t<div class=\"ult_expheader\" >Wasserwacht\n\t\t\t\t<\/div>\n\t\t\t<\/div>\n\t\t<\/div><div class=\"ult_exp_content\" style=\"background-color:#f4f4f4;padding:0px;margin:0px;\"><div class=\"ult_ecpsub_cont\" style=\" \" >\n\t<div class=\"wpb_text_column wpb_content_element\" >\n\t\t<div class=\"wpb_wrapper\">\n\t\t\t<p>\u0414\u0435\u0432\u0438\u0437 Wasserwacht - \u043d\u0430\u0441\u043b\u0430\u0436\u0434\u0430\u0442\u044c\u0441\u044f \u0441\u043f\u043e\u0440\u0442\u043e\u043c \u0438 \u0434\u043e\u0441\u0442\u0430\u0432\u043b\u044f\u0442\u044c \u0443\u0434\u043e\u0432\u043e\u043b\u044c\u0441\u0442\u0432\u0438\u0435. \u041e\u0440\u0442\u0441\u0433\u0440\u0443\u043f\u043f\u0430 \u041b\u0430\u043d\u0434\u0441\u0445\u0443\u0442 \u0440\u0435\u0433\u0443\u043b\u044f\u0440\u043d\u043e \u0431\u0435\u0440\u0435\u0442 \u043f\u043b\u0430\u0432\u0430\u0442\u0435\u043b\u044c\u043d\u044b\u0435 \u0437\u043d\u0430\u0447\u043a\u0438 \u0432 \u0428\u0442\u0430\u0434\u0442\u0431\u0430\u0434\u0435 - \u043e\u0442 \u0440\u0430\u043d\u043d\u0438\u0445 \u043f\u043b\u043e\u0432\u0446\u043e\u0432 \u00ab\u043c\u043e\u0440\u0441\u043a\u0438\u0435 \u043a\u043e\u043d\u044c\u043a\u0438\u00bb \u0434\u043e \u0437\u043e\u043b\u043e\u0442\u043e\u0433\u043e \u043f\u043b\u0430\u0432\u0430\u0442\u0435\u043b\u044c\u043d\u043e\u0433\u043e \u0437\u043d\u0430\u043a\u0430. \u0421\u043a\u0438\u0434\u043a\u0438 \u043f\u0440\u043e\u0438\u0437\u0432\u043e\u0434\u044f\u0442\u0441\u044f \u0432 \u0441\u0435\u0437\u043e\u043d \u043f\u043e\u0434 \u043e\u0442\u043a\u0440\u044b\u0442\u044b\u043c \u043d\u0435\u0431\u043e\u043c \u043f\u043e \u0441\u0443\u0431\u0431\u043e\u0442\u0430\u043c, \u0432\u043e\u0441\u043a\u0440\u0435\u0441\u0435\u043d\u044c\u044f\u043c \u0438 \u0432 \u043f\u0440\u0430\u0437\u0434\u043d\u0438\u0447\u043d\u044b\u0435 \u0434\u043d\u0438, \u0441 13:30 \u0434\u043e 14:30, \u0430 \u0442\u0430\u043a\u0436\u0435 \u0432 \u0441\u0435\u0437\u043e\u043d \u043a\u0440\u044b\u0442\u044b\u0445 \u0431\u0430\u0441\u0441\u0435\u0439\u043d\u043e\u0432 \u043f\u043e \u043f\u0440\u0435\u0434\u0432\u0430\u0440\u0438\u0442\u0435\u043b\u044c\u043d\u043e\u0439 \u0437\u0430\u043f\u0438\u0441\u0438. \u0414\u043e\u043f\u043e\u043b\u043d\u0438\u0442\u0435\u043b\u044c\u043d\u0443\u044e \u0438\u043d\u0444\u043e\u0440\u043c\u0430\u0446\u0438\u044e \u043c\u043e\u0436\u043d\u043e \u043f\u043e\u043b\u0443\u0447\u0438\u0442\u044c \u043f\u043e \u0442\u0435\u043b\u0435\u0444\u043e\u043d\u0443 0871 1436 2232, E-Mail <a href=\"mailto:stadtbad@dev.stadtwerke-landshut.de\">stadtbad@dev.stadtwerke-landshut.de<\/a> \u0438\u043b\u0438 \u043f\u043e\u0434 <a href=\"http:\/\/www.wasserwacht-landshut.de\/\" target=\"_blank\" rel=\"noopener noreferrer\">www.wasserwacht-landshut.de<\/a>.<\/p>\n\n\t\t<\/div>\n\t<\/div>\n<div class=\"ult-spacer spacer-69f61f87abe0f\" data-id=\"69f61f87abe0f\" data-height=\"15\" data-height-mobile=\"15\" data-height-tab=\"15\" data-height-tab-portrait=\"\" data-height-mobile-landscape=\"\" style=\"clear:both;display:block;\"><\/div><\/div><\/div>\n\n\t\t\t<\/div><div class=\"ult-spacer spacer-69f61f87abe23\" data-id=\"69f61f87abe23\" data-height=\"30\" data-height-mobile=\"30\" data-height-tab=\"30\" data-height-tab-portrait=\"\" data-height-mobile-landscape=\"\" style=\"clear:both;display:block;\"><\/div><\/div><\/div><\/div><\/div><div class=\"vc_row-full-width vc_clearfix\"><\/div>\n<\/div>","protected":false},"excerpt":{"rendered":"Kneipp Verein Im Sommer ist der Kneipp-Winkel im Stadtbad der Treffpunkt f\u00fcr die Mitglieder des Kneipp-Vereins Landshut. In dem nur f\u00fcr Mitglieder zug\u00e4nglichen Bereich gibt es ein Wassertretbecken, ein Armbecken [...]","protected":false},"author":4,"featured_media":5700,"parent":54,"menu_order":0,"comment_status":"closed","ping_status":"closed","template":"","meta":{"_relevanssi_hide_post":"","_relevanssi_hide_content":"","_relevanssi_pin_for_all":"","_relevanssi_pin_keywords":"","_relevanssi_unpin_keywords":"","_relevanssi_related_keywords":"","_relevanssi_related_include_ids":"","_relevanssi_related_exclude_ids":"","_relevanssi_related_no_append":"","_relevanssi_related_not_related":"","_relevanssi_related_posts":"","_relevanssi_noindex_reason":"","footnotes":""},"class_list":["post-2473","page","type-page","status-publish","has-post-thumbnail","hentry"],"publishpress_future_action":{"enabled":false,"date":"2026-05-09 18:00:07","action":"change-status","newStatus":"draft","terms":[],"taxonomy":"","extraData":[]},"publishpress_future_workflow_manual_trigger":{"enabledWorkflows":[]},"_links":{"self":[{"href":"https:\/\/dev.stadtwerke-landshut.de\/ru\/wp-json\/wp\/v2\/pages\/2473","targetHints":{"allow":["GET"]}}],"collection":[{"href":"https:\/\/dev.stadtwerke-landshut.de\/ru\/wp-json\/wp\/v2\/pages"}],"about":[{"href":"https:\/\/dev.stadtwerke-landshut.de\/ru\/wp-json\/wp\/v2\/types\/page"}],"author":[{"embeddable":true,"href":"https:\/\/dev.stadtwerke-landshut.de\/ru\/wp-json\/wp\/v2\/users\/4"}],"replies":[{"embeddable":true,"href":"https:\/\/dev.stadtwerke-landshut.de\/ru\/wp-json\/wp\/v2\/comments?post=2473"}],"version-history":[{"count":13,"href":"https:\/\/dev.stadtwerke-landshut.de\/ru\/wp-json\/wp\/v2\/pages\/2473\/revisions"}],"predecessor-version":[{"id":5756,"href":"https:\/\/dev.stadtwerke-landshut.de\/ru\/wp-json\/wp\/v2\/pages\/2473\/revisions\/5756"}],"up":[{"embeddable":true,"href":"https:\/\/dev.stadtwerke-landshut.de\/ru\/wp-json\/wp\/v2\/pages\/54"}],"wp:featuredmedia":[{"embeddable":true,"href":"https:\/\/dev.stadtwerke-landshut.de\/ru\/wp-json\/wp\/v2\/media\/5700"}],"wp:attachment":[{"href":"https:\/\/dev.stadtwerke-landshut.de\/ru\/wp-json\/wp\/v2\/media?parent=2473"}],"curies":[{"name":"wp","href":"https:\/\/api.w.org\/{rel}","templated":true}]}}