{"id":45,"date":"2019-04-11T17:13:02","date_gmt":"2019-04-11T15:13:02","guid":{"rendered":"https:\/\/dev.stadtwerke-landshut.de\/?page_id=45"},"modified":"2025-05-21T12:02:40","modified_gmt":"2025-05-21T10:02:40","slug":"mobilitaet","status":"publish","type":"page","link":"https:\/\/dev.stadtwerke-landshut.de\/ru\/mobilitaet\/","title":{"rendered":"\u043c\u043e\u0431\u0438\u043b\u044c\u043d\u043e\u0441\u0442\u044c"},"content":{"rendered":"<div class=\"wpb-content-wrapper\"><div class=\"vc_row wpb_row vc_row-fluid\"><div class=\"wpb_column vc_column_container vc_col-sm-12\"><div class=\"vc_column-inner\"><div class=\"wpb_wrapper\">\n\t<div class=\"wpb_text_column wpb_content_element\" >\n\t\t<div class=\"wpb_wrapper\">\n\t\t\t\n\t\t<\/div>\n\t<\/div>\n<\/div><\/div><\/div><\/div><div class=\"vc_row wpb_row vc_row-fluid\"><div class=\"wpb_column vc_column_container vc_col-sm-12\"><div class=\"vc_column-inner\"><div class=\"wpb_wrapper\"><div class=\"ult-spacer spacer-69f62fc3ee6af\" data-id=\"69f62fc3ee6af\" data-height=\"15\" data-height-mobile=\"15\" data-height-tab=\"15\" data-height-tab-portrait=\"\" data-height-mobile-landscape=\"\" style=\"clear:both;display:block;\"><\/div><h2 style=\"text-align: left\" class=\"vc_custom_heading vc_do_custom_heading grau\" >\u0427\u0435\u0441\u0442\u043d\u044b\u0439, \u043d\u0430\u0434\u0435\u0436\u043d\u044b\u0439 \u0438 \u0440\u0435\u0433\u0438\u043e\u043d\u0430\u043b\u044c\u043d\u044b\u0439<\/h2>\n\t<div class=\"wpb_text_column wpb_content_element\" >\n\t\t<div class=\"wpb_wrapper\">\n\t\t\t<p>Als f\u00fchrender Dienstleister f\u00fcr Mobilit\u00e4t in Landshut bringen wir die Menschen in Landshut in Bewegung. Rund sechs Millionen Fahrg\u00e4ste lassen sich von uns bequem und sicher an ihr Ziel bringen.<\/p>\n\n\t\t<\/div>\n\t<\/div>\n<\/div><\/div><\/div><\/div><div data-vc-full-width=\"true\" data-vc-full-width-temp=\"true\" data-vc-full-width-init=\"false\" class=\"vc_row wpb_row vc_row-fluid\"><div class=\"wpb_column vc_column_container vc_col-sm-4\"><div class=\"vc_column-inner\"><div class=\"wpb_wrapper\"><div class=\"aio-icon-component   box-hellblau vorteilbox style_1\"><a class=\"aio-icon-box-link\" href=\"https:\/\/dev.stadtwerke-landshut.de\/ru\/mobilitaet\/busfahren\/\" title=\"\u0412\u043e\u0436\u0434\u0435\u043d\u0438\u0435 \u0430\u0432\u0442\u043e\u0431\u0443\u0441\u0430 \u0432 \u041b\u0430\u043d\u0434\u0441\u0445\u0443\u0442\" target=\"_blank\" rel=\"noopener\" ><div id=\"Info-box-wrap-6625\" class=\"aio-icon-box square_box-icon\" style=\"\"  ><div class=\"aio-icon-square_box\"><div class=\"ult-just-icon-wrapper\"><div class=\"align-icon\" style=\"text-align:center;\">\n<div class=\"aio-icon-img\" style=\"font-size:50px;background:#006fb9;border-style:solid;border-color:#ffffff;border-width:5px;padding:15px;border-radius:100px;display:inline-block;\" >\n\t<img decoding=\"async\" class=\"img-icon\" alt=\"null\" src=\"https:\/\/dev.stadtwerke-landshut.de\/wp-content\/uploads\/busfahren_icon.png\"\/>\n<\/div><\/div><\/div><\/div><div class=\"aio-icon-header\" ><h3 class=\"aio-icon-title ult-responsive\"  data-ultimate-target='#Info-box-wrap-6625 .aio-icon-title'  data-responsive-json-new='{\"font-size\":\"\",\"line-height\":\"\"}'  style=\"\">\u0430\u0432\u0442\u043e\u0431\u0443\u0441 \u043f\u0443\u0442\u0435\u0448\u0435\u0441\u0442\u0432\u0438\u044f<\/h3><\/div> <!-- header --><div class=\"aio-icon-description ult-responsive\"  data-ultimate-target='#Info-box-wrap-6625 .aio-icon-description'  data-responsive-json-new='{\"font-size\":\"\",\"line-height\":\"\"}'  style=\"\"><\/p>\r\n<p><span style=\"color: black;\">Einfach alles, was Sie zum Busfahren brauchen: Fahrplanauskunft, Fahrpl\u00e4ne, Preise und Fahrscheinarten.<\/span><\/p>\r\n<p><br \/>\u00bb\u0411\u043e\u043b\u044c\u0448\u0435 \u0438\u043d\u0444\u043e\u0440\u043c\u0430\u0446\u0438\u0438<\/div> <!-- description --><\/div> <!-- aio-icon-box --><\/a><\/div> <!-- aio-icon-component --><\/div><\/div><\/div><div class=\"wpb_column vc_column_container vc_col-sm-4\"><div class=\"vc_column-inner\"><div class=\"wpb_wrapper\"><div class=\"aio-icon-component   box-hellblau vorteilbox style_1\"><a class=\"aio-icon-box-link\" href=\"https:\/\/dev.stadtwerke-landshut.de\/ru\/mobilitaet\/parkhaeuser\/\" title=\"Parken in Landshut\" target=\"_blank\" rel=\"noopener\" ><div id=\"Info-box-wrap-7445\" class=\"aio-icon-box square_box-icon\" style=\"\"  ><div class=\"aio-icon-square_box\"><div class=\"ult-just-icon-wrapper\"><div class=\"align-icon\" style=\"text-align:center;\">\n<div class=\"aio-icon-img\" style=\"font-size:50px;background:#006fb9;border-style:solid;border-color:#ffffff;border-width:5px;padding:15px;border-radius:100px;display:inline-block;\" >\n\t<img decoding=\"async\" class=\"img-icon\" alt=\"null\" src=\"https:\/\/dev.stadtwerke-landshut.de\/wp-content\/uploads\/parkhaus_icon.png\"\/>\n<\/div><\/div><\/div><\/div><div class=\"aio-icon-header\" ><h3 class=\"aio-icon-title ult-responsive\"  data-ultimate-target='#Info-box-wrap-7445 .aio-icon-title'  data-responsive-json-new='{\"font-size\":\"\",\"line-height\":\"\"}'  style=\"\">\u041f\u0430\u0440\u043a \u0434\u043e\u043c\u0430<\/h3><\/div> <!-- header --><div class=\"aio-icon-description ult-responsive\"  data-ultimate-target='#Info-box-wrap-7445 .aio-icon-description'  data-responsive-json-new='{\"font-size\":\"\",\"line-height\":\"\"}'  style=\"\"><\/p>\r\n<p><span style=\"color: black;\">\u0412 \u0441\u0430\u043c\u043e\u043c \u0441\u0435\u0440\u0434\u0446\u0435 \u041b\u0430\u043d\u0434\u0441\u0445\u0443\u0442 \u0432\u044b \u043c\u043e\u0436\u0435\u0442\u0435 \u043e\u0441\u0442\u0430\u0432\u0438\u0442\u044c \u043d\u0430\u0448\u0438 \u0430\u0432\u0442\u043e\u0441\u0442\u043e\u044f\u043d\u043a\u0438 Altstadt \/ Zentrum \u0438 An der Freyung.<\/span><\/p>\r\n<p><br \/>\u00bb\u0411\u043e\u043b\u044c\u0448\u0435 \u0438\u043d\u0444\u043e\u0440\u043c\u0430\u0446\u0438\u0438<\/div> <!-- description --><\/div> <!-- aio-icon-box --><\/a><\/div> <!-- aio-icon-component --><\/div><\/div><\/div><div class=\"wpb_column vc_column_container vc_col-sm-4\"><div class=\"vc_column-inner\"><div class=\"wpb_wrapper\"><div class=\"aio-icon-component   box-hellblau vorteilbox style_1\"><a class=\"aio-icon-box-link\" href=\"https:\/\/dev.stadtwerke-landshut.de\/ru\/mobilitaet\/carsharing\/\" title=\"zu den Carsharing Anbietern\" target=\"_blank\" rel=\"noopener\" ><div id=\"Info-box-wrap-4723\" class=\"aio-icon-box square_box-icon\" style=\"\"  ><div class=\"aio-icon-square_box\"><div class=\"ult-just-icon-wrapper\"><div class=\"align-icon\" style=\"text-align:center;\">\n<div class=\"aio-icon-img\" style=\"font-size:50px;background:#006fb9;border-style:solid;border-color:#ffffff;border-width:5px;padding:15px;border-radius:100px;display:inline-block;\" >\n\t<img decoding=\"async\" class=\"img-icon\" alt=\"null\" src=\"https:\/\/dev.stadtwerke-landshut.de\/wp-content\/uploads\/carsharing_icon2.png\"\/>\n<\/div><\/div><\/div><\/div><div class=\"aio-icon-header\" ><h3 class=\"aio-icon-title ult-responsive\"  data-ultimate-target='#Info-box-wrap-4723 .aio-icon-title'  data-responsive-json-new='{\"font-size\":\"\",\"line-height\":\"\"}'  style=\"\">Carsharing<\/h3><\/div> <!-- header --><div class=\"aio-icon-description ult-responsive\"  data-ultimate-target='#Info-box-wrap-4723 .aio-icon-description'  data-responsive-json-new='{\"font-size\":\"\",\"line-height\":\"\"}'  style=\"\"><\/p>\r\n<p><span style=\"color: black;\">\u0412\u043b\u0430\u0434\u0435\u043b\u044c\u0446\u044b \u043f\u043e\u043b\u0443\u0433\u043e\u0434\u043e\u0432\u044b\u0445 \u0438 \u0433\u043e\u0434\u043e\u0432\u044b\u0445 \u043a\u0430\u0440\u0442 \u0432\u044b\u0438\u0433\u0440\u044b\u0432\u0430\u044e\u0442 \u043e\u0442 \u043d\u0430\u0448\u0435\u0433\u043e \u0441\u043e\u0442\u0440\u0443\u0434\u043d\u0438\u0447\u0435\u0441\u0442\u0432\u0430 \u0441 \u0434\u0432\u0443\u043c\u044f \u043f\u043e\u0441\u0442\u0430\u0432\u0449\u0438\u043a\u0430\u043c\u0438 \u0443\u0441\u043b\u0443\u0433 \u0441\u043e\u0432\u043c\u0435\u0441\u0442\u043d\u043e\u0433\u043e \u0438\u0441\u043f\u043e\u043b\u044c\u0437\u043e\u0432\u0430\u043d\u0438\u044f \u0430\u0432\u0442\u043e\u043c\u043e\u0431\u0438\u043b\u0435\u0439.<\/span><\/p>\r\n<p><br \/>\u00bb\u0411\u043e\u043b\u044c\u0448\u0435 \u0438\u043d\u0444\u043e\u0440\u043c\u0430\u0446\u0438\u0438<\/div> <!-- description --><\/div> <!-- aio-icon-box --><\/a><\/div> <!-- aio-icon-component --><\/div><\/div><\/div><\/div><div class=\"vc_row-full-width vc_clearfix\"><\/div><\/div>","protected":false},"excerpt":{"rendered":"Fair, zuverl\u00e4ssig und regional Als f\u00fchrender Dienstleister f\u00fcr Mobilit\u00e4t in Landshut bringen wir die Menschen in Landshut in Bewegung. Rund sechs Millionen Fahrg\u00e4ste lassen sich von uns bequem und sicher [...]","protected":false},"author":1,"featured_media":5677,"parent":0,"menu_order":0,"comment_status":"closed","ping_status":"closed","template":"","meta":{"_relevanssi_hide_post":"","_relevanssi_hide_content":"","_relevanssi_pin_for_all":"","_relevanssi_pin_keywords":"","_relevanssi_unpin_keywords":"","_relevanssi_related_keywords":"","_relevanssi_related_include_ids":"","_relevanssi_related_exclude_ids":"","_relevanssi_related_no_append":"","_relevanssi_related_not_related":"","_relevanssi_related_posts":"","_relevanssi_noindex_reason":"","footnotes":""},"class_list":["post-45","page","type-page","status-publish","has-post-thumbnail","hentry"],"publishpress_future_action":{"enabled":false,"date":"2026-05-09 19:09:23","action":"change-status","newStatus":"draft","terms":[],"taxonomy":"","extraData":[]},"publishpress_future_workflow_manual_trigger":{"enabledWorkflows":[]},"_links":{"self":[{"href":"https:\/\/dev.stadtwerke-landshut.de\/ru\/wp-json\/wp\/v2\/pages\/45","targetHints":{"allow":["GET"]}}],"collection":[{"href":"https:\/\/dev.stadtwerke-landshut.de\/ru\/wp-json\/wp\/v2\/pages"}],"about":[{"href":"https:\/\/dev.stadtwerke-landshut.de\/ru\/wp-json\/wp\/v2\/types\/page"}],"author":[{"embeddable":true,"href":"https:\/\/dev.stadtwerke-landshut.de\/ru\/wp-json\/wp\/v2\/users\/1"}],"replies":[{"embeddable":true,"href":"https:\/\/dev.stadtwerke-landshut.de\/ru\/wp-json\/wp\/v2\/comments?post=45"}],"version-history":[{"count":41,"href":"https:\/\/dev.stadtwerke-landshut.de\/ru\/wp-json\/wp\/v2\/pages\/45\/revisions"}],"predecessor-version":[{"id":26713,"href":"https:\/\/dev.stadtwerke-landshut.de\/ru\/wp-json\/wp\/v2\/pages\/45\/revisions\/26713"}],"wp:featuredmedia":[{"embeddable":true,"href":"https:\/\/dev.stadtwerke-landshut.de\/ru\/wp-json\/wp\/v2\/media\/5677"}],"wp:attachment":[{"href":"https:\/\/dev.stadtwerke-landshut.de\/ru\/wp-json\/wp\/v2\/media?parent=45"}],"curies":[{"name":"wp","href":"https:\/\/api.w.org\/{rel}","templated":true}]}}