{"id":15,"date":"2019-04-11T11:36:52","date_gmt":"2019-04-11T09:36:52","guid":{"rendered":"https:\/\/dev.stadtwerke-landshut.de\/?page_id=15"},"modified":"2025-05-21T13:16:44","modified_gmt":"2025-05-21T11:16:44","slug":"energie","status":"publish","type":"page","link":"https:\/\/dev.stadtwerke-landshut.de\/tr\/energie\/","title":{"rendered":"enerji"},"content":{"rendered":"<div class=\"wpb-content-wrapper\"><div data-vc-full-width=\"true\" data-vc-full-width-temp=\"true\" data-vc-full-width-init=\"false\" class=\"vc_row wpb_row vc_row-fluid\"><div class=\"wpb_column vc_column_container vc_col-sm-12\"><div class=\"vc_column-inner\"><div class=\"wpb_wrapper\"><div class=\"vc_empty_space\"   style=\"height: 15px\"><span class=\"vc_empty_space_inner\"><\/span><\/div><\/div><\/div><\/div><\/div><div class=\"vc_row-full-width vc_clearfix\"><\/div><div data-vc-full-width=\"true\" data-vc-full-width-temp=\"true\" data-vc-full-width-init=\"false\" class=\"vc_row wpb_row vc_row-fluid\"><div class=\"wpb_column vc_column_container vc_col-sm-12\"><div class=\"vc_column-inner\"><div class=\"wpb_wrapper\"><h2 style=\"text-align: left\" class=\"vc_custom_heading vc_do_custom_heading grau\" >Adil, g\u00fcvenilir ve b\u00f6lgesel<\/h2>\n\t<div class=\"wpb_text_column wpb_content_element\" >\n\t\t<div class=\"wpb_wrapper\">\n\t\t\t<p><span data-contrast=\"auto\">B\u00f6lgesel bir enerji tedarik\u00e7isi olarak, \u015fehir ve il\u00e7eye s\u0131k\u0131ca ba\u011fl\u0131y\u0131z ve b\u00f6lgenin ekonomik ve \u00e7evresel geli\u015fimine \u00f6nemli katk\u0131larda bulunuyoruz. \u0130kimizde buna sahibiz <\/span><span data-contrast=\"auto\">bug\u00fcn<\/span><span data-contrast=\"auto\"> hem de kalbinde sabah. Bu nedenle yenilenebilir enerjilerin ve s\u00fcrd\u00fcr\u00fclebilir enerjinin geli\u015ftirilmesine kendimizi adad\u0131k <\/span><span data-contrast=\"auto\">Lebensquali\u00e4t<\/span><span data-contrast=\"auto\"> Landshut\u2019ta Bir m\u00fc\u015fteri olarak ve s\u00fcrd\u00fcr\u00fclebilir enerji \u00fcr\u00fcnlerimizin se\u00e7imi ile siz de bu felsefeyi destekliyorsunuz.<\/span><span data-ccp-props=\"{&quot;201341983&quot;:0,&quot;335559739&quot;:200,&quot;335559740&quot;:276}\">\u00a0<\/span><\/p>\n\n\t\t<\/div>\n\t<\/div>\n<\/div><\/div><\/div><\/div><div class=\"vc_row-full-width vc_clearfix\"><\/div><div data-vc-full-width=\"true\" data-vc-full-width-temp=\"true\" data-vc-full-width-init=\"false\" class=\"vc_row wpb_row vc_row-fluid\"><div class=\"wpb_column vc_column_container vc_col-sm-6\"><div class=\"vc_column-inner\"><div class=\"wpb_wrapper\"><div class=\"aio-icon-component   box-hellblau style_1\"><a class=\"aio-icon-box-link\" href=\"https:\/\/dev.stadtwerke-landshut.de\/tr\/strom\/\" title=\"Zu unseren Stromangeboten\" target=\"_blank\" rel=\"noopener\" ><div id=\"Info-box-wrap-6917\" class=\"aio-icon-box square_box-icon\" style=\"\"  ><div class=\"aio-icon-square_box\"><div class=\"ult-just-icon-wrapper\"><div class=\"align-icon\" style=\"text-align:center;\">\n<div class=\"aio-icon-img\" style=\"font-size:60px;background:#006fb9;border-style:solid;border-color:#ffffff;border-width:5px;padding:10px;border-radius:100px;display:inline-block;\" >\n\t<img decoding=\"async\" class=\"img-icon\" alt=\"null\" src=\"https:\/\/dev.stadtwerke-landshut.de\/wp-content\/uploads\/strom_icon.png\"\/>\n<\/div><\/div><\/div><\/div><div class=\"aio-icon-header\" ><h3 class=\"aio-icon-title ult-responsive\"  data-ultimate-target='#Info-box-wrap-6917 .aio-icon-title'  data-responsive-json-new='{\"font-size\":\"\",\"line-height\":\"\"}'  style=\"\">\u015fimdiki<\/h3><\/div> <!-- header --><div class=\"aio-icon-description ult-responsive\"  data-ultimate-target='#Info-box-wrap-6917 .aio-icon-description'  data-responsive-json-new='{\"font-size\":\"\",\"line-height\":\"\"}'  style=\"\"><span style=\"color: black;\">Fiyat bilin\u00e7li veya ekolojik olsun - \u00e7e\u015fitli elektrik tekliflerimizle bir\u00e7ok dile\u011fi yerine getirebiliriz. Hem \u015fehir b\u00f6lgesinde hem de \u00e7evresinde.<\/span><\/p>\n<p>\u00bbDaha fazla bilgi<\/div> <!-- description --><\/div> <!-- aio-icon-box --><\/a><\/div> <!-- aio-icon-component --><\/div><\/div><\/div><div class=\"wpb_column vc_column_container vc_col-sm-6\"><div class=\"vc_column-inner\"><div class=\"wpb_wrapper\"><div class=\"aio-icon-component   box-hellblau style_1\"><a class=\"aio-icon-box-link\" href=\"https:\/\/dev.stadtwerke-landshut.de\/tr\/energie\/erdgas\/\" title=\"Zu unseren Erdgasangeboten\" target=\"_blank\" rel=\"noopener\" ><div id=\"Info-box-wrap-3630\" class=\"aio-icon-box square_box-icon\" style=\"\"  ><div class=\"aio-icon-square_box\"><div class=\"ult-just-icon-wrapper\"><div class=\"align-icon\" style=\"text-align:center;\">\n<div class=\"aio-icon-img\" style=\"font-size:60px;background:#006fb9;border-style:solid;border-color:#ffffff;border-width:5px;padding:10px;border-radius:100px;display:inline-block;\" >\n\t<img decoding=\"async\" class=\"img-icon\" alt=\"Icon Erdgas\" src=\"https:\/\/dev.stadtwerke-landshut.de\/wp-content\/uploads\/erdgas_icon.png\"\/>\n<\/div><\/div><\/div><\/div><div class=\"aio-icon-header\" ><h3 class=\"aio-icon-title ult-responsive\"  data-ultimate-target='#Info-box-wrap-3630 .aio-icon-title'  data-responsive-json-new='{\"font-size\":\"\",\"line-height\":\"\"}'  style=\"\">do\u011fal gaz<\/h3><\/div> <!-- header --><div class=\"aio-icon-description ult-responsive\"  data-ultimate-target='#Info-box-wrap-3630 .aio-icon-description'  data-responsive-json-new='{\"font-size\":\"\",\"line-height\":\"\"}'  style=\"\"><span style=\"color: black;\">Is\u0131tma maliyetlerinden tasarruf edin, maksimum tedarik g\u00fcvenli\u011fi ve servis konforunun tad\u0131n\u0131 \u00e7\u0131kar\u0131n ve iste\u011fe ba\u011fl\u0131 olarak iklim koruma projelerini destekleyin - do\u011fal gaz tarifelerimizi kar\u015f\u0131la\u015ft\u0131r\u0131n.<\/span><\/p>\n<p>\u00bbDaha fazla bilgi<\/div> <!-- description --><\/div> <!-- aio-icon-box --><\/a><\/div> <!-- aio-icon-component --><\/div><\/div><\/div><\/div><div class=\"vc_row-full-width vc_clearfix\"><\/div><div data-vc-full-width=\"true\" data-vc-full-width-temp=\"true\" data-vc-full-width-init=\"false\" class=\"vc_row wpb_row vc_row-fluid\"><div class=\"wpb_column vc_column_container vc_col-sm-6\"><div class=\"vc_column-inner\"><div class=\"wpb_wrapper\"><div class=\"aio-icon-component   box-hellblau vorteilbox style_1\"><a class=\"aio-icon-box-link\" href=\"https:\/\/dev.stadtwerke-landshut.de\/tr\/energie\/fernwaerme\/\" title=\"Unsere Fernw\u00e4rme Angebote\" target=\"_blank\" rel=\"noopener\" ><div id=\"Info-box-wrap-5800\" class=\"aio-icon-box square_box-icon\" style=\"\"  ><div class=\"aio-icon-square_box\"><div class=\"ult-just-icon-wrapper\"><div class=\"align-icon\" style=\"text-align:center;\">\n<div class=\"aio-icon-img\" style=\"font-size:60px;background:#006fb9;border-style:solid;border-color:#ffffff;border-width:5px;padding:10px;border-radius:100px;display:inline-block;\" >\n\t<img decoding=\"async\" class=\"img-icon\" alt=\"Icon Fernw\u00e4rme\" src=\"https:\/\/dev.stadtwerke-landshut.de\/wp-content\/uploads\/fernwaerme_icon.png\"\/>\n<\/div><\/div><\/div><\/div><div class=\"aio-icon-header\" ><h3 class=\"aio-icon-title ult-responsive\"  data-ultimate-target='#Info-box-wrap-5800 .aio-icon-title'  data-responsive-json-new='{\"font-size\":\"\",\"line-height\":\"\"}'  style=\"\">merkezi \u0131s\u0131tma<\/h3><\/div> <!-- header --><div class=\"aio-icon-description ult-responsive\"  data-ultimate-target='#Info-box-wrap-5800 .aio-icon-description'  data-responsive-json-new='{\"font-size\":\"\",\"line-height\":\"\"}'  style=\"\"><span style=\"color: black;\">Tek bir kaynaktan gelen iklim korumal\u0131 konfor - bu, Landshut b\u00f6lgesel \u0131s\u0131tma sistemidir. B\u00f6lgesel \u0131s\u0131tma ba\u011flant\u0131s\u0131na giden yol burada bulunabilir.<\/span><\/p>\n<p>\u00bbDaha fazla bilgi<\/div> <!-- description --><\/div> <!-- aio-icon-box --><\/a><\/div> <!-- aio-icon-component --><\/div><\/div><\/div><div class=\"wpb_column vc_column_container vc_col-sm-6\"><div class=\"vc_column-inner\"><div class=\"wpb_wrapper\"><div class=\"aio-icon-component   box-hellblau vorteilbox style_1\"><a class=\"aio-icon-box-link\" href=\"https:\/\/dev.stadtwerke-landshut.de\/tr\/energie\/energiedienste\/\" title=\"Tipps zu Energiefressern\" target=\"_blank\" rel=\"noopener\" ><div id=\"Info-box-wrap-3458\" class=\"aio-icon-box square_box-icon\" style=\"\"  ><div class=\"aio-icon-square_box\"><div class=\"ult-just-icon-wrapper\"><div class=\"align-icon\" style=\"text-align:center;\">\n<div class=\"aio-icon-img\" style=\"font-size:60px;background:#006fb9;border-style:solid;border-color:#ffffff;border-width:5px;padding:10px;border-radius:100px;display:inline-block;\" >\n\t<img decoding=\"async\" class=\"img-icon\" alt=\"Icon zur Energieberatung\" src=\"https:\/\/dev.stadtwerke-landshut.de\/wp-content\/uploads\/energieberatung_icon.png\"\/>\n<\/div><\/div><\/div><\/div><div class=\"aio-icon-header\" ><h3 class=\"aio-icon-title ult-responsive\"  data-ultimate-target='#Info-box-wrap-3458 .aio-icon-title'  data-responsive-json-new='{\"font-size\":\"\",\"line-height\":\"\"}'  style=\"\">enerji hizmetleri<\/h3><\/div> <!-- header --><div class=\"aio-icon-description ult-responsive\"  data-ultimate-target='#Info-box-wrap-3458 .aio-icon-description'  data-responsive-json-new='{\"font-size\":\"\",\"line-height\":\"\"}'  style=\"\"><span style=\"color: black;\">Konforunu kaybetmeden enerji tasarrufu yapman\u0131n bir\u00e7ok yolu vard\u0131r. Enerji belirte\u00e7lerini bulman\u0131n yollar\u0131n\u0131 g\u00f6steririz.<\/span><\/p>\n<p>\u00bbDaha fazla bilgi<\/div> <!-- description --><\/div> <!-- aio-icon-box --><\/a><\/div> <!-- aio-icon-component --><\/div><\/div><\/div><\/div><div class=\"vc_row-full-width vc_clearfix\"><\/div><div data-vc-full-width=\"true\" data-vc-full-width-temp=\"true\" data-vc-full-width-init=\"false\" class=\"vc_row wpb_row vc_row-fluid\"><div class=\"wpb_column vc_column_container vc_col-sm-12\"><div class=\"vc_column-inner\"><div class=\"wpb_wrapper\"><div class=\"ult-spacer spacer-69f61e185bf75\" data-id=\"69f61e185bf75\" data-height=\"200\" data-height-mobile=\"50\" data-height-tab=\"\" data-height-tab-portrait=\"\" data-height-mobile-landscape=\"100\" style=\"clear:both;display:block;\"><\/div><h2 style=\"text-align: center\" class=\"vc_custom_heading vc_do_custom_heading weiss\" >\u015eehir havuzunda g\u00fcnl\u00fck hayattan k\u0131sa mola<\/h2>\n\t<div class=\"wpb_text_column wpb_content_element weiss\" >\n\t\t<div class=\"wpb_wrapper\">\n\t\t\t<h4 style=\"text-align: center;\">F\u00fcr 13,00 \u20ac Sauna und Hallenbad genie\u00dfen (Tagespreis), solange Sie wollen!<\/h4>\n\n\t\t<\/div>\n\t<\/div>\n<div class=\"ult-spacer spacer-69f61e185c14a\" data-id=\"69f61e185c14a\" data-height=\"15\" data-height-mobile=\"15\" data-height-tab=\"15\" data-height-tab-portrait=\"\" data-height-mobile-landscape=\"\" style=\"clear:both;display:block;\"><\/div><div class=\"vc_btn3-container vc_btn3-center vc_do_btn\" ><a class=\"vc_general vc_btn3 vc_btn3-size-md vc_btn3-shape-square vc_btn3-style-outline vc_btn3-icon-left vc_btn3-color-default\" href=\"https:\/\/dev.stadtwerke-landshut.de\/tr\/stadtbad\/sauna-wellness\/\" title=\"Stadtbad Landshut\"><i class=\"vc_btn3-icon fa fa-angle-double-right\"><\/i> \u015eimdi saunam\u0131z\u0131 tan\u0131y\u0131n<\/a><\/div><div class=\"ult-spacer spacer-69f61e185c378\" data-id=\"69f61e185c378\" data-height=\"200\" data-height-mobile=\"50\" data-height-tab=\"\" data-height-tab-portrait=\"\" data-height-mobile-landscape=\"100\" style=\"clear:both;display:block;\"><\/div><\/div><\/div><\/div><\/div><div class=\"vc_row-full-width vc_clearfix\"><\/div><!-- Row Backgrounds --><div class=\"upb_bg_img\" data-ultimate-bg=\"url(https:\/\/dev.stadtwerke-landshut.de\/wp-content\/uploads\/190304_Saunanacht.jpg)\" data-image-id=\"id^4527|url^https:\/\/dev.stadtwerke-landshut.de\/wp-content\/uploads\/190304_Saunanacht.jpg|caption^null|alt^null|title^190304_Saunanacht|description^null\" data-ultimate-bg-style=\"vcpb-default\" data-bg-img-repeat=\"repeat\" data-bg-img-size=\"cover\" data-bg-img-position=\"\" data-parallx_sense=\"30\" data-bg-override=\"0\" data-bg_img_attach=\"scroll\" data-upb-overlay-color=\"rgba(0,0,0,0.45)\" data-upb-bg-animation=\"\" data-fadeout=\"\" data-bg-animation=\"left-animation\" data-bg-animation-type=\"h\" data-animation-repeat=\"repeat\" data-fadeout-percentage=\"30\" data-parallax-content=\"\" data-parallax-content-sense=\"30\" data-row-effect-mobile-disable=\"true\" data-img-parallax-mobile-disable=\"true\" data-rtl=\"false\"  data-custom-vc-row=\"\"  data-vc=\"8.7.2\"  data-is_old_vc=\"\"  data-theme-support=\"\"   data-overlay=\"true\" data-overlay-color=\"rgba(0,0,0,0.45)\" data-overlay-pattern=\"\" data-overlay-pattern-opacity=\"0.8\" data-overlay-pattern-size=\"\" data-overlay-pattern-attachment=\"scroll\"    ><\/div>\n<\/div>","protected":false},"excerpt":{"rendered":"Fair, zuverl\u00e4ssig und regional Als regionaler Energieversorger sind wir in Stadt und Landkreis fest verwurzelt und tragen einen erheblichen Anteil an der wirtschaftlichen und \u00f6kologischen Entwicklung der Region bei. Uns [...]","protected":false},"author":1,"featured_media":1466,"parent":0,"menu_order":0,"comment_status":"closed","ping_status":"closed","template":"","meta":{"_relevanssi_hide_post":"","_relevanssi_hide_content":"","_relevanssi_pin_for_all":"","_relevanssi_pin_keywords":"","_relevanssi_unpin_keywords":"","_relevanssi_related_keywords":"","_relevanssi_related_include_ids":"","_relevanssi_related_exclude_ids":"","_relevanssi_related_no_append":"","_relevanssi_related_not_related":"","_relevanssi_related_posts":"","_relevanssi_noindex_reason":"","footnotes":""},"class_list":["post-15","page","type-page","status-publish","has-post-thumbnail","hentry"],"publishpress_future_action":{"enabled":false,"date":"2026-05-09 17:54:00","action":"change-status","newStatus":"draft","terms":[],"taxonomy":"","extraData":[]},"publishpress_future_workflow_manual_trigger":{"enabledWorkflows":[]},"_links":{"self":[{"href":"https:\/\/dev.stadtwerke-landshut.de\/tr\/wp-json\/wp\/v2\/pages\/15","targetHints":{"allow":["GET"]}}],"collection":[{"href":"https:\/\/dev.stadtwerke-landshut.de\/tr\/wp-json\/wp\/v2\/pages"}],"about":[{"href":"https:\/\/dev.stadtwerke-landshut.de\/tr\/wp-json\/wp\/v2\/types\/page"}],"author":[{"embeddable":true,"href":"https:\/\/dev.stadtwerke-landshut.de\/tr\/wp-json\/wp\/v2\/users\/1"}],"replies":[{"embeddable":true,"href":"https:\/\/dev.stadtwerke-landshut.de\/tr\/wp-json\/wp\/v2\/comments?post=15"}],"version-history":[{"count":44,"href":"https:\/\/dev.stadtwerke-landshut.de\/tr\/wp-json\/wp\/v2\/pages\/15\/revisions"}],"predecessor-version":[{"id":26718,"href":"https:\/\/dev.stadtwerke-landshut.de\/tr\/wp-json\/wp\/v2\/pages\/15\/revisions\/26718"}],"wp:featuredmedia":[{"embeddable":true,"href":"https:\/\/dev.stadtwerke-landshut.de\/tr\/wp-json\/wp\/v2\/media\/1466"}],"wp:attachment":[{"href":"https:\/\/dev.stadtwerke-landshut.de\/tr\/wp-json\/wp\/v2\/media?parent=15"}],"curies":[{"name":"wp","href":"https:\/\/api.w.org\/{rel}","templated":true}]}}